{"id":660003,"date":"2025-04-29T04:53:47","date_gmt":"2025-04-29T03:53:47","guid":{"rendered":"https:\/\/shop.kustom.ch\/?post_type=product&#038;p=660003"},"modified":"2026-03-31T09:03:19","modified_gmt":"2026-03-31T08:03:19","slug":"shell-jacke-high-vis","status":"publish","type":"product","link":"https:\/\/shop.kustom.ch\/fr\/produit\/shell-jacke-high-vis\/","title":{"rendered":"Veste Shell haute visibilit\u00e9"},"content":{"rendered":"<p>Veste r\u00e9sistante High Vis Shell avec coutures scell\u00e9es et tissu ext\u00e9rieur coupe-vent et imperm\u00e9able qui prot\u00e8ge du vent, de l'humidit\u00e9 et de l'abrasion de surface. La veste est dot\u00e9e d'une fine doublure en filet et d'une fermeture \u00e0 glissi\u00e8re cach\u00e9e dans le dos qui assure une ventilation suppl\u00e9mentaire si n\u00e9cessaire. Peut \u00eatre compl\u00e9t\u00e9e par une capuche en tissu haute visibilit\u00e9 avec boutons-pression (2166 avec doublure en filet, 2165 avec doublure l\u00e9g\u00e8re ou 2175 avec casque). Existe aussi en mod\u00e8le femme 4761.<\/p>\n<p>FONCTIONNALIT\u00c9 : A\u00e9ration dans le dos. Tissu coupe-vent &amp; imperm\u00e9able avec respirabilit\u00e9, coutures soud\u00e9es. Manches pr\u00e9form\u00e9es. D\u00c9TAILS : Anneau en D. Logo imprim\u00e9 sur la poitrine. Capuche amovible et r\u00e9glable (vendue s\u00e9par\u00e9ment, art. n\u00b0 2165, 2166, 2175). Fermeture \u00e0 glissi\u00e8re dans la doublure, pour une finition textile facile. POCHES : poches de poitrine avec fermeture \u00e0 glissi\u00e8re. Poche int\u00e9rieure avec fermeture \u00e9clair. Poches lat\u00e9rales avec fermeture \u00e9clair. FERMETURE FRONTALE : Fermeture \u00e0 glissi\u00e8re en plastique. REFLEX : Bandes r\u00e9fl\u00e9chissantes de transfert. D\u00e9tails r\u00e9fl\u00e9chissants. Mat\u00e9riau r\u00e9fl\u00e9chissant sur le torse, les manches et les \u00e9paules. FERMETURE : Poignets int\u00e9rieurs avec trou pour le pouce. Poignets r\u00e9glables avec fermeture velcro. Taille r\u00e9glable avec cordon de serrage. INSTRUCTIONS DE LAVAGE : Nombre de lavages : 25. 40\u00b0 C. Ne pas blanchir. Ne pas repasser. Ne pas nettoyer \u00e0 sec. Ne pas essorer. ACTIVIT\u00c9S PRINCIPALES : Couvreur. Conducteur . Travailleurs manuels. Travailleurs de la route et du b\u00e2timent. EN 343. EN ISO 20471. TISSU : Disponible pour hommes et femmes. Hommes. Bleu. Gris. Jaune haute visibilit\u00e9. Orange haute visibilit\u00e9. Respirabilit\u00e9. imperm\u00e9able. coupe-vent. Protection contre la haute visibilit\u00e9. USP : respirant. Larges bandes r\u00e9fl\u00e9chissantes. Doublure l\u00e9g\u00e8re. Fermeture \u00e9clair dans la doublure permettant le profilage. Dos rallong\u00e9. Manches pr\u00e9form\u00e9es. Imperm\u00e9able au vent et \u00e0 l'eau. CERTIFICATION : EN 343, classe 4,2. EN ISO 20471 XS-S classe 2, M classe 3. Groupe de certification C -&gt;M<\/p>\n<p>100% Polyester, Oxford, enduit, imperm\u00e9able 15.000 mm, coupe-vent, respirant Ret 8,5, 200g\/m<\/p>","protected":false},"excerpt":{"rendered":"<p>Strapazierf\u00e4hige High Vis Shell Jacke mit versiegelten N\u00e4hten und wind- und wasserdichtem Aussenmaterial, das vor Wind, N\u00e4sse und Oberfl\u00e4chenabrieb sch\u00fctzt. Die Jacke hat ein d\u00fcnnes Netzfutter und versteckten Reissverschluss am R\u00fccken, der bei Bedarf f\u00fcr zus\u00e4tzliche Bel\u00fcftung sorgt. Kann mit einer Kapuze aus High Vis Gewebe mit Druckkn\u00f6pfen erg\u00e4nzt werden (2166 mit Netzfutter, 2165 mit [&hellip;]<\/p>\n","protected":false},"featured_media":660045,"template":"","meta":[],"product_brand":[],"product_cat":[4186],"product_tag":[],"class_list":{"0":"post-660003","1":"product","2":"type-product","3":"status-publish","4":"has-post-thumbnail","6":"product_cat-jacken","7":"pa_brand-blaklaeder","8":"pa_brand-type-workwear","9":"pa_filter-color-blau","10":"pa_filter-color-gelb","11":"pa_filter-color-orange","12":"pa_filter-color-rot","13":"pa_filter-color-schwarz","15":"first","16":"instock","17":"sale","18":"taxable","19":"shipping-taxable","20":"purchasable","21":"product-type-variable","22":"add-to-wishlist-before_image"},"exclude_global_add_ons":[],"addons":[],"acf":[],"_links":{"self":[{"href":"https:\/\/shop.kustom.ch\/fr\/wp-json\/wp\/v2\/product\/660003"}],"collection":[{"href":"https:\/\/shop.kustom.ch\/fr\/wp-json\/wp\/v2\/product"}],"about":[{"href":"https:\/\/shop.kustom.ch\/fr\/wp-json\/wp\/v2\/types\/product"}],"wp:featuredmedia":[{"embeddable":true,"href":"https:\/\/shop.kustom.ch\/fr\/wp-json\/wp\/v2\/media\/660045"}],"wp:attachment":[{"href":"https:\/\/shop.kustom.ch\/fr\/wp-json\/wp\/v2\/media?parent=660003"}],"wp:term":[{"taxonomy":"product_brand","embeddable":true,"href":"https:\/\/shop.kustom.ch\/fr\/wp-json\/wp\/v2\/product_brand?post=660003"},{"taxonomy":"product_cat","embeddable":true,"href":"https:\/\/shop.kustom.ch\/fr\/wp-json\/wp\/v2\/product_cat?post=660003"},{"taxonomy":"product_tag","embeddable":true,"href":"https:\/\/shop.kustom.ch\/fr\/wp-json\/wp\/v2\/product_tag?post=660003"}],"curies":[{"name":"wp","href":"https:\/\/api.w.org\/{rel}","templated":true}]}}