{"id":659958,"date":"2025-04-29T04:53:19","date_gmt":"2025-04-29T03:53:19","guid":{"rendered":"https:\/\/shop.kustom.ch\/?post_type=product&#038;p=659958"},"modified":"2026-03-31T09:02:53","modified_gmt":"2026-03-31T08:02:53","slug":"hybrid-jacke-4","status":"publish","type":"product","link":"https:\/\/shop.kustom.ch\/fr\/produit\/hybrid-jacke-4\/","title":{"rendered":"Veste hybride"},"content":{"rendered":"<p>Cette veste hybride multifonctionnelle pourrait facilement devenir ta nouvelle favorite en termes de confort, de chaleur et de style. Avec un dos et une poitrine chauds et matelass\u00e9s, compl\u00e9t\u00e9s par des manches softshell moul\u00e9es et une capuche amovible, cette veste hybride est un compagnon inestimable pour le travail et les loisirs. \u00c9galement disponible en mod\u00e8le femme 4733.<\/p>\n<p>FONCTIONNALIT\u00c9 : Empi\u00e8cements lat\u00e9raux, manches et capuche en mat\u00e9riau imperm\u00e9able au vent et \u00e0 l'eau, pas de coutures coll\u00e9es. Haut du corps chaudement doubl\u00e9 \u00e0 l'avant et \u00e0 l'arri\u00e8re. D\u00c9TAILS : capuche amovible et r\u00e9glable. Col doubl\u00e9 en polaire. POCHES : Poche de poitrine avec fermeture \u00e0 glissi\u00e8re. Poches avant avec fermetures \u00e0 glissi\u00e8re. FERMETURE FRONTALE : Fermeture \u00e0 glissi\u00e8re en plastique. Patte \u00e0 vent \u00e0 l'int\u00e9rieur. FERMETURE : Poignets r\u00e9glables avec fermeture velcro. Dos rallong\u00e9. Taille r\u00e9glable avec cordon de serrage. INSTRUCTIONS DE LAVAGE : 40\u00b0 C. Ne pas blanchir. Ne pas repasser. Ne pas nettoyer \u00e0 sec. Ne pas essorer. ACTIVIT\u00c9S PRINCIPALES : Conducteur. Travailleur dans le jardin. Travailleur manuel. Travailleur de l'entrep\u00f4t. Agent de nettoyage. Personnel de service. TISSU : Disponible pour femmes et hommes. Hommes. bleu. Jaune haute visibilit\u00e9. Unite. Vent \/ humidit\u00e9 \/ froid. USP : mat\u00e9riau softshell \u00e0 3 couches. Capuche amovible. Perm\u00e9able \u00e0 l'air. Semi-doubl\u00e9e, avec une poche de rangement. Dos rallong\u00e9. R\u00e9sistant au vent et \u00e0 l'eau<\/p>\n<p>92% polyester, 8% \u00e9lasthanne, softshell 3 couches, imperm\u00e9able 11.000 mm, coupe-vent, respirant Ret 20,0, stretch, 265 g\/m<\/p>","protected":false},"excerpt":{"rendered":"<p>Diese multifunktionale Hybrid Jacke k\u00f6nnte leicht dein neuer Favorit werden, wenn es um Komfort, W\u00e4rme und Stil geht. Mit einem warmen, gesteppten R\u00fccken- und Brustbereich, der durch geformte Softshell-\u00c4rmel und eine abnehmbare Kapuze erg\u00e4nzt wird, ist diese Hybrid Jacke ein unsch\u00e4tzbarer Begleiter bei der Arbeit und in der Freizeit. Auch als Damenmodell 4733 erh\u00e4ltlich. FUNKTIONALIT\u00c4T: [&hellip;]<\/p>\n","protected":false},"featured_media":659983,"template":"","meta":[],"product_brand":[],"product_cat":[4186],"product_tag":[],"class_list":{"0":"post-659958","1":"product","2":"type-product","3":"status-publish","4":"has-post-thumbnail","6":"product_cat-jacken","7":"pa_brand-blaklaeder","8":"pa_brand-type-workwear","9":"pa_filter-color-blau","10":"pa_filter-color-gelb","11":"pa_filter-color-grau","12":"pa_filter-color-rot","13":"pa_filter-color-schwarz","15":"first","16":"instock","17":"sale","18":"taxable","19":"shipping-taxable","20":"purchasable","21":"product-type-variable","22":"add-to-wishlist-before_image"},"exclude_global_add_ons":[],"addons":[],"acf":[],"_links":{"self":[{"href":"https:\/\/shop.kustom.ch\/fr\/wp-json\/wp\/v2\/product\/659958"}],"collection":[{"href":"https:\/\/shop.kustom.ch\/fr\/wp-json\/wp\/v2\/product"}],"about":[{"href":"https:\/\/shop.kustom.ch\/fr\/wp-json\/wp\/v2\/types\/product"}],"wp:featuredmedia":[{"embeddable":true,"href":"https:\/\/shop.kustom.ch\/fr\/wp-json\/wp\/v2\/media\/659983"}],"wp:attachment":[{"href":"https:\/\/shop.kustom.ch\/fr\/wp-json\/wp\/v2\/media?parent=659958"}],"wp:term":[{"taxonomy":"product_brand","embeddable":true,"href":"https:\/\/shop.kustom.ch\/fr\/wp-json\/wp\/v2\/product_brand?post=659958"},{"taxonomy":"product_cat","embeddable":true,"href":"https:\/\/shop.kustom.ch\/fr\/wp-json\/wp\/v2\/product_cat?post=659958"},{"taxonomy":"product_tag","embeddable":true,"href":"https:\/\/shop.kustom.ch\/fr\/wp-json\/wp\/v2\/product_tag?post=659958"}],"curies":[{"name":"wp","href":"https:\/\/api.w.org\/{rel}","templated":true}]}}