{"id":659868,"date":"2025-04-29T04:52:25","date_gmt":"2025-04-29T03:52:25","guid":{"rendered":"https:\/\/shop.kustom.ch\/?post_type=product&#038;p=659868"},"modified":"2026-03-31T09:02:43","modified_gmt":"2026-03-31T08:02:43","slug":"damen-hybrid-jacke-2","status":"publish","type":"product","link":"https:\/\/shop.kustom.ch\/fr\/produit\/damen-hybrid-jacke-2\/","title":{"rendered":"Veste hybride pour femme"},"content":{"rendered":"<p>Cette veste hybride multifonctionnelle pour femme avec fermeture \u00e9clair \u00e0 double sens pourrait bien devenir ta nouvelle pi\u00e8ce pr\u00e9f\u00e9r\u00e9e en termes de confort, de chaleur et de style. Avec une partie chaude et rembourr\u00e9e sur la poitrine, compl\u00e9t\u00e9e par des manches en softshell pour une imperm\u00e9abilit\u00e9 suppl\u00e9mentaire, et une capuche amovible, cette veste hybride est un compagnon inestimable au travail et en dehors. \u00c9galement disponible en mod\u00e8le pour hommes 4743.<\/p>\n<p>FONCTIONNALIT\u00c9 : Empi\u00e8cements lat\u00e9raux, manches et capuche en mat\u00e9riau imperm\u00e9able au vent et \u00e0 l'eau, pas de coutures coll\u00e9es. Haut du corps chaudement doubl\u00e9 \u00e0 l'avant et \u00e0 l'arri\u00e8re. Taille pour femme. D\u00c9TAILS : capuche amovible et r\u00e9glable. Col doubl\u00e9 en polaire. POCHES : Poche de poitrine avec fermeture \u00e0 glissi\u00e8re. Poches avant avec fermetures \u00e0 glissi\u00e8re. FERMETURE FRONTALE : Fermeture \u00e9clair plastique \u00e0 double sens. Patte \u00e0 vent \u00e0 l'int\u00e9rieur. REFLEX : D\u00e9tails r\u00e9fl\u00e9chissants sur les manches. D\u00e9tails r\u00e9fl\u00e9chissants noirs. FERMETURE : Poignets r\u00e9glables avec fermeture velcro. Dos rallong\u00e9. Taille r\u00e9glable avec cordon de serrage. INSTRUCTIONS DE LAVAGE : 40\u00b0 C. Ne pas blanchir. Ne pas repasser. Ne pas nettoyer \u00e0 sec. Ne pas essorer. ACTIVIT\u00c9S PRINCIPALES : Conducteur. Travailleur dans le jardin. Travailleur manuel. Travailleur de l'entrep\u00f4t. Agent de nettoyage. Personnel de service. TISSU : Femme. Disponible pour femmes et hommes. bleu. Jaune haute visibilit\u00e9. Noir. Unite. Vent \/ humidit\u00e9 \/ froid<\/p>\n<p>92% polyester, 8% \u00e9lasthanne, softshell 3 couches, imperm\u00e9able 11.000 mm, coupe-vent, respirant Ret 20,0, stretch, 265 g\/m<\/p>","protected":false},"excerpt":{"rendered":"<p>Diese multifunktionale Damen Hybrid Jacke mit Zwei-Wege-Reissverschluss k\u00f6nnte dein neues Lieblingsst\u00fcck werden, wenn es um Komfort, W\u00e4rme und Stil geht. Mit einer warmen, gepolsterten Brustpartie, die durch Softshell-\u00c4rmel f\u00fcr zus\u00e4tzliche Wasserdichtigkeit erg\u00e4nzt wird, sowie einer abnehmbaren Kapuze ist diese Hybrid Jacke ein unsch\u00e4tzbarer Begleiter in und ausserhalb der Arbeit. Auch als Herrenmodell 4743 erh\u00e4ltlich. FUNKTIONALIT\u00c4T: [&hellip;]<\/p>\n","protected":false},"featured_media":659932,"template":"","meta":[],"product_brand":[],"product_cat":[4186],"product_tag":[],"class_list":{"0":"post-659868","1":"product","2":"type-product","3":"status-publish","4":"has-post-thumbnail","6":"product_cat-jacken","7":"pa_brand-blaklaeder","8":"pa_brand-type-workwear","9":"pa_filter-color-blau","10":"pa_filter-color-gelb","11":"pa_filter-color-rot","12":"pa_filter-color-schwarz","14":"first","15":"instock","16":"sale","17":"taxable","18":"shipping-taxable","19":"purchasable","20":"product-type-variable","21":"add-to-wishlist-before_image"},"exclude_global_add_ons":[],"addons":[],"acf":[],"_links":{"self":[{"href":"https:\/\/shop.kustom.ch\/fr\/wp-json\/wp\/v2\/product\/659868"}],"collection":[{"href":"https:\/\/shop.kustom.ch\/fr\/wp-json\/wp\/v2\/product"}],"about":[{"href":"https:\/\/shop.kustom.ch\/fr\/wp-json\/wp\/v2\/types\/product"}],"wp:featuredmedia":[{"embeddable":true,"href":"https:\/\/shop.kustom.ch\/fr\/wp-json\/wp\/v2\/media\/659932"}],"wp:attachment":[{"href":"https:\/\/shop.kustom.ch\/fr\/wp-json\/wp\/v2\/media?parent=659868"}],"wp:term":[{"taxonomy":"product_brand","embeddable":true,"href":"https:\/\/shop.kustom.ch\/fr\/wp-json\/wp\/v2\/product_brand?post=659868"},{"taxonomy":"product_cat","embeddable":true,"href":"https:\/\/shop.kustom.ch\/fr\/wp-json\/wp\/v2\/product_cat?post=659868"},{"taxonomy":"product_tag","embeddable":true,"href":"https:\/\/shop.kustom.ch\/fr\/wp-json\/wp\/v2\/product_tag?post=659868"}],"curies":[{"name":"wp","href":"https:\/\/api.w.org\/{rel}","templated":true}]}}