{"id":659752,"date":"2025-04-29T04:51:05","date_gmt":"2025-04-29T03:51:05","guid":{"rendered":"https:\/\/shop.kustom.ch\/?post_type=product&#038;p=659752"},"modified":"2026-03-31T09:00:13","modified_gmt":"2026-03-31T08:00:13","slug":"apc-2-multinorm-jacke-inhaerent","status":"publish","type":"product","link":"https:\/\/shop.kustom.ch\/fr\/produit\/apc-2-multinorm-jacke-inhaerent\/","title":{"rendered":"Veste APC 2 Multinorme Inh\u00e9rente"},"content":{"rendered":"<p>Veste en mat\u00e9riau doux, souple et r\u00e9sistant avec une fine doublure int\u00e9rieure. Cette combinaison signifie que la veste est approuv\u00e9e pour l'APC 2, la classe sup\u00e9rieure pour la protection contre les arcs \u00e9lectriques. Des solutions de poches intelligentes telles que des poches doubles sur la poitrine avec des fermetures \u00e0 glissi\u00e8re couvertes. Il s'agit d'un v\u00eatement sans m\u00e9tal avec des composants en plastique. Certifi\u00e9 selon les normes EN ISO 20471, EN 1149-5, EN ISO 11611, EN ISO 11612, EN 61482-2 (APC 2), EN 13034.<\/p>\n<p>FONCTIONNALIT\u00c9 : Sans m\u00e9tal. Surface ol\u00e9ophobe, antisalissante et hydrofuge. D\u00c9TAILS : \u00c9tiquettes de certification ext\u00e9rieures. Boutons en plastique. Col haut avec fermeture \u00e0 glissi\u00e8re dissimul\u00e9e. Passants de chaque c\u00f4t\u00e9 de la poitrine pour le d\u00e9tecteur de gaz \/ l'oxyg\u00e9nom\u00e8tre \/ le microphone. \u00c9paules de couleur contrast\u00e9e. POCHES : Poches poitrine avec fermetures \u00e9clair et anneau en D. Poche int\u00e9rieure avec fermeture velcro. Poches avant avec rabat et bouton-pression. FERMETURE FRONTALE : Fermeture \u00e0 glissi\u00e8re en plastique renforc\u00e9e et dissimul\u00e9e. REFLEX : Bandes r\u00e9fl\u00e9chissantes ignifuges avec doubles coutures. FERMETURE : Poignets r\u00e9glables avec boutons-pression. Dos rallong\u00e9. Taille r\u00e9glable avec fermeture velcro. INSTRUCTIONS DE LAVAGE : 60\u00b0 C. Ne pas blanchir. Ne pas repasser. Ne pas nettoyer \u00e0 sec. S\u00e8che-linge - bas. TEXTES PRINCIPAUX : \u00c9lectricien. Travailleur manuel. Personnel de service. EN 1149-5. EN 13034. EN 61482-2. EN ISO 11611. EN ISO 11612. EN ISO 20471. TISSU : Hommes. bleu. Jaune haute visibilit\u00e9. Sans m\u00e9tal. Protection contre les flammes. CERTIFICATION : EN 1149-5. 50 lavages max. EN 13034 PB (6). Max. 20 cycles de lavage. ATPV - 26 cal\/cm\u00b2. ELIM - 23 cal\/cm\u00b2. EN 61482-2, APC 2. 50 cycles de lavage max. EN ISO 11611, classe 1 A1+A2. Max. 50 cycles de lavage. EN ISO 11612 A1, A2, B1, C1, E2, F1. Max. 50 cycles de lavage. EN ISO 20471 XS-S classe 2, M classe 3. 50 lavages max. Groupe de certification B -&gt;S<\/p>\n<p>44% Modacrylique, 30% Coton, 20% FR Polyamide, 5% Aramide, 1% antistatique, Ripstop, ignifug\u00e9, antistatique, 260 g\/m<\/p>","protected":false},"excerpt":{"rendered":"<p>Jacke aus weichem, geschmeidigem und strapazierf\u00e4higem Material mit d\u00fcnnem Innenfutter. Diese Kombination bedeutet, dass die Jacke f\u00fcr APC 2, die h\u00f6here Klasse f\u00fcr St\u00f6rlichtbogenschutz, zugelassen ist. Intelligente Taschenl\u00f6sungen wie doppelte Brusttaschen mit abgedeckten Reissverschl\u00fcssen. Es handelt sich um ein metallfreies Kleidungsst\u00fcck mit Kunststoffkomponenten. Zertifiziert nach EN ISO 20471, EN 1149-5, EN ISO 11611, EN ISO [&hellip;]<\/p>\n","protected":false},"featured_media":659811,"template":"","meta":[],"product_brand":[],"product_cat":[4186],"product_tag":[],"class_list":{"0":"post-659752","1":"product","2":"type-product","3":"status-publish","4":"has-post-thumbnail","6":"product_cat-jacken","7":"pa_brand-blaklaeder","8":"pa_brand-type-workwear","9":"pa_filter-color-blau","10":"pa_filter-color-gelb","12":"first","13":"instock","14":"sale","15":"taxable","16":"shipping-taxable","17":"purchasable","18":"product-type-variable","19":"add-to-wishlist-before_image"},"exclude_global_add_ons":[],"addons":[],"acf":[],"_links":{"self":[{"href":"https:\/\/shop.kustom.ch\/fr\/wp-json\/wp\/v2\/product\/659752"}],"collection":[{"href":"https:\/\/shop.kustom.ch\/fr\/wp-json\/wp\/v2\/product"}],"about":[{"href":"https:\/\/shop.kustom.ch\/fr\/wp-json\/wp\/v2\/types\/product"}],"wp:featuredmedia":[{"embeddable":true,"href":"https:\/\/shop.kustom.ch\/fr\/wp-json\/wp\/v2\/media\/659811"}],"wp:attachment":[{"href":"https:\/\/shop.kustom.ch\/fr\/wp-json\/wp\/v2\/media?parent=659752"}],"wp:term":[{"taxonomy":"product_brand","embeddable":true,"href":"https:\/\/shop.kustom.ch\/fr\/wp-json\/wp\/v2\/product_brand?post=659752"},{"taxonomy":"product_cat","embeddable":true,"href":"https:\/\/shop.kustom.ch\/fr\/wp-json\/wp\/v2\/product_cat?post=659752"},{"taxonomy":"product_tag","embeddable":true,"href":"https:\/\/shop.kustom.ch\/fr\/wp-json\/wp\/v2\/product_tag?post=659752"}],"curies":[{"name":"wp","href":"https:\/\/api.w.org\/{rel}","templated":true}]}}