{"id":659750,"date":"2025-04-29T04:51:05","date_gmt":"2025-04-29T03:51:05","guid":{"rendered":"https:\/\/shop.kustom.ch\/?post_type=product&#038;p=659750"},"modified":"2026-03-31T09:00:09","modified_gmt":"2026-03-31T08:00:09","slug":"ueberhemd-inhaerent","status":"publish","type":"product","link":"https:\/\/shop.kustom.ch\/fr\/produit\/ueberhemd-inhaerent\/","title":{"rendered":"Sur-chemise inh\u00e9rente"},"content":{"rendered":"<p>Une surchemise r\u00e9sistante \u00e0 l'huile, \u00e0 la salet\u00e9 et \u00e0 l'eau avec une visibilit\u00e9 am\u00e9lior\u00e9e dans une qualit\u00e9 douce et souple qui se caract\u00e9rise par un grand confort et une grande r\u00e9sistance. Ce v\u00eatement est un croisement fonctionnel entre une veste industrielle traditionnelle et une chemise moderne. Il est enti\u00e8rement exempt de m\u00e9tal, poss\u00e8de des boutons-pression en plastique et une fermeture \u00e9clair \u00e0 double sens en plastique. Poches poitrine plaqu\u00e9es couvertes avec beaucoup de place pour le t\u00e9l\u00e9phone portable, le bloc-notes et d'autres ustensiles. En outre, une boucle ext\u00e9rieure pour un stylo ou des lunettes, par exemple, sur le c\u00f4t\u00e9 gauche. Supports pour oxym\u00e8tre, microphone ou autres appareils techniques au-dessus de chaque poche de poitrine. Col relev\u00e9 \u00e0 l'arri\u00e8re, avec boutons-pression \u00e0 l'avant. Manches pr\u00e9form\u00e9es et poignets r\u00e9glables avec boutons-pression. Ourlet arri\u00e8re prolong\u00e9 pour plus de confort. D\u00e9tails r\u00e9fl\u00e9chissants sur les \u00e9paules, le dos et le bas des manches appliqu\u00e9s par chaleur. Test\u00e9 et approuv\u00e9 pour le lavage industriel - EN 15797, 50 cycles de lavage maximum. Certifi\u00e9 selon les normes EN 1149-5, EN ISO 11611, EN 13034, EN ISO 11612, EN 61482-2.<\/p>\n<p>FONCTIONNALIT\u00c9 : Sans m\u00e9tal. Surface ol\u00e9ophobe, antisalissante et hydrofuge. D\u00c9TAILS : \u00c9tiquettes de certification ext\u00e9rieures. Boutons en plastique. Col particuli\u00e8rement haut dans le dos. Col montant. Boucles de chaque c\u00f4t\u00e9 de la poitrine pour le d\u00e9tecteur de gaz \/ l'oxyg\u00e9nom\u00e8tre \/ le microphone. POSITIONS : Poches poitrine \u00e0 soufflet et \u00e0 rabat. FERMETURE FRONTALE : Fermeture \u00e0 glissi\u00e8re plastique \u00e0 deux voies dissimul\u00e9e. REFLEX : Bande r\u00e9fl\u00e9chissante \u00e0 certains endroits pour une meilleure visibilit\u00e9. FERMETURE : Poignets r\u00e9glables avec bouton-pression. Dos rallong\u00e9. INSTRUCTIONS DE LAVAGE : 60\u00b0 C. Ne pas blanchir. Ne pas repasser. Ne pas nettoyer \u00e0 sec. PRO : adapt\u00e9 au s\u00e9chage en tambour. S\u00e8che-linge - bas. PROPRIETES PRINCIPALES : \u00e9lectricien. Travailleurs manuels. EN 1149-5. EN 13034. EN 61482-2. EN ISO 11611. EN ISO 11612. TISSU : Disponible pour femmes et hommes. Hommes . Jaune haute visibilit\u00e9. Noir. Sans m\u00e9tal. Protection contre les flammes. USP : propri\u00e9t\u00e9s antistatiques. Intrins\u00e8quement ignifuge. Sans m\u00e9tal ni polyester. R\u00e9sistant \u00e0 l'huile et \u00e0 la salet\u00e9. D\u00e9tails r\u00e9fl\u00e9chissants. Dos rallong\u00e9. R\u00e9sistant \u00e0 l'eau. Mat\u00e9riau antistatique. Intrins\u00e8quement ignifuge. Sans m\u00e9tal. D\u00e9tails r\u00e9fl\u00e9chissants. Tissu ripstop. CERTIFICATION : EN 1149-5. 50 lavages maximum. EN 13034 PB (6). Max. 20 cycles de lavage. ATPV - 11 cal\/cm\u00b2. ELIM - 10 cal\/cm\u00b2. EN 61482-2, APC 1. 50 cycles de lavage max. EN ISO 11611, classe 1 A1+A2. Max. 50 cycles de lavage. EN ISO 11612 A1, A2, B1, C1, E2, F1. Max. 50 cycles de lavage<\/p>\n<p>44% Modacrylique, 30% Coton, 20% FR Polyamide, 5% Aramide, 1% antistatique, Ripstop, ignifug\u00e9, antistatique, 260 g\/m<\/p>","protected":false},"excerpt":{"rendered":"<p>Ein \u00f6l-, schmutz- und wasserabweisendes \u00dcberhemd mit verbesserter Sichtbarkeit in einer weichen, geschmeidigen Qualit\u00e4t, die sich durch hohen Tragekomfort und Strapazierf\u00e4higkeit auszeichnet. Dieses Kleidungsst\u00fcck ist eine funktionelle Kreuzung aus traditioneller Industriejacke und modernem Hemd. Es ist v\u00f6llig metallfrei, hat Kunststoffdruckkn\u00f6pfe und einen Zweiwege-Reissverschluss aus Kunststoff. Abgedeckte, aufgesetzte Brusttaschen mit viel Platz f\u00fcr Mobiltelefon, Notizblock und [&hellip;]<\/p>\n","protected":false},"featured_media":659792,"template":"","meta":[],"product_brand":[],"product_cat":[9874],"product_tag":[],"class_list":{"0":"post-659750","1":"product","2":"type-product","3":"status-publish","4":"has-post-thumbnail","6":"product_cat-hemden","7":"pa_brand-blaklaeder","8":"pa_brand-type-workwear","9":"pa_filter-color-gelb","11":"first","12":"instock","13":"sale","14":"taxable","15":"shipping-taxable","16":"purchasable","17":"product-type-variable","18":"add-to-wishlist-before_image"},"exclude_global_add_ons":[],"addons":[],"acf":[],"_links":{"self":[{"href":"https:\/\/shop.kustom.ch\/fr\/wp-json\/wp\/v2\/product\/659750"}],"collection":[{"href":"https:\/\/shop.kustom.ch\/fr\/wp-json\/wp\/v2\/product"}],"about":[{"href":"https:\/\/shop.kustom.ch\/fr\/wp-json\/wp\/v2\/types\/product"}],"wp:featuredmedia":[{"embeddable":true,"href":"https:\/\/shop.kustom.ch\/fr\/wp-json\/wp\/v2\/media\/659792"}],"wp:attachment":[{"href":"https:\/\/shop.kustom.ch\/fr\/wp-json\/wp\/v2\/media?parent=659750"}],"wp:term":[{"taxonomy":"product_brand","embeddable":true,"href":"https:\/\/shop.kustom.ch\/fr\/wp-json\/wp\/v2\/product_brand?post=659750"},{"taxonomy":"product_cat","embeddable":true,"href":"https:\/\/shop.kustom.ch\/fr\/wp-json\/wp\/v2\/product_cat?post=659750"},{"taxonomy":"product_tag","embeddable":true,"href":"https:\/\/shop.kustom.ch\/fr\/wp-json\/wp\/v2\/product_tag?post=659750"}],"curies":[{"name":"wp","href":"https:\/\/api.w.org\/{rel}","templated":true}]}}