{"id":659749,"date":"2025-04-29T04:51:05","date_gmt":"2025-04-29T03:51:05","guid":{"rendered":"https:\/\/shop.kustom.ch\/?post_type=product&#038;p=659749"},"modified":"2026-03-31T09:00:01","modified_gmt":"2026-03-31T08:00:01","slug":"jacke-inhaerent","status":"publish","type":"product","link":"https:\/\/shop.kustom.ch\/fr\/produit\/jacke-inhaerent\/","title":{"rendered":"Veste inh\u00e9rente"},"content":{"rendered":"<p>Une veste industrielle non-m\u00e9tallique d'une qualit\u00e9 douce, souple et confortable. Extr\u00eamement r\u00e9sistante \u00e0 l'usure, \u00e0 l'huile, \u00e0 la salet\u00e9 et \u00e0 l'eau. Poche de poitrine cach\u00e9e avec fermeture \u00e0 glissi\u00e8re, deux poches avant avec rabats et passants sur l'empi\u00e8cement pour microphone, oxym\u00e8tre ou autres appareils techniques. Dos rallong\u00e9 et r\u00e9glable, la largeur des poignets est \u00e9galement r\u00e9glable \u00e0 l'aide de boutons-pression. Col haut pour une meilleure protection. D\u00e9tails r\u00e9fl\u00e9chissants sur les \u00e9paules, le dos et les avant-bras, appliqu\u00e9s par chaleur. Test\u00e9 et approuv\u00e9 pour le lavage industriel - EN 15797, max. 50 cycles de lavage. Certifi\u00e9 selon les normes EN 1149-5, EN ISO 11611, EN ISO 11612, EN 61482-2 et EN 13034.<\/p>\n<p>FONCTIONNALIT\u00c9 : Sans m\u00e9tal. Surface ol\u00e9ophobe, antisalissante et hydrofuge. D\u00c9TAILS : \u00c9tiquettes de certification ext\u00e9rieures. Boutons en plastique. Col particuli\u00e8rement haut dans le dos. Col montant. Boucles de chaque c\u00f4t\u00e9 de la poitrine pour le d\u00e9tecteur de gaz \/ l'oxyg\u00e9nom\u00e8tre \/ le microphone. POCHES : poche de poitrine avec fermeture \u00e9clair et anneau en D. Poches avant en biais. FERMETURE FRONTALE : Fermeture frontale avec boutons-pression en plastique dissimul\u00e9s. Fermeture \u00e0 glissi\u00e8re en plastique renforc\u00e9e et dissimul\u00e9e. REFLEX : bande r\u00e9fl\u00e9chissante \u00e0 certains endroits pour une meilleure visibilit\u00e9. FERMETURE : Poignets r\u00e9glables avec boutons-pression. Dos rallong\u00e9. Taille r\u00e9glable avec boutons-pression. INSTRUCTIONS DE LAVAGE : 60\u00b0 C. Ne pas blanchir. Ne pas repasser. Ne pas nettoyer \u00e0 sec. PRO : adapt\u00e9 au s\u00e9chage en tambour. S\u00e8che-linge - bas. PROPRI\u00c9T\u00c9S PRINCIPALES : \u00e9lectricien. Travailleurs manuels. EN 1149-5. EN 13034. EN 61482-2. EN ISO 11611. EN ISO 11612. TISSU : Disponible pour femmes et hommes. Hommes. Bleu. Sans m\u00e9tal. R\u00e9sistance aux flammes. USP : propri\u00e9t\u00e9s antistatiques. Intrins\u00e8quement ignifuge. Sans m\u00e9tal ni polyester. R\u00e9sistant \u00e0 l'huile et \u00e0 la salet\u00e9. D\u00e9tails r\u00e9fl\u00e9chissants. Tissu ripstop. Fermeture \u00e0 glissi\u00e8re robuste, cach\u00e9e, \u00e0 sens unique, en plastique. Dos rallong\u00e9. Poignets r\u00e9glables. R\u00e9sistant \u00e0 l'eau. CERTIFICATION : EN 1149-5. 50 lavages maximum. EN 13034 PB (6). Max. 20 cycles de lavage. ATPV - 11 cal\/cm\u00b2. ELIM - 10 cal\/cm\u00b2. EN 61482-2, APC 1. 50 cycles de lavage max. EN ISO 11611, classe 1 A1+A2. Max. 50 cycles de lavage. EN ISO 11612 A1, A2, B1, C1, E2, F1. Max. 50 cycles de lavage<\/p>\n<p>44% Modacrylique, 30% Coton, 20% FR Polyamide, 5% Aramide, 1% antistatique, Ripstop, ignifug\u00e9, antistatique, 260 g\/m<\/p>","protected":false},"excerpt":{"rendered":"<p>Eine metallfreie Industriejacke in weicher, geschmeidiger und komfortabler Qualit\u00e4t. \u00c4usserst strapazierf\u00e4hig, \u00f6l-, schmutz- und wasserabweisend. Versteckte Brusttasche mit Reissverschluss, zwei Vordertaschen mit Klappen und Schlaufen an der Passe f\u00fcr Mikrofon, Oximeter oder andere technische Ger\u00e4te. Verl\u00e4ngerter, verstellbarer R\u00fccken, auch die Manschettenweite ist mit Druckkn\u00f6pfen verstellbar. Hoher Kragen f\u00fcr mehr Schutz. Reflektierende Details an den Schultern, [&hellip;]<\/p>\n","protected":false},"featured_media":659783,"template":"","meta":[],"product_brand":[],"product_cat":[4186],"product_tag":[],"class_list":{"0":"post-659749","1":"product","2":"type-product","3":"status-publish","4":"has-post-thumbnail","6":"product_cat-jacken","7":"pa_brand-blaklaeder","8":"pa_brand-type-workwear","9":"pa_filter-color-blau","11":"first","12":"instock","13":"sale","14":"taxable","15":"shipping-taxable","16":"purchasable","17":"product-type-variable","18":"add-to-wishlist-before_image"},"exclude_global_add_ons":[],"addons":[],"acf":[],"_links":{"self":[{"href":"https:\/\/shop.kustom.ch\/fr\/wp-json\/wp\/v2\/product\/659749"}],"collection":[{"href":"https:\/\/shop.kustom.ch\/fr\/wp-json\/wp\/v2\/product"}],"about":[{"href":"https:\/\/shop.kustom.ch\/fr\/wp-json\/wp\/v2\/types\/product"}],"wp:featuredmedia":[{"embeddable":true,"href":"https:\/\/shop.kustom.ch\/fr\/wp-json\/wp\/v2\/media\/659783"}],"wp:attachment":[{"href":"https:\/\/shop.kustom.ch\/fr\/wp-json\/wp\/v2\/media?parent=659749"}],"wp:term":[{"taxonomy":"product_brand","embeddable":true,"href":"https:\/\/shop.kustom.ch\/fr\/wp-json\/wp\/v2\/product_brand?post=659749"},{"taxonomy":"product_cat","embeddable":true,"href":"https:\/\/shop.kustom.ch\/fr\/wp-json\/wp\/v2\/product_cat?post=659749"},{"taxonomy":"product_tag","embeddable":true,"href":"https:\/\/shop.kustom.ch\/fr\/wp-json\/wp\/v2\/product_tag?post=659749"}],"curies":[{"name":"wp","href":"https:\/\/api.w.org\/{rel}","templated":true}]}}