{"id":659707,"date":"2025-04-29T04:50:37","date_gmt":"2025-04-29T03:50:37","guid":{"rendered":"https:\/\/shop.kustom.ch\/?post_type=product&#038;p=659707"},"modified":"2026-03-31T08:59:56","modified_gmt":"2026-03-31T07:59:56","slug":"damen-shell-jacke-stretch","status":"publish","type":"product","link":"https:\/\/shop.kustom.ch\/fr\/produit\/damen-shell-jacke-stretch\/","title":{"rendered":"Veste Shell Stretch pour femme"},"content":{"rendered":"<p>Veste shell coupe-vent et imperm\u00e9able avec coutures scell\u00e9es qui offre une protection totale contre les \u00e9l\u00e9ments si n\u00e9cessaire. Cette veste pour femmes avec fermeture \u00e9clair \u00e0 double sens et fine doublure en filet est fabriqu\u00e9e en stretch 4 directions fantastiquement doux et souple. \u00c9galement disponible en mod\u00e8le 4483 pour hommes.<\/p>\n<p>FONCTIONNALIT\u00c9 : Extensible dans 4 directions. Tissu coupe-vent &amp; imperm\u00e9able avec respirabilit\u00e9, coutures soud\u00e9es. D\u00c9TAILS : Capuche amovible avec doublure en mesh. Fermeture \u00e0 glissi\u00e8re dans la doublure, pour une finition textile facile. POCHES : Poche de poitrine avec fermeture \u00e0 glissi\u00e8re. Poches avant, dont une avec anneau en D. Poches avant avec fermetures \u00e0 glissi\u00e8re. FERMETURE FRONTALE : Fermeture \u00e9clair plastique \u00e0 double sens. Pare-vent avec fermeture velcro, poign\u00e9e en hypalon avec transfert r\u00e9fl\u00e9chissant. REFLEX : Mat\u00e9riau r\u00e9fl\u00e9chissant sur les manches. FERMETURE : Poignets int\u00e9rieurs avec trou pour le pouce. Poignets r\u00e9glables. Dos rallong\u00e9. Taille r\u00e9glable avec cordon de serrage. INSTRUCTIONS DE LAVAGE : 40\u00b0 C. Ne pas blanchir. Ne pas repasser. Ne pas nettoyer \u00e0 sec. Ne pas essorer. TRAVAIL PRINCIPAL : Poseur de sols. Couvreur de toitures. Chauffeur. Travailleur manuel. Peintre en b\u00e2timent. Ma\u00e7on \/ carreleur. EN 343. TISSU : Femme. Disponible pour femmes et hommes. bleu. Jaune haute visibilit\u00e9. Respirabilit\u00e9 de la peau. Stretch. imperm\u00e9able. coupe-vent. Unite. Vent \/ humidit\u00e9 \/ froid. USP : stretch 4 directions. Capuche amovible. Respirant. L\u00e9g\u00e8rement doubl\u00e9e. D\u00e9tails r\u00e9fl\u00e9chissants. Fermeture \u00e9clair dans la doublure permettant le profilage. Dos rallong\u00e9. Poignets r\u00e9glables. Imperm\u00e9able au vent et \u00e0 l'eau. Fermeture \u00e9clair \u00e0 double sens en plastique. CERTIFICATION : EN 343, classe 4,1. Non certifi\u00e9 High Vis.<\/p>\n<p>83% polyamide, 17% spandex, lamin\u00e9, \u00e9tanche \u00e0 l'eau 15000 mm, coupe-vent, respirant Ret 11,3, stretch, 170 g\/m<\/p>","protected":false},"excerpt":{"rendered":"<p>Wind- und wasserdichte Shell Jacke mit versiegelten N\u00e4hten, die bei Bedarf vollen Schutz vor den Elementen bietet. Diese Jacke f\u00fcr Frauen mit Zwei-Wege-Reissverschluss und d\u00fcnnem Netzfutter ist aus fantastisch weichem und geschmeidigem 4-Wege-Stretch gefertigt. Auch als Herrenmodell 4483 erh\u00e4ltlich. FUNKTIONALIT\u00c4T: 4-Wege-Stretch. Wind- &amp; wasserdichtes Material mit Atmungsaktivit\u00e4t, verschweisste N\u00e4hte. DETAILS: Abnehmbare Kapuze mit Meshfutter. Reissverschluss [&hellip;]<\/p>\n","protected":false},"featured_media":659739,"template":"","meta":[],"product_brand":[],"product_cat":[4186],"product_tag":[],"class_list":{"0":"post-659707","1":"product","2":"type-product","3":"status-publish","4":"has-post-thumbnail","6":"product_cat-jacken","7":"pa_brand-blaklaeder","8":"pa_brand-type-workwear","9":"pa_filter-color-blau","10":"pa_filter-color-gelb","11":"pa_filter-color-rot","12":"pa_filter-color-schwarz","14":"first","15":"instock","16":"sale","17":"taxable","18":"shipping-taxable","19":"purchasable","20":"product-type-variable","21":"add-to-wishlist-before_image"},"exclude_global_add_ons":[],"addons":[],"acf":[],"_links":{"self":[{"href":"https:\/\/shop.kustom.ch\/fr\/wp-json\/wp\/v2\/product\/659707"}],"collection":[{"href":"https:\/\/shop.kustom.ch\/fr\/wp-json\/wp\/v2\/product"}],"about":[{"href":"https:\/\/shop.kustom.ch\/fr\/wp-json\/wp\/v2\/types\/product"}],"wp:featuredmedia":[{"embeddable":true,"href":"https:\/\/shop.kustom.ch\/fr\/wp-json\/wp\/v2\/media\/659739"}],"wp:attachment":[{"href":"https:\/\/shop.kustom.ch\/fr\/wp-json\/wp\/v2\/media?parent=659707"}],"wp:term":[{"taxonomy":"product_brand","embeddable":true,"href":"https:\/\/shop.kustom.ch\/fr\/wp-json\/wp\/v2\/product_brand?post=659707"},{"taxonomy":"product_cat","embeddable":true,"href":"https:\/\/shop.kustom.ch\/fr\/wp-json\/wp\/v2\/product_cat?post=659707"},{"taxonomy":"product_tag","embeddable":true,"href":"https:\/\/shop.kustom.ch\/fr\/wp-json\/wp\/v2\/product_tag?post=659707"}],"curies":[{"name":"wp","href":"https:\/\/api.w.org\/{rel}","templated":true}]}}