{"id":659627,"date":"2025-04-29T04:49:39","date_gmt":"2025-04-29T03:49:39","guid":{"rendered":"https:\/\/shop.kustom.ch\/?post_type=product&#038;p=659627"},"modified":"2026-03-31T08:59:50","modified_gmt":"2026-03-31T07:59:50","slug":"leichte-gefuetterte-softshell-winterjacke-high-vis","status":"publish","type":"product","link":"https:\/\/shop.kustom.ch\/fr\/produit\/leichte-gefuetterte-softshell-winterjacke-high-vis\/","title":{"rendered":"Veste d'hiver Softshell doubl\u00e9e l\u00e9g\u00e8re haute visibilit\u00e9"},"content":{"rendered":"<p>Veste d'hiver softshell l\u00e9g\u00e8rement doubl\u00e9e, fabriqu\u00e9e dans un mat\u00e9riau qui la rend extr\u00eamement douce, souple et confortable. La veste est bicolore et offre une visibilit\u00e9 et une s\u00e9curit\u00e9 optimales lorsqu'elle est le plus n\u00e9cessaire. Le design de cette veste haute visibilit\u00e9 offre \u00e0 la fois la sensation de l\u00e9g\u00e8ret\u00e9 et d'\u00e9lasticit\u00e9 et la r\u00e9sistance d'un bon v\u00eatement de travail. Le mat\u00e9riau est imperm\u00e9able \u00e0 l'eau et au vent et poss\u00e8de une excellente respirabilit\u00e9. Un rabat au-dessus de la fermeture \u00e0 glissi\u00e8re augmente l'\u00e9tanch\u00e9it\u00e9 au vent et la veste est livr\u00e9e avec une capuche amovible. Disponible \u00e9galement en coupe femme 4401.<\/p>\n<p>FONCTIONNALIT\u00c9 : \u00c9tirement dans les deux sens. Champs de couleur fonc\u00e9e dans les zones expos\u00e9es \u00e0 la salet\u00e9. Coupe-vent &amp; imperm\u00e9able, coutures non scell\u00e9es, respirant. D\u00c9TAILS : anneau en D. Capuche amovible et r\u00e9glable avec doublure en mesh. Boutons-pression en m\u00e9tal. Col haut. \u00c9paules de couleur contrast\u00e9e. Bonnes surfaces pour les finitions. Fermeture \u00e0 glissi\u00e8re dans la doublure, pour une finition textile facile. POCHES : poche de poitrine avec fermeture \u00e9clair et anneau en D. Poche Napol\u00e9on \u00e0 l'int\u00e9rieur du rabat. Poches avant avec fermetures \u00e0 glissi\u00e8re. FERMETURE FRONTALE : Fermeture \u00e0 glissi\u00e8re robuste en plastique. Pare-vent avec fermeture velcro. REFLEX : Bandes r\u00e9fl\u00e9chissantes de transfert de 50 mm de large. D\u00e9tails r\u00e9fl\u00e9chissants. Bandes r\u00e9fl\u00e9chissantes sur le corps et les manches. FERMETURE : Poignets r\u00e9glables avec fermeture velcro. Dos rallong\u00e9. Taille r\u00e9glable avec cordon de serrage. INSTRUCTIONS DE LAVAGE : Nombre de lavages : 25. 40\u00b0 C. Ne pas blanchir. Ne pas repasser. Ne pas nettoyer \u00e0 sec. Ne pas essorer. ACTIVIT\u00c9S PRINCIPALES : Conducteur. Travailleur de jardin. Travailleur manuel. Installateur de mat\u00e9riel. Travailleurs de la route et du b\u00e2timent. EN 342. EN ISO 20471. TISSU : Disponible pour hommes et femmes. Hommes. bleu. Jaune haute visibilit\u00e9. Perm\u00e9abilit\u00e9 \u00e0 l'air. Stretch. d\u00e9perlant. coupe-vent. Tissu extensible. Protection haute visibilit\u00e9. USP : mat\u00e9riau softshell \u00e0 3 couches. Capuche amovible. Perm\u00e9able \u00e0 l'air. Larges bandes r\u00e9fl\u00e9chissantes. L\u00e9g\u00e8rement doubl\u00e9e. Poche en Napol\u00e9on. D\u00e9tails r\u00e9fl\u00e9chissants. Fermeture \u00e9clair dans la doublure permettant le profilage. Fermeture \u00e0 glissi\u00e8re robuste, cach\u00e9e, \u00e0 sens unique, en plastique. Dos rallong\u00e9. Poignets r\u00e9glables. Imperm\u00e9able au vent et \u00e0 l'eau. CERTIFICATION : EN 342 conjointement avec 1820. EN ISO 20471 XS-S classe 2, M classe 3. Groupe de certification C -&gt;S<\/p>\n<p>92% polyester, 8% \u00e9lasthanne, softshell 3 couches, imperm\u00e9able 11.000 mm, coupe-vent, respirant Ret 20,0, stretch, 265 g\/m<\/p>","protected":false},"excerpt":{"rendered":"<p>Leicht gef\u00fctterte Softshell Winterjacke aus einem Material, das sie extrem weich, geschmeidig und bequem macht. Die Jacke ist zweifarbig und bietet optimale Sichtbarkeit und Sicherheit, wenn sie am meisten gebraucht wird. Das Design dieser High Vis Jacke bietet sowohl das leichte, stretchige Tragegef\u00fchl als auch die Strapazierf\u00e4higkeit einer guten Arbeitskleidung. Das Material ist wasser- und [&hellip;]<\/p>\n","protected":false},"featured_media":659670,"template":"","meta":[],"product_brand":[],"product_cat":[4186],"product_tag":[],"class_list":{"0":"post-659627","1":"product","2":"type-product","3":"status-publish","4":"has-post-thumbnail","6":"product_cat-jacken","7":"pa_brand-blaklaeder","8":"pa_brand-type-workwear","9":"pa_filter-color-blau","10":"pa_filter-color-gelb","11":"pa_filter-color-orange","12":"pa_filter-color-rot","13":"pa_filter-color-schwarz","15":"first","16":"instock","17":"sale","18":"taxable","19":"shipping-taxable","20":"purchasable","21":"product-type-variable","22":"add-to-wishlist-before_image"},"exclude_global_add_ons":[],"addons":[],"acf":[],"_links":{"self":[{"href":"https:\/\/shop.kustom.ch\/fr\/wp-json\/wp\/v2\/product\/659627"}],"collection":[{"href":"https:\/\/shop.kustom.ch\/fr\/wp-json\/wp\/v2\/product"}],"about":[{"href":"https:\/\/shop.kustom.ch\/fr\/wp-json\/wp\/v2\/types\/product"}],"wp:featuredmedia":[{"embeddable":true,"href":"https:\/\/shop.kustom.ch\/fr\/wp-json\/wp\/v2\/media\/659670"}],"wp:attachment":[{"href":"https:\/\/shop.kustom.ch\/fr\/wp-json\/wp\/v2\/media?parent=659627"}],"wp:term":[{"taxonomy":"product_brand","embeddable":true,"href":"https:\/\/shop.kustom.ch\/fr\/wp-json\/wp\/v2\/product_brand?post=659627"},{"taxonomy":"product_cat","embeddable":true,"href":"https:\/\/shop.kustom.ch\/fr\/wp-json\/wp\/v2\/product_cat?post=659627"},{"taxonomy":"product_tag","embeddable":true,"href":"https:\/\/shop.kustom.ch\/fr\/wp-json\/wp\/v2\/product_tag?post=659627"}],"curies":[{"name":"wp","href":"https:\/\/api.w.org\/{rel}","templated":true}]}}