{"id":659626,"date":"2025-04-29T04:49:39","date_gmt":"2025-04-29T03:49:39","guid":{"rendered":"https:\/\/shop.kustom.ch\/?post_type=product&#038;p=659626"},"modified":"2026-03-31T08:59:10","modified_gmt":"2026-03-31T07:59:10","slug":"damen-ueberhemd-inhaerent","status":"publish","type":"product","link":"https:\/\/shop.kustom.ch\/fr\/produit\/damen-ueberhemd-inhaerent\/","title":{"rendered":"Sur-chemise pour femme inh\u00e9rente"},"content":{"rendered":"<p>Une surchemise r\u00e9sistante \u00e0 l'huile, \u00e0 la salet\u00e9 et \u00e0 l'eau avec une visibilit\u00e9 am\u00e9lior\u00e9e dans une qualit\u00e9 douce et souple qui se caract\u00e9rise par un grand confort et une grande durabilit\u00e9. Ce v\u00eatement adapt\u00e9 aux femmes est un m\u00e9lange fonctionnel de veste industrielle traditionnelle et de chemise moderne. Il est enti\u00e8rement exempt de m\u00e9tal et dispose de boutons-pression en plastique et d'une fermeture \u00e0 glissi\u00e8re bidirectionnelle en plastique. Poches de poitrine plaqu\u00e9es et couvertes avec beaucoup de place pour le t\u00e9l\u00e9phone portable, le bloc-notes et d'autres ustensiles. Un support ext\u00e9rieur pour, par exemple, un stylo ou des lunettes sur le c\u00f4t\u00e9 gauche. Supports pour oxym\u00e8tre, microphone ou autres appareils techniques au-dessus de chaque poche de poitrine. Le col est dot\u00e9 de boutons-pression sur le devant pour une protection suppl\u00e9mentaire en cas de besoin. Manches et poignets pr\u00e9form\u00e9s, r\u00e9glables en deux largeurs diff\u00e9rentes \u00e0 l'aide de boutons-pression. Ourlet arri\u00e8re prolong\u00e9 pour plus de confort. D\u00e9tails r\u00e9fl\u00e9chissants appliqu\u00e9s \u00e0 chaud sur les \u00e9paules, le dos et les manches. Test\u00e9 et approuv\u00e9 pour le lavage industriel - EN 15797, max. 50 cycles de lavage. Certifi\u00e9 selon les normes EN 1149-5, EN ISO 11611, EN 13034, EN ISO 11612, EN 61482-2.<\/p>\n<p>FONCTIONNALIT\u00c9 : Sans m\u00e9tal. Surface ol\u00e9ophobe, antisalissante et hydrofuge. D\u00c9TAILS : \u00c9tiquettes de certification ext\u00e9rieures. Col particuli\u00e8rement haut dans le dos. Col montant. Boucles de chaque c\u00f4t\u00e9 de la poitrine pour d\u00e9tecteur de gaz\/oxyg\u00e9nom\u00e8tre\/microphone. POCHES : Poches poitrine avec soufflet et rabat. FERMETURE FRONTALE : Fermeture \u00e0 glissi\u00e8re plastique \u00e0 deux voies dissimul\u00e9e. REFLEX : Bande r\u00e9fl\u00e9chissante \u00e0 certains endroits pour une meilleure visibilit\u00e9. FERMETURE : Poignets r\u00e9glables avec bouton-pression. Dos rallong\u00e9. INSTRUCTIONS DE LAVAGE : 60\u00b0 C. Ne pas blanchir. Ne pas repasser. Ne pas nettoyer \u00e0 sec. PRO : adapt\u00e9 au s\u00e9chage en tambour. S\u00e8che-linge - bas. PROPRIETES PRINCIPALES : \u00e9lectricien. Travailleurs manuels. EN 1149-5. EN 13034. EN 61482-2. EN ISO 11611. EN ISO 11612. TISSU : Femme. Disponible pour femmes et hommes. Jaune haute visibilit\u00e9. Noir. Sans m\u00e9tal. Protection contre les flammes. LAVAGE : Lavage industriel EN ISO 15797. CERTIFICATION : EN 1149-5. 50 cycles de lavage max. EN 13034 PB (6). Max. 20 cycles de lavage. ATPV - 11 cal\/cm\u00b2. ELIM - 10 cal\/cm\u00b2. EN 61482-2, APC 1. 50 cycles de lavage max. EN ISO 11611, classe 1 A1+A2. Max. 50 cycles de lavage. EN ISO 11612 A1, A2, B1, C1, E2, F1. Max. 50 cycles de lavage<\/p>\n<p>44% Modacrylique, 30% Coton, 20% FR Polyamide, 5% Aramide, 1% antistatique, Ripstop, ignifug\u00e9, antistatique, 260 g\/m<\/p>","protected":false},"excerpt":{"rendered":"<p>Ein \u00f6l-, schmutz- und wasserabweisendes \u00dcberhemd mit verbesserter Sichtbarkeit in einer weichen, geschmeidigen Qualit\u00e4t, die sich durch hohen Tragekomfort und Strapazierf\u00e4higkeit auszeichnet. Dieses f\u00fcr Damen geeignete Kleidungsst\u00fcck ist eine funktionelle Mischung aus traditioneller Industriejacke und modernem Hemd. Es ist komplett metallfrei und verf\u00fcgt \u00fcber Kunststoffdruckkn\u00f6pfe und einen Zwei-Wege-Reissverschluss aus Kunststoff. Abgedeckte, aufgesetzte Brusttaschen mit viel [&hellip;]<\/p>\n","protected":false},"featured_media":659661,"template":"","meta":[],"product_brand":[],"product_cat":[4186],"product_tag":[],"class_list":{"0":"post-659626","1":"product","2":"type-product","3":"status-publish","4":"has-post-thumbnail","6":"product_cat-jacken","7":"pa_brand-blaklaeder","8":"pa_brand-type-workwear","9":"pa_filter-color-gelb","11":"first","12":"instock","13":"sale","14":"taxable","15":"shipping-taxable","16":"purchasable","17":"product-type-variable","18":"add-to-wishlist-before_image"},"exclude_global_add_ons":[],"addons":[],"acf":[],"_links":{"self":[{"href":"https:\/\/shop.kustom.ch\/fr\/wp-json\/wp\/v2\/product\/659626"}],"collection":[{"href":"https:\/\/shop.kustom.ch\/fr\/wp-json\/wp\/v2\/product"}],"about":[{"href":"https:\/\/shop.kustom.ch\/fr\/wp-json\/wp\/v2\/types\/product"}],"wp:featuredmedia":[{"embeddable":true,"href":"https:\/\/shop.kustom.ch\/fr\/wp-json\/wp\/v2\/media\/659661"}],"wp:attachment":[{"href":"https:\/\/shop.kustom.ch\/fr\/wp-json\/wp\/v2\/media?parent=659626"}],"wp:term":[{"taxonomy":"product_brand","embeddable":true,"href":"https:\/\/shop.kustom.ch\/fr\/wp-json\/wp\/v2\/product_brand?post=659626"},{"taxonomy":"product_cat","embeddable":true,"href":"https:\/\/shop.kustom.ch\/fr\/wp-json\/wp\/v2\/product_cat?post=659626"},{"taxonomy":"product_tag","embeddable":true,"href":"https:\/\/shop.kustom.ch\/fr\/wp-json\/wp\/v2\/product_tag?post=659626"}],"curies":[{"name":"wp","href":"https:\/\/api.w.org\/{rel}","templated":true}]}}