{"id":659590,"date":"2025-04-29T04:49:11","date_gmt":"2025-04-29T03:49:11","guid":{"rendered":"https:\/\/shop.kustom.ch\/?post_type=product&#038;p=659590"},"modified":"2026-03-31T08:59:08","modified_gmt":"2026-03-31T07:59:08","slug":"damenjacke-inhaerent","status":"publish","type":"product","link":"https:\/\/shop.kustom.ch\/fr\/produit\/damenjacke-inhaerent\/","title":{"rendered":"Veste femme inh\u00e9rente"},"content":{"rendered":"<p>Une veste industrielle pour femmes d'une qualit\u00e9 douce, souple, confortable et tr\u00e8s r\u00e9sistante. Cette veste sans m\u00e9tal (boutons et fermetures \u00e0 glissi\u00e8re couvertes en plastique) a des propri\u00e9t\u00e9s ol\u00e9ofuges, antisalissantes et hydrofuges. Poche de poitrine cach\u00e9e avec fermeture \u00e0 glissi\u00e8re, deux poches avant avec rabats et boutons-pression ainsi que des passants pour microphone, oxym\u00e8tre ou autres appareils techniques. Dos rallong\u00e9 et r\u00e9glable en largeur, la largeur des manchettes est \u00e9galement r\u00e9glable \u00e0 l'aide de boutons-pression. Le col peut \u00eatre ferm\u00e9 par deux boutons-pression pour une protection suppl\u00e9mentaire. D\u00e9tails r\u00e9fl\u00e9chissants appliqu\u00e9s \u00e0 chaud sur les \u00e9paules, le dos et les avant-bras. Test\u00e9 et approuv\u00e9 pour le lavage industriel - EN 15797, max. 50 cycles de lavage. Certifi\u00e9 selon les normes EN 1149-5, EN ISO 11611, EN ISO 11612, EN 61482-2 et EN 13034.<\/p>\n<p>FONCTIONNALIT\u00c9 : Sans m\u00e9tal. Surface ol\u00e9ophobe, antisalissante et hydrofuge. D\u00c9TAILS : \u00c9tiquettes de certification ext\u00e9rieures. Boutons en plastique. Col particuli\u00e8rement haut dans le dos. Col montant. Boucles de chaque c\u00f4t\u00e9 de la poitrine pour le d\u00e9tecteur de gaz \/ l'oxyg\u00e9nom\u00e8tre \/ le microphone. POCHES : Poche de poitrine avec fermeture \u00e0 glissi\u00e8re et anneau en D. Poches avant avec rabat et bouton-pression. FERMETURE FRONTALE : Fermeture \u00e9clair cach\u00e9e \u00e0 deux voies en plastique. Coupe-vent avec une fixation \u00e0 bouton. REFLEX : Bande r\u00e9fl\u00e9chissante \u00e0 certains endroits pour une meilleure visibilit\u00e9. FERMETURE : Poignets r\u00e9glables avec boutons-pression. Dos rallong\u00e9. Taille r\u00e9glable avec boutons-pression. INSTRUCTIONS DE LAVAGE : 60\u00b0 C. Ne pas blanchir. Ne pas repasser. Ne pas nettoyer \u00e0 sec. PRO : adapt\u00e9 au s\u00e9chage en tambour. S\u00e8che-linge - bas. PROPRIETES PRINCIPALES : \u00e9lectricien. Travailleurs manuels. EN 1149-5. EN 13034. EN 61482-2. EN ISO 11611. EN ISO 11612. TISSU : Femme. Disponible pour femmes et hommes. bleu. Sans m\u00e9tal. Protection contre les flammes. LAVAGE : lavage industriel EN ISO 15797. CERTIFICATION : EN 1149-5. 50 cycles de lavage max. EN 13034 PB (6). Max. 20 cycles de lavage. ATPV - 11 cal\/cm\u00b2. ELIM - 10 cal\/cm\u00b2. EN 61482-2, APC 1. 50 cycles de lavage max. EN ISO 11611, classe 1 A1+A2. Max. 50 cycles de lavage. EN ISO 11612 A1, A2, B1, C1, E2, F1. Max. 50 cycles de lavage<\/p>\n<p>44% Modacrylique, 30% Coton, 20% FR Polyamide, 5% Aramide, 1% antistatique, Ripstop, ignifug\u00e9, antistatique, 260 g\/m<\/p>","protected":false},"excerpt":{"rendered":"<p>Eine Damen-Industriejacke in weicher, geschmeidiger, komfortabler und sehr strapazierf\u00e4higer Qualit\u00e4t. Die metallfreie (Kn\u00f6pfe und abgedeckte Reissverschl\u00fcsse aus Kunststoff) Jacke hat \u00f6l-, schmutz- und wasserabweisende Eigenschaften. Verdeckte Brusttasche mit Reissverschluss, zwei Vordertaschen mit Patten und Druckkn\u00f6pfen sowie Schlaufen f\u00fcr Mikrofon, Oximeter oder andere technische Ger\u00e4te. Verl\u00e4ngerter, weitenverstellbarer R\u00fccken, auch die Manschettenweite ist mit Druckkn\u00f6pfen verstellbar. Der [&hellip;]<\/p>\n","protected":false},"featured_media":659653,"template":"","meta":[],"product_brand":[],"product_cat":[4186],"product_tag":[],"class_list":{"0":"post-659590","1":"product","2":"type-product","3":"status-publish","4":"has-post-thumbnail","6":"product_cat-jacken","7":"pa_brand-blaklaeder","8":"pa_brand-type-workwear","9":"pa_filter-color-blau","11":"first","12":"instock","13":"sale","14":"taxable","15":"shipping-taxable","16":"purchasable","17":"product-type-variable","18":"add-to-wishlist-before_image"},"exclude_global_add_ons":[],"addons":[],"acf":[],"_links":{"self":[{"href":"https:\/\/shop.kustom.ch\/fr\/wp-json\/wp\/v2\/product\/659590"}],"collection":[{"href":"https:\/\/shop.kustom.ch\/fr\/wp-json\/wp\/v2\/product"}],"about":[{"href":"https:\/\/shop.kustom.ch\/fr\/wp-json\/wp\/v2\/types\/product"}],"wp:featuredmedia":[{"embeddable":true,"href":"https:\/\/shop.kustom.ch\/fr\/wp-json\/wp\/v2\/media\/659653"}],"wp:attachment":[{"href":"https:\/\/shop.kustom.ch\/fr\/wp-json\/wp\/v2\/media?parent=659590"}],"wp:term":[{"taxonomy":"product_brand","embeddable":true,"href":"https:\/\/shop.kustom.ch\/fr\/wp-json\/wp\/v2\/product_brand?post=659590"},{"taxonomy":"product_cat","embeddable":true,"href":"https:\/\/shop.kustom.ch\/fr\/wp-json\/wp\/v2\/product_cat?post=659590"},{"taxonomy":"product_tag","embeddable":true,"href":"https:\/\/shop.kustom.ch\/fr\/wp-json\/wp\/v2\/product_tag?post=659590"}],"curies":[{"name":"wp","href":"https:\/\/api.w.org\/{rel}","templated":true}]}}