{"id":659588,"date":"2025-04-29T04:49:10","date_gmt":"2025-04-29T03:49:10","guid":{"rendered":"https:\/\/shop.kustom.ch\/?post_type=product&#038;p=659588"},"modified":"2026-03-31T08:56:48","modified_gmt":"2026-03-31T07:56:48","slug":"sweatshirt-mit-high-vis-full-zip","status":"publish","type":"product","link":"https:\/\/shop.kustom.ch\/fr\/produit\/sweatshirt-mit-high-vis-full-zip\/","title":{"rendered":"Sweat-shirt avec zip int\u00e9gral haute visibilit\u00e9"},"content":{"rendered":"<p>Sweat-shirt avec des sections haute visibilit\u00e9 marqu\u00e9es et une fermeture \u00e9clair sur toute la longueur. Le sweat-shirt a des bordures c\u00f4tel\u00e9es et un ourlet arri\u00e8re prolong\u00e9 pour plus de confort. Existe aussi en version femme 3568.<\/p>\n<p>FONCTIONNALIT\u00c9 : Coupe normale. D\u00c9TAILS : Col haut avec fermeture \u00e0 glissi\u00e8re. Empi\u00e8cements en haute visibilit\u00e9, pour une meilleure visibilit\u00e9. FERMETURE FRONTALE : Fermeture \u00e0 glissi\u00e8re en plastique. FERMETURE : Poignets avec poignets. Ceinture \u00e0 c\u00f4tes. INSTRUCTIONS DE LAVAGE : 60\u00b0 C. Repassage - bas. Ne pas blanchir. Ne pas nettoyer \u00e0 sec. S\u00e8che-linge - bas. ACTIVIT\u00c9S PRINCIPALES : Poseur de sols. Couvreur de toitures. \u00c9lectricien. Chauffeur de v\u00e9hicule. Travailleur de jardin. Bricoleur de m\u00e9tier. B\u00fbcheron. Installateur de mat\u00e9riel. Travailleur en entrep\u00f4t. Ma\u00e7on \/ carreleur. M\u00e9canicien de chantier. Agent de nettoyage. Employ\u00e9 de service. Ferblantier. Disponible pour les femmes et les hommes. Hommes . TISSU : Disponible pour femmes et hommes. Hommes. bleu. Jaune haute visibilit\u00e9. Noir. Profil\u00e9 . Visible. Tissu fluorescent en polyester haute visibilit\u00e9 100%. USP : 100 % coton. Inserts haute visibilit\u00e9. Dos rallong\u00e9. CERTIFICATION : Non certifi\u00e9 High Vis<\/p>\n<p>100% Coton, French Terry, 320 g\/m<\/p>","protected":false},"excerpt":{"rendered":"<p>Sweatshirt mit markanten High Vis Abschnitten und durchgehendem Reissverschluss. Das Sweatshirt hat Rippenb\u00fcndchen und einen verl\u00e4ngerten R\u00fcckensaum f\u00fcr mehr Komfort. Auch in einer Damenversion 3568 erh\u00e4ltlich. FUNKTIONALIT\u00c4T: Normale Passform. DETAILS: Hoher Kragen mit Reissverschluss. Eins\u00e4tze in High Vis, f\u00fcr h\u00f6here Sichtbarkeit. FRONTVERSCHLUSS: Reissverschluss aus Kunststoff. ABSCHLUSS: Armabschluss mit B\u00fcndchen. Gerippter Bund. WASCHANLEITUNG: 60\u00b0 C. B\u00fcgeln [&hellip;]<\/p>\n","protected":false},"featured_media":659613,"template":"","meta":[],"product_brand":[],"product_cat":[4184],"product_tag":[],"class_list":{"0":"post-659588","1":"product","2":"type-product","3":"status-publish","4":"has-post-thumbnail","6":"product_cat-hoodies-pullover","7":"pa_brand-blaklaeder","8":"pa_brand-type-workwear","9":"pa_filter-color-blau","10":"pa_filter-color-gelb","12":"first","13":"instock","14":"sale","15":"taxable","16":"shipping-taxable","17":"purchasable","18":"product-type-variable","19":"add-to-wishlist-before_image"},"exclude_global_add_ons":[],"addons":[],"acf":[],"_links":{"self":[{"href":"https:\/\/shop.kustom.ch\/fr\/wp-json\/wp\/v2\/product\/659588"}],"collection":[{"href":"https:\/\/shop.kustom.ch\/fr\/wp-json\/wp\/v2\/product"}],"about":[{"href":"https:\/\/shop.kustom.ch\/fr\/wp-json\/wp\/v2\/types\/product"}],"wp:featuredmedia":[{"embeddable":true,"href":"https:\/\/shop.kustom.ch\/fr\/wp-json\/wp\/v2\/media\/659613"}],"wp:attachment":[{"href":"https:\/\/shop.kustom.ch\/fr\/wp-json\/wp\/v2\/media?parent=659588"}],"wp:term":[{"taxonomy":"product_brand","embeddable":true,"href":"https:\/\/shop.kustom.ch\/fr\/wp-json\/wp\/v2\/product_brand?post=659588"},{"taxonomy":"product_cat","embeddable":true,"href":"https:\/\/shop.kustom.ch\/fr\/wp-json\/wp\/v2\/product_cat?post=659588"},{"taxonomy":"product_tag","embeddable":true,"href":"https:\/\/shop.kustom.ch\/fr\/wp-json\/wp\/v2\/product_tag?post=659588"}],"curies":[{"name":"wp","href":"https:\/\/api.w.org\/{rel}","templated":true}]}}