{"id":659507,"date":"2025-04-29T04:48:17","date_gmt":"2025-04-29T03:48:17","guid":{"rendered":"https:\/\/shop.kustom.ch\/?post_type=product&#038;p=659507"},"modified":"2026-03-31T08:56:14","modified_gmt":"2026-03-31T07:56:14","slug":"sweatshirt-mit-durchgehendem-reissverschluss","status":"publish","type":"product","link":"https:\/\/shop.kustom.ch\/fr\/produit\/sweatshirt-mit-durchgehendem-reissverschluss\/","title":{"rendered":"Sweat-shirt avec fermeture \u00e9clair sur toute la longueur"},"content":{"rendered":"<p>Un sweat-shirt \u00e9l\u00e9gant qui convient aussi bien pour le travail que pour les loisirs. Le sweat-shirt est dot\u00e9 de d\u00e9tails r\u00e9fl\u00e9chissants discrets, d'un cordon de serrage \u00e0 l'ourlet et offre d'excellentes possibilit\u00e9s de personnalisation avec votre logo. \u00c9galement disponible en mod\u00e8le femme 3549.<\/p>\n<p>FONCTIONNALIT\u00c9 : Coupe slim. D\u00c9TAILS : Col haut avec fermeture \u00e0 glissi\u00e8re. POCHES : Poche de poitrine avec fermeture \u00e0 glissi\u00e8re. Poches avant avec fermetures \u00e0 glissi\u00e8re. FERMETURE FRONTALE : Fermeture \u00e0 glissi\u00e8re en plastique. Patte \u00e0 vent \u00e0 l'int\u00e9rieur. REFLEX : Bandes r\u00e9fl\u00e9chissantes non certifi\u00e9es. D\u00e9tails r\u00e9fl\u00e9chissants. FERMETURE : Bande \u00e9lastique dans l'ourlet inf\u00e9rieur. INSTRUCTIONS DE LAVAGE : 40\u00b0 C. Ne pas blanchir. Ne pas repasser. Ne pas nettoyer \u00e0 sec. Ne pas essorer. ACTIVIT\u00c9S PRINCIPALES : Conducteur. Travailleur dans le jardin. Travailleur manuel. Travailleurs de l'entrep\u00f4t. Employ\u00e9s de service. Disponible pour les femmes et les hommes. Hommes . TISSU : Disponible pour femmes et hommes. Hommes. Noir. Profil. USP : Coupe ajust\u00e9e. D\u00e9tails r\u00e9fl\u00e9chissants. Int\u00e9rieur doux et bross\u00e9.<\/p>\n<p>100% Polyester, molleton piqu\u00e9, bross\u00e9 d'un c\u00f4t\u00e9, 260 g\/m<\/p>","protected":false},"excerpt":{"rendered":"<p>Ein elegantes Sweatshirt, das sich sowohl f\u00fcr die Arbeit als auch f\u00fcr die Freizeit eignet. Das Sweatshirt hat dezente reflektierende Details, einen Kordelzug am Saum und bietet hervorragende M\u00f6glichkeiten zur Veredelung mit Ihrem Logo. Auch als Damenmodell 3549 erh\u00e4ltlich. FUNKTIONALIT\u00c4T: Slim Fit. DETAILS: Hoher Kragen mit Reissverschluss. TASCHEN: Brusttasche mit Reissverschluss. Vordertaschen mit Reissverschl\u00fcssen. FRONTVERSCHLUSS: [&hellip;]<\/p>\n","protected":false},"featured_media":659558,"template":"","meta":[],"product_brand":[],"product_cat":[4184],"product_tag":[],"class_list":{"0":"post-659507","1":"product","2":"type-product","3":"status-publish","4":"has-post-thumbnail","6":"product_cat-hoodies-pullover","7":"pa_brand-blaklaeder","8":"pa_brand-type-workwear","9":"pa_filter-color-gruen","10":"pa_filter-color-rot","11":"pa_filter-color-schwarz","13":"first","14":"instock","15":"sale","16":"taxable","17":"shipping-taxable","18":"purchasable","19":"product-type-variable","20":"add-to-wishlist-before_image"},"exclude_global_add_ons":[],"addons":[],"acf":[],"_links":{"self":[{"href":"https:\/\/shop.kustom.ch\/fr\/wp-json\/wp\/v2\/product\/659507"}],"collection":[{"href":"https:\/\/shop.kustom.ch\/fr\/wp-json\/wp\/v2\/product"}],"about":[{"href":"https:\/\/shop.kustom.ch\/fr\/wp-json\/wp\/v2\/types\/product"}],"wp:featuredmedia":[{"embeddable":true,"href":"https:\/\/shop.kustom.ch\/fr\/wp-json\/wp\/v2\/media\/659558"}],"wp:attachment":[{"href":"https:\/\/shop.kustom.ch\/fr\/wp-json\/wp\/v2\/media?parent=659507"}],"wp:term":[{"taxonomy":"product_brand","embeddable":true,"href":"https:\/\/shop.kustom.ch\/fr\/wp-json\/wp\/v2\/product_brand?post=659507"},{"taxonomy":"product_cat","embeddable":true,"href":"https:\/\/shop.kustom.ch\/fr\/wp-json\/wp\/v2\/product_cat?post=659507"},{"taxonomy":"product_tag","embeddable":true,"href":"https:\/\/shop.kustom.ch\/fr\/wp-json\/wp\/v2\/product_tag?post=659507"}],"curies":[{"name":"wp","href":"https:\/\/api.w.org\/{rel}","templated":true}]}}