{"id":659506,"date":"2025-04-29T04:48:17","date_gmt":"2025-04-29T03:48:17","guid":{"rendered":"https:\/\/shop.kustom.ch\/?post_type=product&#038;p=659506"},"modified":"2026-03-31T08:55:25","modified_gmt":"2026-03-31T07:55:25","slug":"damen-poloshirt-mit-high-vis","status":"publish","type":"product","link":"https:\/\/shop.kustom.ch\/fr\/produit\/damen-poloshirt-mit-high-vis\/","title":{"rendered":"Polo haute visibilit\u00e9 pour femme"},"content":{"rendered":"<p>Polo avec coupe f\u00e9minine et sections jaunes haute visibilit\u00e9 pour une bonne visibilit\u00e9. Id\u00e9al pour les secteurs o\u00f9 les r\u00e9flecteurs ne sont pas autoris\u00e9s sur les v\u00eatements de travail. \u00c9galement disponible en mod\u00e8le homme 3528.<\/p>\n<p>FONCTIONNALIT\u00c9 : Taille femme. Coupe normale. D\u00c9TAILS : Impression Bl\u00e5kl\u00e4der sur l'\u00e9paule. Encolure avec boutons. Col \u00e0 c\u00f4tes. Coutures renforc\u00e9es au cou. Empi\u00e8cements en haute visibilit\u00e9, pour une meilleure visibilit\u00e9. Fentes sur les c\u00f4t\u00e9s. INSTRUCTIONS DE LAVAGE : 60\u00b0 C. Repassage - bas. Ne pas blanchir. Ne pas nettoyer \u00e0 sec. Ne pas essorer. PROFESSIONS PRINCIPALES : Constructeur de b\u00e9ton. Poseurs de sols. Couvreur de toitures. Chauffeur. P\u00eacheur. Travailleur de jardin. Homme \u00e0 tout faire. Installateur de chauffage. Travailleur de l'entrep\u00f4t. Peintre en b\u00e2timent. Ma\u00e7on \/ carreleur. M\u00e9canicien de chantier. Agent de nettoyage. Employ\u00e9 de service. Ferblantier. TISSU : Femme. Disponible pour femmes et hommes. bleu. Jaune haute visibilit\u00e9. Noir. Profil\u00e9 . Visible. CERTIFICATION : Non certifi\u00e9 High Vis<\/p>\n<p>60% coton, 40% polyester, 220 g\/m<\/p>","protected":false},"excerpt":{"rendered":"<p>Poloshirt mit Damenpassform und gelben High Vis Abschnitten f\u00fcr gute Sichtbarkeit. Ideal f\u00fcr Branchen, in denen Reflektoren an der Arbeitskleidung nicht erlaubt sind. Auch als Herrenmodell 3528 erh\u00e4ltlich. FUNKTIONALIT\u00c4T: Damengr\u00f6sse. Normale Passform. DETAILS: Bl\u00e5kl\u00e4der-Aufdruck an der Schulter. Halsausschnitt mit Kn\u00f6pfen. Gerippter Kragen. Verst\u00e4rkte Halsn\u00e4hte. Eins\u00e4tze in High Vis, f\u00fcr h\u00f6here Sichtbarkeit. Schlitze an den Seiten. [&hellip;]<\/p>\n","protected":false},"featured_media":659541,"template":"","meta":[],"product_brand":[],"product_cat":[4193],"product_tag":[],"class_list":{"0":"post-659506","1":"product","2":"type-product","3":"status-publish","4":"has-post-thumbnail","6":"product_cat-polos","7":"pa_brand-blaklaeder","8":"pa_brand-type-workwear","9":"pa_filter-color-blau","10":"pa_filter-color-gelb","12":"first","13":"instock","14":"sale","15":"taxable","16":"shipping-taxable","17":"purchasable","18":"product-type-variable","19":"add-to-wishlist-before_image"},"exclude_global_add_ons":[],"addons":[],"acf":[],"_links":{"self":[{"href":"https:\/\/shop.kustom.ch\/fr\/wp-json\/wp\/v2\/product\/659506"}],"collection":[{"href":"https:\/\/shop.kustom.ch\/fr\/wp-json\/wp\/v2\/product"}],"about":[{"href":"https:\/\/shop.kustom.ch\/fr\/wp-json\/wp\/v2\/types\/product"}],"wp:featuredmedia":[{"embeddable":true,"href":"https:\/\/shop.kustom.ch\/fr\/wp-json\/wp\/v2\/media\/659541"}],"wp:attachment":[{"href":"https:\/\/shop.kustom.ch\/fr\/wp-json\/wp\/v2\/media?parent=659506"}],"wp:term":[{"taxonomy":"product_brand","embeddable":true,"href":"https:\/\/shop.kustom.ch\/fr\/wp-json\/wp\/v2\/product_brand?post=659506"},{"taxonomy":"product_cat","embeddable":true,"href":"https:\/\/shop.kustom.ch\/fr\/wp-json\/wp\/v2\/product_cat?post=659506"},{"taxonomy":"product_tag","embeddable":true,"href":"https:\/\/shop.kustom.ch\/fr\/wp-json\/wp\/v2\/product_tag?post=659506"}],"curies":[{"name":"wp","href":"https:\/\/api.w.org\/{rel}","templated":true}]}}