{"id":659430,"date":"2025-04-29T04:47:20","date_gmt":"2025-04-29T03:47:20","guid":{"rendered":"https:\/\/shop.kustom.ch\/?post_type=product&#038;p=659430"},"modified":"2026-03-31T08:55:06","modified_gmt":"2026-03-31T07:55:06","slug":"t-shirt-mit-high-vis","status":"publish","type":"product","link":"https:\/\/shop.kustom.ch\/fr\/produit\/t-shirt-mit-high-vis\/","title":{"rendered":"T-shirt \u00e0 haute visibilit\u00e9"},"content":{"rendered":"<p>T-shirt en coton avec des sections jaunes haute visibilit\u00e9 pour une bonne visibilit\u00e9. Id\u00e9al pour les secteurs o\u00f9 les r\u00e9flecteurs ne sont pas autoris\u00e9s sur les v\u00eatements de travail. \u00c9galement disponible en mod\u00e8le femme 3524.<\/p>\n<p>FONCTIONNALIT\u00c9 : Coupe normale. D\u00c9TAILS : Impression Bl\u00e5kl\u00e4der sur l'\u00e9paule. Col rond. Coutures renforc\u00e9es au cou. Empi\u00e8cements en haute visibilit\u00e9, pour une meilleure visibilit\u00e9. Fentes sur les c\u00f4t\u00e9s. FERMETURE : Dos rallong\u00e9. INSTRUCTIONS DE LAVAGE : 60\u00b0 C. Repassage - bas. Ne pas blanchir. Ne pas nettoyer \u00e0 sec. S\u00e8che-linge - bas. ACTIVIT\u00c9S PRINCIPALES : Constructeur de b\u00e9ton. Poseurs de sols. Couvreur de toitures. Conducteur de v\u00e9hicules. Travailleur de jardin. Homme \u00e0 tout faire. Installateur de chauffage. Travailleur en entrep\u00f4t. Ma\u00e7on \/ carreleur. M\u00e9canicien de chantier. Agent de nettoyage. Employ\u00e9 de service. Plombier. TISSU : Disponible pour les femmes et les hommes. Hommes. bleu. Jaune haute visibilit\u00e9. Profil. Visible. USP : 100 % coton. Empi\u00e8cements haute visibilit\u00e9. Dos rallong\u00e9. CERTIFICATION : Non certifi\u00e9 High Vis<\/p>\n<p>100% Coton, jersey, 180 g\/m<\/p>","protected":false},"excerpt":{"rendered":"<p>Baumwoll T-Shirt mit gelben High Vis Abschnitten f\u00fcr gute Sichtbarkeit. Ideal f\u00fcr Branchen, in denen Reflektoren an der Arbeitskleidung nicht erlaubt sind. Auch als Damenmodell 3524 erh\u00e4ltlich. FUNKTIONALIT\u00c4T: Normale Passform. DETAILS: Bl\u00e5kl\u00e4der-Aufdruck an der Schulter. Rundhals. Verst\u00e4rkte Halsn\u00e4hte. Eins\u00e4tze in High Vis, f\u00fcr h\u00f6here Sichtbarkeit. Schlitze an den Seiten. ABSCHLUSS: Verl\u00e4ngerter R\u00fccken. WASCHANLEITUNG: 60\u00b0 C. [&hellip;]<\/p>\n","protected":false},"featured_media":659480,"template":"","meta":[],"product_brand":[],"product_cat":[4201],"product_tag":[],"class_list":{"0":"post-659430","1":"product","2":"type-product","3":"status-publish","4":"has-post-thumbnail","6":"product_cat-t-shirts","7":"pa_brand-blaklaeder","8":"pa_brand-type-workwear","9":"pa_filter-color-blau","10":"pa_filter-color-gelb","12":"first","13":"instock","14":"sale","15":"taxable","16":"shipping-taxable","17":"purchasable","18":"product-type-variable","19":"add-to-wishlist-before_image"},"exclude_global_add_ons":[],"addons":[],"acf":[],"_links":{"self":[{"href":"https:\/\/shop.kustom.ch\/fr\/wp-json\/wp\/v2\/product\/659430"}],"collection":[{"href":"https:\/\/shop.kustom.ch\/fr\/wp-json\/wp\/v2\/product"}],"about":[{"href":"https:\/\/shop.kustom.ch\/fr\/wp-json\/wp\/v2\/types\/product"}],"wp:featuredmedia":[{"embeddable":true,"href":"https:\/\/shop.kustom.ch\/fr\/wp-json\/wp\/v2\/media\/659480"}],"wp:attachment":[{"href":"https:\/\/shop.kustom.ch\/fr\/wp-json\/wp\/v2\/media?parent=659430"}],"wp:term":[{"taxonomy":"product_brand","embeddable":true,"href":"https:\/\/shop.kustom.ch\/fr\/wp-json\/wp\/v2\/product_brand?post=659430"},{"taxonomy":"product_cat","embeddable":true,"href":"https:\/\/shop.kustom.ch\/fr\/wp-json\/wp\/v2\/product_cat?post=659430"},{"taxonomy":"product_tag","embeddable":true,"href":"https:\/\/shop.kustom.ch\/fr\/wp-json\/wp\/v2\/product_tag?post=659430"}],"curies":[{"name":"wp","href":"https:\/\/api.w.org\/{rel}","templated":true}]}}