{"id":659428,"date":"2025-04-29T04:47:20","date_gmt":"2025-04-29T03:47:20","guid":{"rendered":"https:\/\/shop.kustom.ch\/?post_type=product&#038;p=659428"},"modified":"2026-03-31T08:54:31","modified_gmt":"2026-03-31T07:54:31","slug":"flammschutz-unterhemd-2","status":"publish","type":"product","link":"https:\/\/shop.kustom.ch\/fr\/produit\/flammschutz-unterhemd-2\/","title":{"rendered":"Maillot de corps ignifug\u00e9"},"content":{"rendered":"<p>Sous-maillot qui, gr\u00e2ce \u00e0 son mat\u00e9riau confortable et difficilement inflammable, offre une protection durable contre, entre autres, la chaleur, les flammes et les arcs \u00e9lectriques. Certifi\u00e9 selon les normes EN 1149-5, EN ISO 11612, EN 61482-2.<\/p>\n<p>D\u00c9TAILS : \u00c9tiquettes de certification ext\u00e9rieures. Col rond. FINITION : Finition des manches avec poignets. INSTRUCTIONS DE LAVAGE : 60\u00b0 C. Ne pas blanchir. Ne pas repasser. Ne pas nettoyer \u00e0 sec. S\u00e8che-linge - bas. CARACT\u00c9RISTIQUES PRINCIPALES : EN 1149-5. EN 61482-2. EN ISO 11612. TISSU : unisexe. noir. CERTIFICATION : EN 1149-5. EBT - 8,2 cal\/cm\u00b2. ELIM - 7,3 cal\/cm\u00b2. EN 61482-2, APC 1. ISO 11612 A1, B1, C1<\/p>\n<p>59% modacrylique, 39% coton, 2% autres fibres, tricot c\u00f4tel\u00e9, difficilement inflammable, antistatique, 250g\/m<\/p>","protected":false},"excerpt":{"rendered":"<p>Unterhemd, das dank seines bequemen, schwer entflammbaren Materials einen dauerhaften Schutz u.a. gegen Hitze, Flammen und Lichtbogen bietet. Zertifiziert nach EN 1149-5, EN ISO 11612, EN 61482-2. DETAILS: Aussenliegende Zertifizierungsetiketten. Rundhals. ABSCHLUSS: Armabschluss mit B\u00fcndchen. WASCHANLEITUNG: 60\u00b0 C. Nicht bleichen. Nicht b\u00fcgeln. Nicht chemisch reinigen. W\u00e4schetrockner &#8211; niedrig. HAUPTEIGENSCHAFTEN: EN 1149-5. EN 61482-2. EN ISO [&hellip;]<\/p>\n","protected":false},"featured_media":659462,"template":"","meta":[],"product_brand":[],"product_cat":[4206],"product_tag":[],"class_list":{"0":"post-659428","1":"product","2":"type-product","3":"status-publish","4":"has-post-thumbnail","6":"product_cat-underwear","7":"pa_brand-blaklaeder","8":"pa_brand-type-workwear","9":"pa_filter-color-schwarz","11":"first","12":"instock","13":"sale","14":"taxable","15":"shipping-taxable","16":"purchasable","17":"product-type-variable","18":"add-to-wishlist-before_image"},"exclude_global_add_ons":[],"addons":[],"acf":[],"_links":{"self":[{"href":"https:\/\/shop.kustom.ch\/fr\/wp-json\/wp\/v2\/product\/659428"}],"collection":[{"href":"https:\/\/shop.kustom.ch\/fr\/wp-json\/wp\/v2\/product"}],"about":[{"href":"https:\/\/shop.kustom.ch\/fr\/wp-json\/wp\/v2\/types\/product"}],"wp:featuredmedia":[{"embeddable":true,"href":"https:\/\/shop.kustom.ch\/fr\/wp-json\/wp\/v2\/media\/659462"}],"wp:attachment":[{"href":"https:\/\/shop.kustom.ch\/fr\/wp-json\/wp\/v2\/media?parent=659428"}],"wp:term":[{"taxonomy":"product_brand","embeddable":true,"href":"https:\/\/shop.kustom.ch\/fr\/wp-json\/wp\/v2\/product_brand?post=659428"},{"taxonomy":"product_cat","embeddable":true,"href":"https:\/\/shop.kustom.ch\/fr\/wp-json\/wp\/v2\/product_cat?post=659428"},{"taxonomy":"product_tag","embeddable":true,"href":"https:\/\/shop.kustom.ch\/fr\/wp-json\/wp\/v2\/product_tag?post=659428"}],"curies":[{"name":"wp","href":"https:\/\/api.w.org\/{rel}","templated":true}]}}