{"id":659427,"date":"2025-04-29T04:47:19","date_gmt":"2025-04-29T03:47:19","guid":{"rendered":"https:\/\/shop.kustom.ch\/?post_type=product&#038;p=659427"},"modified":"2026-03-31T08:53:55","modified_gmt":"2026-03-31T07:53:55","slug":"damen-langarm-shirt-multinorm","status":"publish","type":"product","link":"https:\/\/shop.kustom.ch\/fr\/produit\/damen-langarm-shirt-multinorm\/","title":{"rendered":"T-shirt manches longues femme Multinorm"},"content":{"rendered":"<p>T-shirt High-Vis \u00e0 manches longues avec protection contre les flammes et bandes r\u00e9fl\u00e9chissantes diagonales. Coupe f\u00e9minine, col rond, coutures renforc\u00e9es aux \u00e9paules et au cou. Certifi\u00e9 selon les normes EN ISO 20471, EN 1149-5, EN ISO 11612.<\/p>\n<p>D\u00c9TAILS : \u00c9tiquettes de certification ext\u00e9rieures. Col rond. REFLEX : Bandes r\u00e9fl\u00e9chissantes de transfert ignifuges interrompues. FINITION : Finition des manches avec poignets. INSTRUCTIONS DE LAVAGE : 40\u00b0 C. Ne pas blanchir. Ne pas repasser. Ne pas nettoyer \u00e0 sec. Ne pas essorer. TEXTES PRINCIPAUX : \u00c9lectricien. Travailleur manuel. Personnel de service. EN 1149-5. EN 61482-2. EN ISO 11612. EN ISO 20471. TISSU : Femme. Jaune haute visibilit\u00e9. Protection contre les flammes. CERTIFICATION : EN 1149-5. EN ISO 11612 A1, B1, C1, E1, F1. EN ISO 20471 XS-M classe 2, L -&gt; classe 3. Groupe de certification C -&gt;L. ATPV - 13,1 cal\/cm\u00b2. ELIM - 12,2 cal\/cm\u00b2. IEC 61482-2, APC 1<\/p>\n<p>48% modacrylique, 42% coton, 5% aramide, 3% polyamide, 2% fibre antistatique, interlock, ignifug\u00e9, antistatique, 250 g\/m<\/p>","protected":false},"excerpt":{"rendered":"<p>Lang\u00e4rmeliges High-Vis T-Shirt mit Flammschutz und diagonalen Reflexstreifen. Weibliche Passform, Rundhalsausschnitt, verst\u00e4rkte N\u00e4hte an den Schultern und im Nacken. Zertifiziert nach EN ISO 20471, EN 1149-5, EN ISO 11612. DETAILS: Aussenliegende Zertifizierungsetiketten. Rundhals. REFLEX: Unterbrochene flammhemmende Transfer-Reflexstreifen. ABSCHLUSS: Armabschluss mit B\u00fcndchen. WASCHANLEITUNG: 40\u00b0 C. Nicht bleichen. Nicht b\u00fcgeln. Nicht chemisch reinigen. Nicht schleudern. HAUPTEIGENSCHAFTEN: Elektriker. [&hellip;]<\/p>\n","protected":false},"featured_media":659454,"template":"","meta":[],"product_brand":[],"product_cat":[4201],"product_tag":[],"class_list":{"0":"post-659427","1":"product","2":"type-product","3":"status-publish","4":"has-post-thumbnail","6":"product_cat-t-shirts","7":"pa_brand-blaklaeder","8":"pa_brand-type-workwear","9":"pa_filter-color-gelb","11":"first","12":"instock","13":"sale","14":"taxable","15":"shipping-taxable","16":"purchasable","17":"product-type-variable","18":"add-to-wishlist-before_image"},"exclude_global_add_ons":[],"addons":[],"acf":[],"_links":{"self":[{"href":"https:\/\/shop.kustom.ch\/fr\/wp-json\/wp\/v2\/product\/659427"}],"collection":[{"href":"https:\/\/shop.kustom.ch\/fr\/wp-json\/wp\/v2\/product"}],"about":[{"href":"https:\/\/shop.kustom.ch\/fr\/wp-json\/wp\/v2\/types\/product"}],"wp:featuredmedia":[{"embeddable":true,"href":"https:\/\/shop.kustom.ch\/fr\/wp-json\/wp\/v2\/media\/659454"}],"wp:attachment":[{"href":"https:\/\/shop.kustom.ch\/fr\/wp-json\/wp\/v2\/media?parent=659427"}],"wp:term":[{"taxonomy":"product_brand","embeddable":true,"href":"https:\/\/shop.kustom.ch\/fr\/wp-json\/wp\/v2\/product_brand?post=659427"},{"taxonomy":"product_cat","embeddable":true,"href":"https:\/\/shop.kustom.ch\/fr\/wp-json\/wp\/v2\/product_cat?post=659427"},{"taxonomy":"product_tag","embeddable":true,"href":"https:\/\/shop.kustom.ch\/fr\/wp-json\/wp\/v2\/product_tag?post=659427"}],"curies":[{"name":"wp","href":"https:\/\/api.w.org\/{rel}","templated":true}]}}