{"id":659333,"date":"2025-04-29T04:46:19","date_gmt":"2025-04-29T03:46:19","guid":{"rendered":"https:\/\/shop.kustom.ch\/?post_type=product&#038;p=659333"},"modified":"2026-03-31T08:48:36","modified_gmt":"2026-03-31T07:48:36","slug":"damen-flanellhemd","status":"publish","type":"product","link":"https:\/\/shop.kustom.ch\/fr\/produit\/damen-flanellhemd\/","title":{"rendered":"Chemise en flanelle pour femme"},"content":{"rendered":"<p>Chemise en flanelle robuste et \u00e0 la mode, coupe f\u00e9minine. Cette chemise \u00e0 manches longues est fabriqu\u00e9e en flanelle \u00e9paisse et douillette et a une coupe d\u00e9contract\u00e9e pour plus de confort. Id\u00e9ale \u00e0 porter au travail et pendant les loisirs. \u00c9galement disponible en mod\u00e8le homme 3288.<\/p>\n<p>FONCTIONNALIT\u00c9 : Taille femme. D\u00c9TAILS : Boutons en plastique. PORTEFEUILLE : Poche poitrine avec rabat et poche stylo. FINITION : Finition des manches avec poignets. INSTRUCTIONS DE LAVAGE : 40\u00b0 C. Repassage - moyen. Ne pas blanchir. Ne pas nettoyer \u00e0 sec. Ne pas essorer. PROFESSIONS PRINCIPALES : Poseur de sols. Couvreur de toitures. Chauffeur. P\u00eacheur. Travailleur de jardin. Homme \u00e0 tout faire. Installateur de chauffage. Travailleur de l'entrep\u00f4t. Peintre en b\u00e2timent. Ma\u00e7on \/ carreleur. M\u00e9canicien de chantier. Agent de nettoyage. Plombier. TISSU : femmes. vert. rouge. noir. USP : 100 % coton. Bross\u00e9 des deux c\u00f4t\u00e9s<\/p>\n<p>100% Coton, serg\u00e9, bross\u00e9 des deux c\u00f4t\u00e9s, 233g\/m<\/p>","protected":false},"excerpt":{"rendered":"<p>Robustes, modisches Flanellhemd in Damenpassform. Dieses lang\u00e4rmelige Hemd ist aus dickem, kuscheligem Flanell gefertigt und hat eine lockere Passform f\u00fcr mehr Komfort. Ideal zum Tragen im Beruf und in der Freizeit. Auch als Herrenmodell 3288 erh\u00e4ltlich. FUNKTIONALIT\u00c4T: Damengr\u00f6sse. DETAILS: Kunststoff-Kn\u00f6pfe. TASCHEN: Brusttasche mit Patte und Stifttasche. ABSCHLUSS: Armabschluss mit B\u00fcndchen. WASCHANLEITUNG: 40\u00b0 C. B\u00fcgeln &#8211; [&hellip;]<\/p>\n","protected":false},"featured_media":659381,"template":"","meta":[],"product_brand":[],"product_cat":[9874],"product_tag":[],"class_list":{"0":"post-659333","1":"product","2":"type-product","3":"status-publish","4":"has-post-thumbnail","6":"product_cat-hemden","7":"pa_brand-blaklaeder","8":"pa_brand-type-workwear","9":"pa_filter-color-gruen","10":"pa_filter-color-rot","11":"pa_filter-color-schwarz","13":"first","14":"instock","15":"sale","16":"taxable","17":"shipping-taxable","18":"purchasable","19":"product-type-variable","20":"add-to-wishlist-before_image"},"exclude_global_add_ons":[],"addons":[],"acf":[],"_links":{"self":[{"href":"https:\/\/shop.kustom.ch\/fr\/wp-json\/wp\/v2\/product\/659333"}],"collection":[{"href":"https:\/\/shop.kustom.ch\/fr\/wp-json\/wp\/v2\/product"}],"about":[{"href":"https:\/\/shop.kustom.ch\/fr\/wp-json\/wp\/v2\/types\/product"}],"wp:featuredmedia":[{"embeddable":true,"href":"https:\/\/shop.kustom.ch\/fr\/wp-json\/wp\/v2\/media\/659381"}],"wp:attachment":[{"href":"https:\/\/shop.kustom.ch\/fr\/wp-json\/wp\/v2\/media?parent=659333"}],"wp:term":[{"taxonomy":"product_brand","embeddable":true,"href":"https:\/\/shop.kustom.ch\/fr\/wp-json\/wp\/v2\/product_brand?post=659333"},{"taxonomy":"product_cat","embeddable":true,"href":"https:\/\/shop.kustom.ch\/fr\/wp-json\/wp\/v2\/product_cat?post=659333"},{"taxonomy":"product_tag","embeddable":true,"href":"https:\/\/shop.kustom.ch\/fr\/wp-json\/wp\/v2\/product_tag?post=659333"}],"curies":[{"name":"wp","href":"https:\/\/api.w.org\/{rel}","templated":true}]}}