{"id":659314,"date":"2025-04-29T04:45:51","date_gmt":"2025-04-29T03:45:51","guid":{"rendered":"https:\/\/shop.kustom.ch\/?post_type=product&#038;p=659314"},"modified":"2026-03-31T08:47:58","modified_gmt":"2026-03-31T07:47:58","slug":"weste-inhaerent","status":"publish","type":"product","link":"https:\/\/shop.kustom.ch\/fr\/produit\/weste-inhaerent\/","title":{"rendered":"Gilet inh\u00e9rent"},"content":{"rendered":"<p>Gilet en mat\u00e9riau souple et doux, tr\u00e8s r\u00e9sistant. Un mod\u00e8le tr\u00e8s appr\u00e9ci\u00e9 des plombiers et des \u00e9lectriciens qui ont l'habitude de porter beaucoup d'\u00e9quipement. Plusieurs poches multifonctions qui facilitent le travail quotidien. Le gilet est exempt de m\u00e9tal et poss\u00e8de des boutons-pression et une fermeture \u00e9clair en plastique. D\u00e9tails r\u00e9fl\u00e9chissants appliqu\u00e9s avec application de chaleur pour une meilleure visibilit\u00e9 et boucles autour de la taille pour une ceinture qui peut soulager.<\/p>\n<p>FONCTIONNALIT\u00c9 : Sans m\u00e9tal. Surface r\u00e9sistante \u00e0 l'huile, \u00e0 la salet\u00e9 et \u00e0 l'eau. D\u00c9TAILS : Anneau en D. \u00c9tiquettes de certification ext\u00e9rieures. Boutons-pression en plastique. Larges passants pour la ceinture. Boucles de chaque c\u00f4t\u00e9 de la poitrine pour le d\u00e9tecteur de gaz \/ l'oxyg\u00e9nom\u00e8tre \/ le microphone. POCHES : Poches poitrine avec soufflet, rabat et boutons-pression, dont une avec une bande porte-outils. Poches \u00e0 outils renforc\u00e9es en trois parties. Poches \u00e0 outils - avant et arri\u00e8re. FERMETURE FRONTALE : Fermeture \u00e0 glissi\u00e8re en plastique renforc\u00e9e et dissimul\u00e9e. REFLEX : bande r\u00e9fl\u00e9chissante \u00e0 certains endroits pour une meilleure visibilit\u00e9. INSTRUCTIONS DE LAVAGE : 60\u00b0 C. Ne pas blanchir. Ne pas repasser. Ne pas nettoyer \u00e0 sec. PRO : adapt\u00e9 au s\u00e9chage en tambour. S\u00e8che-linge - bas. PROPRIETES PRINCIPALES : \u00e9lectricien. Travailleurs manuels. EN 1149-5. EN 61482-2. EN ISO 11612. TISSU : bleu. Sans m\u00e9tal. Protection contre les flammes. LAVAGE : lavage industriel EN ISO 15797. CERTIFICATION : EN 1149-5. 50 cycles de lavage max. ATPV - 11 cal\/cm\u00b2. ELIM - 10 cal\/cm\u00b2. EN 61482-2, APC 1. 50 cycles de lavage max. EN ISO 11612 A1,A2,B1,C1,F1. Max. 50 cycles de lavage<\/p>\n<p>44% Modacrylique, 30% Coton, 20% FR Polyamide, 5% Aramide, 1% antistatique, Ripstop, ignifug\u00e9, antistatique, 260 g\/m<\/p>","protected":false},"excerpt":{"rendered":"<p>Weste aus weichem, geschmeidigem Material mit hoher Strapazierf\u00e4higkeit. Ein beliebtes Modell bei Installateuren und Elektrikern, die es gewohnt sind, viel Ausr\u00fcstung zu tragen. Mehrere Multifunktionstaschen, die die t\u00e4gliche Arbeit erleichtern. Die Weste ist metallfrei und hat Druckkn\u00f6pfe und Reissverschluss aus Kunststoff. Mit W\u00e4rmeapplikation aufgebrachte reflektierende Details f\u00fcr bessere Sichtbarkeit und Schlaufen um die Taille f\u00fcr [&hellip;]<\/p>\n","protected":false},"featured_media":659373,"template":"","meta":[],"product_brand":[],"product_cat":[4208],"product_tag":[],"class_list":{"0":"post-659314","1":"product","2":"type-product","3":"status-publish","4":"has-post-thumbnail","6":"product_cat-westen","7":"pa_brand-blaklaeder","8":"pa_brand-type-workwear","9":"pa_filter-color-blau","11":"first","12":"instock","13":"sale","14":"taxable","15":"shipping-taxable","16":"purchasable","17":"product-type-variable","18":"add-to-wishlist-before_image"},"exclude_global_add_ons":[],"addons":[],"acf":[],"_links":{"self":[{"href":"https:\/\/shop.kustom.ch\/fr\/wp-json\/wp\/v2\/product\/659314"}],"collection":[{"href":"https:\/\/shop.kustom.ch\/fr\/wp-json\/wp\/v2\/product"}],"about":[{"href":"https:\/\/shop.kustom.ch\/fr\/wp-json\/wp\/v2\/types\/product"}],"wp:featuredmedia":[{"embeddable":true,"href":"https:\/\/shop.kustom.ch\/fr\/wp-json\/wp\/v2\/media\/659373"}],"wp:attachment":[{"href":"https:\/\/shop.kustom.ch\/fr\/wp-json\/wp\/v2\/media?parent=659314"}],"wp:term":[{"taxonomy":"product_brand","embeddable":true,"href":"https:\/\/shop.kustom.ch\/fr\/wp-json\/wp\/v2\/product_brand?post=659314"},{"taxonomy":"product_cat","embeddable":true,"href":"https:\/\/shop.kustom.ch\/fr\/wp-json\/wp\/v2\/product_cat?post=659314"},{"taxonomy":"product_tag","embeddable":true,"href":"https:\/\/shop.kustom.ch\/fr\/wp-json\/wp\/v2\/product_tag?post=659314"}],"curies":[{"name":"wp","href":"https:\/\/api.w.org\/{rel}","templated":true}]}}