{"id":659303,"date":"2025-04-29T04:45:23","date_gmt":"2025-04-29T03:45:23","guid":{"rendered":"https:\/\/shop.kustom.ch\/?post_type=product&#038;p=659303"},"modified":"2026-03-31T08:46:32","modified_gmt":"2026-03-31T07:46:32","slug":"inhaerenter-aermelloser-overall","status":"publish","type":"product","link":"https:\/\/shop.kustom.ch\/fr\/produit\/inhaerenter-aermelloser-overall\/","title":{"rendered":"Combinaison inh\u00e9rente sans manches"},"content":{"rendered":"<p>Combinaison sans manches r\u00e9sistante \u00e0 l'huile, \u00e0 la salet\u00e9 et \u00e0 l'eau, qui offre une protection ad\u00e9quate dans les environnements difficiles. Cette combinaison sans manches l\u00e9g\u00e8re, r\u00e9sistante, confortable et sans m\u00e9tal est fabriqu\u00e9e dans un mat\u00e9riau inh\u00e9rent et dispose d'inserts extensibles dans le dos pour plus de confort et de libert\u00e9 de mouvement. Les poches de poitrine peuvent \u00eatre s\u00e9par\u00e9es en bas pour travailler pench\u00e9 vers l'avant. Poches renforc\u00e9es pour genouill\u00e8res qui s'ouvrent par le bas. Certifi\u00e9 selon les normes EN 1149-5, EN 61482-2, EN ISO 11612, EN ISO 20471.<\/p>\n<p>FONCTIONNALIT\u00c9 : Surface ol\u00e9ofuge, antisalissure et hydrofuge. Stretch au dos. D\u00c9TAILS : Poche d'identification amovible pour les v\u00eatements ignifuges. \u00c9tiquettes de certification ext\u00e9rieures. Passants . POCHES : Poche sur la jambe avec soufflet, rabat et poche pour stylo, poche suppl\u00e9mentaire, poche pour t\u00e9l\u00e9phone portable et poche pour carte d'identit\u00e9. Poches poitrine avec soufflet, rabat et boutons-pression, dont une avec une bande porte-outils. Poches arri\u00e8re \u00e0 soufflet et \u00e0 rabat. Poches ext\u00e9rieures pour genouill\u00e8res. Poches avant avec rabats. Poche m\u00e8tre renforc\u00e9e avec porte couteau et poche stylo. FERMETURE FRONTALE : Fermeture \u00e0 glissi\u00e8re invisible \u00e0 double sens en mati\u00e8re synth\u00e9tique. RENFORCEMENT : CORDURA\u00ae\/Kevlar\u00ae\/Protal\u00ae - renforc\u00e9 au niveau des genoux. Poche m\u00e8tre renforc\u00e9e et poches arri\u00e8re. REFLEX : Bandes r\u00e9fl\u00e9chissantes ignifuges avec doubles coutures. FERMETURE : Possibilit\u00e9 de rallonger l'ourlet de la jambe, ne s'applique pas aux tailles D. Largeur de l'ourlet de la jambe r\u00e9glable avec des boutons-pression en plastique. INSTRUCTIONS DE LAVAGE : 60\u00b0 C. Ne pas blanchir. Ne pas repasser. Ne pas nettoyer \u00e0 sec. S\u00e8che-linge - bas. TEXTES PRINCIPAUX : \u00c9lectricien. Travailleur manuel. Personnel de service. EN 1149-5. EN 14004. EN 61482-2. EN ISO 11612. EN ISO 20471. TISSU : bleu. Jaune haute visibilit\u00e9. Poches pour genouill\u00e8res. Sans m\u00e9tal. Insert en stretch. Protection contre les flammes. CERTIFICATION : EN 1149-5. EN 14404 2004+A1 2010, type 1, niveau 1 avec genouill\u00e8res art. 4027. EN ISO 11612 A1, B1, C1, F1. EN ISO 20471, classe 1. groupe de certification W. ATPV - 10,7 cal\/cm\u00b2. IEC 61482-2, APC 1<\/p>\n<p>44% Modacrylique, 30% Coton, 20% FR Polyamide, 5% Aramide, 1% antistatique, Ripstop, ignifug\u00e9, antistatique, 260 g\/m<\/p>","protected":false},"excerpt":{"rendered":"<p>\u00d6l-, schmutz- und wasserabweisender, \u00e4rmelloser Overall, der in rauen Umgebungen den richtigen Schutz bietet. Dieser leichte, strapazierf\u00e4hige, bequeme und metallfreie \u00e4rmellose Overall besteht aus einem inh\u00e4renten Material und verf\u00fcgt \u00fcber Stretcheins\u00e4tze im R\u00fcckenbereich f\u00fcr mehr Komfort und Bewegungsfreiheit. Die Brusttaschen k\u00f6nnen unten abgetrennt werden, um nach vorne gelehnt zu arbeiten. Verst\u00e4rkte Kniepolstertaschen, die sich von [&hellip;]<\/p>\n","protected":false},"featured_media":659352,"template":"","meta":[],"product_brand":[],"product_cat":[10454],"product_tag":[],"class_list":{"0":"post-659303","1":"product","2":"type-product","3":"status-publish","4":"has-post-thumbnail","6":"product_cat-overalls","7":"pa_brand-blaklaeder","8":"pa_brand-type-workwear","9":"pa_filter-color-blau","10":"pa_filter-color-gelb","12":"first","13":"instock","14":"sale","15":"taxable","16":"shipping-taxable","17":"purchasable","18":"product-type-variable","19":"add-to-wishlist-before_image"},"exclude_global_add_ons":[],"addons":[],"acf":[],"_links":{"self":[{"href":"https:\/\/shop.kustom.ch\/fr\/wp-json\/wp\/v2\/product\/659303"}],"collection":[{"href":"https:\/\/shop.kustom.ch\/fr\/wp-json\/wp\/v2\/product"}],"about":[{"href":"https:\/\/shop.kustom.ch\/fr\/wp-json\/wp\/v2\/types\/product"}],"wp:featuredmedia":[{"embeddable":true,"href":"https:\/\/shop.kustom.ch\/fr\/wp-json\/wp\/v2\/media\/659352"}],"wp:attachment":[{"href":"https:\/\/shop.kustom.ch\/fr\/wp-json\/wp\/v2\/media?parent=659303"}],"wp:term":[{"taxonomy":"product_brand","embeddable":true,"href":"https:\/\/shop.kustom.ch\/fr\/wp-json\/wp\/v2\/product_brand?post=659303"},{"taxonomy":"product_cat","embeddable":true,"href":"https:\/\/shop.kustom.ch\/fr\/wp-json\/wp\/v2\/product_cat?post=659303"},{"taxonomy":"product_tag","embeddable":true,"href":"https:\/\/shop.kustom.ch\/fr\/wp-json\/wp\/v2\/product_tag?post=659303"}],"curies":[{"name":"wp","href":"https:\/\/api.w.org\/{rel}","templated":true}]}}