{"id":659265,"date":"2025-04-29T04:44:50","date_gmt":"2025-04-29T03:44:50","guid":{"rendered":"https:\/\/shop.kustom.ch\/?post_type=product&#038;p=659265"},"modified":"2026-03-31T08:43:34","modified_gmt":"2026-03-31T07:43:34","slug":"funktionssocken-dry-2er-pack-2","status":"publish","type":"product","link":"https:\/\/shop.kustom.ch\/fr\/produit\/funktionssocken-dry-2er-pack-2\/","title":{"rendered":"Chaussettes fonctionnelles Dry pack de 2"},"content":{"rendered":"<p>Chaussettes fonctionnelles en Dryarn\u00ae avec une \u00e9vacuation efficace de l'humidit\u00e9 pour garder les pieds au sec \u00e0 toutes les temp\u00e9ratures, \u00e0 l'int\u00e9rieur comme \u00e0 l'ext\u00e9rieur. Parties en tricot piqu\u00e9 \u00e0 des endroits choisis pour une a\u00e9ration suppl\u00e9mentaire et renforts aux orteils, \u00e0 la semelle et au talon pour une durabilit\u00e9 maximale. Le soutien de la vo\u00fbte plantaire et la coupe ajust\u00e9e soutiennent le pied et emp\u00eachent la chaussette de glisser vers le bas.<\/p>\n<p>FONCTIONNALIT\u00c9 : Tricot \u00e9lastique sur la plante des pieds. Bon transport de l'humidit\u00e9. Renforts au talon, \u00e0 la semelle et \u00e0 la pointe. CONDITIONNEMENT : Lot de 2. INSTRUCTIONS DE LAVAGE : 40\u00b0 C. Ne pas blanchir. Ne pas repasser. Ne pas nettoyer \u00e0 sec. Ne pas essorer. CARACT\u00c9RISTIQUES PRINCIPALES : Unisexe. TISSU : noir<\/p>\n<p>55% polyamide, 42% polypropyl\u00e8ne, 3% \u00e9lasthanne<\/p>","protected":false},"excerpt":{"rendered":"<p>Funktionssocke aus Dryarn\u00ae mit effektivem Feuchtigkeitstransport, um Ihre F\u00fcsse bei jeder Temperatur trocken zu halten, sowohl drinnen als auch draussen. Piqu\u00e9-Strickpartien an ausgew\u00e4hlten Stellen f\u00fcr zus\u00e4tzliche Bel\u00fcftung und Verst\u00e4rkungen an Zehen, Sohle und Ferse f\u00fcr maximale Haltbarkeit. Die Fussgew\u00f6lbest\u00fctze und die enge Passform st\u00fctzen den Fuss und verhindern, dass die Socke nach unten rutscht. FUNKTIONALIT\u00c4T: [&hellip;]<\/p>\n","protected":false},"featured_media":659326,"template":"","meta":[],"product_brand":[],"product_cat":[4199],"product_tag":[],"class_list":{"0":"post-659265","1":"product","2":"type-product","3":"status-publish","4":"has-post-thumbnail","6":"product_cat-socken","7":"pa_brand-blaklaeder","8":"pa_brand-type-workwear","9":"pa_filter-color-schwarz","11":"first","12":"instock","13":"sale","14":"taxable","15":"shipping-taxable","16":"purchasable","17":"product-type-variable","18":"add-to-wishlist-before_image"},"exclude_global_add_ons":[],"addons":[],"acf":[],"_links":{"self":[{"href":"https:\/\/shop.kustom.ch\/fr\/wp-json\/wp\/v2\/product\/659265"}],"collection":[{"href":"https:\/\/shop.kustom.ch\/fr\/wp-json\/wp\/v2\/product"}],"about":[{"href":"https:\/\/shop.kustom.ch\/fr\/wp-json\/wp\/v2\/types\/product"}],"wp:featuredmedia":[{"embeddable":true,"href":"https:\/\/shop.kustom.ch\/fr\/wp-json\/wp\/v2\/media\/659326"}],"wp:attachment":[{"href":"https:\/\/shop.kustom.ch\/fr\/wp-json\/wp\/v2\/media?parent=659265"}],"wp:term":[{"taxonomy":"product_brand","embeddable":true,"href":"https:\/\/shop.kustom.ch\/fr\/wp-json\/wp\/v2\/product_brand?post=659265"},{"taxonomy":"product_cat","embeddable":true,"href":"https:\/\/shop.kustom.ch\/fr\/wp-json\/wp\/v2\/product_cat?post=659265"},{"taxonomy":"product_tag","embeddable":true,"href":"https:\/\/shop.kustom.ch\/fr\/wp-json\/wp\/v2\/product_tag?post=659265"}],"curies":[{"name":"wp","href":"https:\/\/api.w.org\/{rel}","templated":true}]}}