{"id":659263,"date":"2025-04-29T04:44:50","date_gmt":"2025-04-29T03:44:50","guid":{"rendered":"https:\/\/shop.kustom.ch\/?post_type=product&#038;p=659263"},"modified":"2026-03-31T08:43:33","modified_gmt":"2026-03-31T07:43:33","slug":"baumwollsocken-3er-pack-2","status":"publish","type":"product","link":"https:\/\/shop.kustom.ch\/fr\/produit\/baumwollsocken-3er-pack-2\/","title":{"rendered":"Lot de 3 chaussettes en coton"},"content":{"rendered":"<p>Chaussette de base de haute qualit\u00e9 avec tricot \u00e9ponge au talon, \u00e0 la semelle et aux orteils pour le confort et le rembourrage. Soutien de la vo\u00fbte plantaire gr\u00e2ce \u00e0 un tricotage \u00e9lastique. Chaussette de cheville en coton pour le travail et les loisirs. Livr\u00e9e en paquet de 3 paires.<\/p>\n<p>FONCTIONNALIT\u00c9 : Tricot \u00e9lastique sur la plante du pied. Tricot \u00e9ponge au talon, \u00e0 la semelle et \u00e0 la pointe. Utilisable toute l'ann\u00e9e. CONDITIONNEMENT : Paquet de 3. INSTRUCTIONS DE LAVAGE : 60\u00b0 C. Ne pas blanchir. Ne pas repasser. Ne pas nettoyer \u00e0 sec. Adapt\u00e9 au s\u00e8che-linge. CARACT\u00c9RISTIQUES PRINCIPALES : Unisexe. TISSU : gris. noir<\/p>\n<p>80% coton, 18% polyamide, 2% \u00e9lasthanne<\/p>","protected":false},"excerpt":{"rendered":"<p>Hochwertige Basissocke mit Frotteestrick an Ferse, Sohle und Zehen f\u00fcr Komfort und Polsterung. Unterst\u00fctzung im Fussgew\u00f6lbe durch elsastisches Gestrick. Kn\u00f6chelsocke aus Baumwolle f\u00fcr Arbeit und Freizeit. Kommt in einer Packung mit 3 Paar. FUNKTIONALIT\u00c4T: Elastisches Strickmaterial an der Fusssohle. Frotteestrick an Ferse, Sohle und Spitze. Ganzj\u00e4hrige Nutzung. VERPACKUNG: 3er-Pack. WASCHANLEITUNG: 60\u00b0 C. Nicht bleichen. Nicht [&hellip;]<\/p>\n","protected":false},"featured_media":659313,"template":"","meta":[],"product_brand":[],"product_cat":[4199],"product_tag":[],"class_list":{"0":"post-659263","1":"product","2":"type-product","3":"status-publish","4":"has-post-thumbnail","6":"product_cat-socken","7":"pa_brand-blaklaeder","8":"pa_brand-type-workwear","9":"pa_filter-color-grau","10":"pa_filter-color-schwarz","12":"first","13":"instock","14":"sale","15":"taxable","16":"shipping-taxable","17":"purchasable","18":"product-type-variable","19":"add-to-wishlist-before_image"},"exclude_global_add_ons":[],"addons":[],"acf":[],"_links":{"self":[{"href":"https:\/\/shop.kustom.ch\/fr\/wp-json\/wp\/v2\/product\/659263"}],"collection":[{"href":"https:\/\/shop.kustom.ch\/fr\/wp-json\/wp\/v2\/product"}],"about":[{"href":"https:\/\/shop.kustom.ch\/fr\/wp-json\/wp\/v2\/types\/product"}],"wp:featuredmedia":[{"embeddable":true,"href":"https:\/\/shop.kustom.ch\/fr\/wp-json\/wp\/v2\/media\/659313"}],"wp:attachment":[{"href":"https:\/\/shop.kustom.ch\/fr\/wp-json\/wp\/v2\/media?parent=659263"}],"wp:term":[{"taxonomy":"product_brand","embeddable":true,"href":"https:\/\/shop.kustom.ch\/fr\/wp-json\/wp\/v2\/product_brand?post=659263"},{"taxonomy":"product_cat","embeddable":true,"href":"https:\/\/shop.kustom.ch\/fr\/wp-json\/wp\/v2\/product_cat?post=659263"},{"taxonomy":"product_tag","embeddable":true,"href":"https:\/\/shop.kustom.ch\/fr\/wp-json\/wp\/v2\/product_tag?post=659263"}],"curies":[{"name":"wp","href":"https:\/\/api.w.org\/{rel}","templated":true}]}}