{"id":659262,"date":"2025-04-29T04:44:50","date_gmt":"2025-04-29T03:44:50","guid":{"rendered":"https:\/\/shop.kustom.ch\/?post_type=product&#038;p=659262"},"modified":"2026-03-31T08:43:32","modified_gmt":"2026-03-31T07:43:32","slug":"baumwollsocken-3er-pack","status":"publish","type":"product","link":"https:\/\/shop.kustom.ch\/fr\/produit\/baumwollsocken-3er-pack\/","title":{"rendered":"Lot de 3 chaussettes en coton"},"content":{"rendered":"<p>Chaussettes en coton pour le travail et les loisirs. Livr\u00e9es dans un paquet de 3 paires.<\/p>\n<p>FONCTIONNALIT\u00c9 : Chaussettes longues \u00e0 la cheville. CONDITIONNEMENT : Paquet de 3. INSTRUCTIONS DE LAVAGE : 60\u00b0 C. Ne pas blanchir. Ne pas repasser. Ne pas nettoyer \u00e0 sec. Adapt\u00e9 au s\u00e8che-linge. CARACT\u00c9RISTIQUES PRINCIPALES : Unisexe. TISSU : noir<\/p>\n<p>84% coton, 14% polyamide, 2% \u00e9lasthanne<\/p>","protected":false},"excerpt":{"rendered":"<p>Baumwollsocke f\u00fcr Arbeit und Freizeit. Kommt in einer Packung mit 3 Paaren. FUNKTIONALIT\u00c4T: Kn\u00f6chellange Socken. VERPACKUNG: 3er-Pack. WASCHANLEITUNG: 60\u00b0 C. Nicht bleichen. Nicht b\u00fcgeln. Nicht chemisch reinigen. W\u00e4schetrockner geeignet. HAUPTEIGENSCHAFTEN: Unisex. STOFF: schwarz 84% Baumwolle, 14% Polyamid, 2% Elastan<\/p>","protected":false},"featured_media":659307,"template":"","meta":[],"product_brand":[],"product_cat":[4199],"product_tag":[],"class_list":{"0":"post-659262","1":"product","2":"type-product","3":"status-publish","4":"has-post-thumbnail","6":"product_cat-socken","7":"pa_brand-blaklaeder","8":"pa_brand-type-workwear","9":"pa_filter-color-schwarz","11":"first","12":"instock","13":"sale","14":"taxable","15":"shipping-taxable","16":"purchasable","17":"product-type-variable","18":"add-to-wishlist-before_image"},"exclude_global_add_ons":[],"addons":[],"acf":[],"_links":{"self":[{"href":"https:\/\/shop.kustom.ch\/fr\/wp-json\/wp\/v2\/product\/659262"}],"collection":[{"href":"https:\/\/shop.kustom.ch\/fr\/wp-json\/wp\/v2\/product"}],"about":[{"href":"https:\/\/shop.kustom.ch\/fr\/wp-json\/wp\/v2\/types\/product"}],"wp:featuredmedia":[{"embeddable":true,"href":"https:\/\/shop.kustom.ch\/fr\/wp-json\/wp\/v2\/media\/659307"}],"wp:attachment":[{"href":"https:\/\/shop.kustom.ch\/fr\/wp-json\/wp\/v2\/media?parent=659262"}],"wp:term":[{"taxonomy":"product_brand","embeddable":true,"href":"https:\/\/shop.kustom.ch\/fr\/wp-json\/wp\/v2\/product_brand?post=659262"},{"taxonomy":"product_cat","embeddable":true,"href":"https:\/\/shop.kustom.ch\/fr\/wp-json\/wp\/v2\/product_cat?post=659262"},{"taxonomy":"product_tag","embeddable":true,"href":"https:\/\/shop.kustom.ch\/fr\/wp-json\/wp\/v2\/product_tag?post=659262"}],"curies":[{"name":"wp","href":"https:\/\/api.w.org\/{rel}","templated":true}]}}