{"id":659259,"date":"2025-04-29T04:44:50","date_gmt":"2025-04-29T03:44:50","guid":{"rendered":"https:\/\/shop.kustom.ch\/?post_type=product&#038;p=659259"},"modified":"2026-03-31T08:36:52","modified_gmt":"2026-03-31T07:36:52","slug":"flammschutz-unterhose-2","status":"publish","type":"product","link":"https:\/\/shop.kustom.ch\/fr\/produit\/flammschutz-unterhose-2\/","title":{"rendered":"Cale\u00e7on ignifug\u00e9"},"content":{"rendered":"<p>Notre cale\u00e7on long difficilement inflammable offre une protection durable contre la chaleur, les flammes et les arcs \u00e9lectriques, entre autres, gr\u00e2ce \u00e0 son mat\u00e9riau confortable et difficilement inflammable. Certifi\u00e9 selon les normes EN 1149-5, EN ISO 11612, EN 61482-2.<\/p>\n<p>D\u00c9TAILS : \u00c9tiquettes de certification ext\u00e9rieures. \u00c9lastique \u00e0 la taille. FINITION : Manchettes aux bas des jambes. INSTRUCTIONS DE LAVAGE : 60\u00b0 C. Ne pas blanchir. Ne pas repasser. Ne pas nettoyer \u00e0 sec. S\u00e8che-linge - bas. CARACT\u00c9RISTIQUES PRINCIPALES : EN 1149-5. EN 61482-2. EN ISO 11612. TISSU : Unisexe. noir. Protection contre les flammes. CERTIFICATION : EN 1149-5. EBT - 8,2 cal\/cm\u00b2. ELIM - 7,3 cal\/cm\u00b2. EN 61482-2, APC 1. ISO 11612 A1, B1, C1<\/p>\n<p>59% modacrylique, 39% coton, 2% autres fibres, tricot c\u00f4tel\u00e9, difficilement inflammable, antistatique, 250g\/m<\/p>","protected":false},"excerpt":{"rendered":"<p>Unsere schwer entflammbare lange Unterhose bietet dank ihres komfortablen, schwer entflammbaren Materials dauerhaften Schutz u.a. gegen Hitze, Flammen und Lichtbogen. Zertifiziert nach EN 1149-5, EN ISO 11612, EN 61482-2. DETAILS: Aussenliegende Zertifizierungsetiketten. Gummizug an der Taille. ABSCHLUSS: Manschetten an den Beinabschl\u00fcssen. WASCHANLEITUNG: 60\u00b0 C. Nicht bleichen. Nicht b\u00fcgeln. Nicht chemisch reinigen. W\u00e4schetrockner &#8211; niedrig. HAUPTEIGENSCHAFTEN: [&hellip;]<\/p>\n","protected":false},"featured_media":659292,"template":"","meta":[],"product_brand":[],"product_cat":[4206],"product_tag":[],"class_list":{"0":"post-659259","1":"product","2":"type-product","3":"status-publish","4":"has-post-thumbnail","6":"product_cat-underwear","7":"pa_brand-blaklaeder","8":"pa_brand-type-workwear","9":"pa_filter-color-schwarz","11":"first","12":"instock","13":"sale","14":"taxable","15":"shipping-taxable","16":"purchasable","17":"product-type-variable","18":"add-to-wishlist-before_image"},"exclude_global_add_ons":[],"addons":[],"acf":[],"_links":{"self":[{"href":"https:\/\/shop.kustom.ch\/fr\/wp-json\/wp\/v2\/product\/659259"}],"collection":[{"href":"https:\/\/shop.kustom.ch\/fr\/wp-json\/wp\/v2\/product"}],"about":[{"href":"https:\/\/shop.kustom.ch\/fr\/wp-json\/wp\/v2\/types\/product"}],"wp:featuredmedia":[{"embeddable":true,"href":"https:\/\/shop.kustom.ch\/fr\/wp-json\/wp\/v2\/media\/659292"}],"wp:attachment":[{"href":"https:\/\/shop.kustom.ch\/fr\/wp-json\/wp\/v2\/media?parent=659259"}],"wp:term":[{"taxonomy":"product_brand","embeddable":true,"href":"https:\/\/shop.kustom.ch\/fr\/wp-json\/wp\/v2\/product_brand?post=659259"},{"taxonomy":"product_cat","embeddable":true,"href":"https:\/\/shop.kustom.ch\/fr\/wp-json\/wp\/v2\/product_cat?post=659259"},{"taxonomy":"product_tag","embeddable":true,"href":"https:\/\/shop.kustom.ch\/fr\/wp-json\/wp\/v2\/product_tag?post=659259"}],"curies":[{"name":"wp","href":"https:\/\/api.w.org\/{rel}","templated":true}]}}