{"id":659258,"date":"2025-04-29T04:44:50","date_gmt":"2025-04-29T03:44:50","guid":{"rendered":"https:\/\/shop.kustom.ch\/?post_type=product&#038;p=659258"},"modified":"2026-03-31T08:35:51","modified_gmt":"2026-03-31T07:35:51","slug":"flammschutz-boxershorts-2","status":"publish","type":"product","link":"https:\/\/shop.kustom.ch\/fr\/produit\/flammschutz-boxershorts-2\/","title":{"rendered":"Cale\u00e7on ignifug\u00e9"},"content":{"rendered":"<p>Cale\u00e7on qui offre une protection durable contre la chaleur, les flammes et les arcs \u00e9lectriques gr\u00e2ce \u00e0 son mat\u00e9riau confortable et difficilement inflammable. Le v\u00eatement est certifi\u00e9 EN ISO 14116, EN 1149-5.<\/p>\n<p>D\u00c9TAILS : \u00c9tiquettes de certification ext\u00e9rieures. \u00c9lastique \u00e0 la taille. INSTRUCTIONS DE LAVAGE : 60\u00b0 C. Ne pas blanchir. Ne pas repasser. Ne pas nettoyer \u00e0 sec. S\u00e8che-linge - bas. CARACT\u00c9RISTIQUES PRINCIPALES : Homme. EN 1149-5. EN ISO 14116. TISSU : noir. Protection contre les flammes. CERTIFICATION : EN 1149-5. EN ISO 14116, indice 3<\/p>\n<p>59% modacrylique, 39% coton, 2% autres fibres, tricot c\u00f4tel\u00e9, difficilement inflammable, antistatique, 250g\/m<\/p>","protected":false},"excerpt":{"rendered":"<p>Boxershorts, die dank ihres bequemen, schwer entflammbaren Materials einen dauerhaften Schutz gegen Hitze, Flammen und Lichtbogen bieten. Das Kleidungsst\u00fcck ist nach EN ISO 14116, EN 1149-5 zertifiziert. DETAILS: Aussenliegende Zertifizierungsetiketten. Gummizug an der Taille. WASCHANLEITUNG: 60\u00b0 C. Nicht bleichen. Nicht b\u00fcgeln. Nicht chemisch reinigen. W\u00e4schetrockner &#8211; niedrig. HAUPTEIGENSCHAFTEN: Herren. EN 1149-5. EN ISO 14116. STOFF: [&hellip;]<\/p>\n","protected":false},"featured_media":659283,"template":"","meta":[],"product_brand":[],"product_cat":[4206],"product_tag":[],"class_list":{"0":"post-659258","1":"product","2":"type-product","3":"status-publish","4":"has-post-thumbnail","6":"product_cat-underwear","7":"pa_brand-blaklaeder","8":"pa_brand-type-workwear","9":"pa_filter-color-schwarz","11":"first","12":"instock","13":"sale","14":"taxable","15":"shipping-taxable","16":"purchasable","17":"product-type-variable","18":"add-to-wishlist-before_image"},"exclude_global_add_ons":[],"addons":[],"acf":[],"_links":{"self":[{"href":"https:\/\/shop.kustom.ch\/fr\/wp-json\/wp\/v2\/product\/659258"}],"collection":[{"href":"https:\/\/shop.kustom.ch\/fr\/wp-json\/wp\/v2\/product"}],"about":[{"href":"https:\/\/shop.kustom.ch\/fr\/wp-json\/wp\/v2\/types\/product"}],"wp:featuredmedia":[{"embeddable":true,"href":"https:\/\/shop.kustom.ch\/fr\/wp-json\/wp\/v2\/media\/659283"}],"wp:attachment":[{"href":"https:\/\/shop.kustom.ch\/fr\/wp-json\/wp\/v2\/media?parent=659258"}],"wp:term":[{"taxonomy":"product_brand","embeddable":true,"href":"https:\/\/shop.kustom.ch\/fr\/wp-json\/wp\/v2\/product_brand?post=659258"},{"taxonomy":"product_cat","embeddable":true,"href":"https:\/\/shop.kustom.ch\/fr\/wp-json\/wp\/v2\/product_cat?post=659258"},{"taxonomy":"product_tag","embeddable":true,"href":"https:\/\/shop.kustom.ch\/fr\/wp-json\/wp\/v2\/product_tag?post=659258"}],"curies":[{"name":"wp","href":"https:\/\/api.w.org\/{rel}","templated":true}]}}