{"id":659009,"date":"2025-04-29T04:43:30","date_gmt":"2025-04-29T03:43:30","guid":{"rendered":"https:\/\/shop.kustom.ch\/?post_type=product&#038;p=659009"},"modified":"2026-03-31T08:25:46","modified_gmt":"2026-03-31T07:25:46","slug":"apc-2-multinorm-arbeitshose-inhaerent","status":"publish","type":"product","link":"https:\/\/shop.kustom.ch\/fr\/produit\/apc-2-multinorm-arbeitshose-inhaerent\/","title":{"rendered":"Pantalon de travail APC 2 Multinorm Inh\u00e9rent"},"content":{"rendered":"<p>Pantalon en mat\u00e9riau doux, souple et r\u00e9sistant avec une fine doublure sur le devant. Dans les zones doubl\u00e9es, le pantalon est homologu\u00e9 pour la classe de protection sup\u00e9rieure contre les arcs \u00e9lectriques APC 2. De nombreuses solutions de poches intelligentes r\u00e9pondent aux exigences de certification. Il s'agit d'un v\u00eatement sans m\u00e9tal avec des boutons-pression en plastique et une fermeture \u00e0 glissi\u00e8re.Certifi\u00e9 selon les normes EN ISO 20471, EN 1149-5, EN ISO 11611, EN ISO 11612, EN 61482-2 APC 1 (APC 2 l\u00e0 o\u00f9 il est doubl\u00e9), EN 13034.<\/p>\n<p>FONCTIONNALIT\u00c9 : les parties doubl\u00e9es du v\u00eatement sont conformes \u00e0 la norme APC 2 (EN 61482-2:2020). Exempt de m\u00e9tal. Surface r\u00e9sistante \u00e0 l'huile, \u00e0 la salet\u00e9 et \u00e0 l'eau. D\u00c9TAILS : Poche d'identification amovible pour les v\u00eatements ignifuges. \u00c9tiquettes de certification ext\u00e9rieures. Boutons en plastique. Fermeture \u00e0 glissi\u00e8re en plastique \u00e0 l'entrejambe. Passants, dont un avec anneau en D. POSSIBILIT\u00c9S : Poche sur la jambe avec soufflet, poche pour t\u00e9l\u00e9phone portable et poche pour stylo. Poches arri\u00e8re renforc\u00e9es par un soufflet et un rabat. Poches ext\u00e9rieures pour genouill\u00e8res. Poches lat\u00e9rales. Poche m\u00e8tre renforc\u00e9e avec porte-couteau et poche stylo. REFLEX : Bandes r\u00e9fl\u00e9chissantes ignifuges avec doubles coutures. FERMETURE : Possibilit\u00e9 de rallonger l'ourlet de la jambe, ne s'applique pas aux tailles D. Bas de jambes r\u00e9glables avec boutons. INSTRUCTIONS DE LAVAGE : 60\u00b0 C. Ne pas blanchir. Ne pas repasser. Ne pas nettoyer \u00e0 sec. S\u00e8che-linge - bas. TEXTES PRINCIPAUX : \u00c9lectricien. Travailleur manuel. Personnel de service. EN 1149-5. EN 13034. EN 14004. EN 61482-2. EN ISO 11611. EN ISO 11612. EN ISO 20471. TISSU : bleu. Jaune haute visibilit\u00e9. Poches pour genouill\u00e8res. Sans m\u00e9tal. Protection contre les flammes. CERTIFICATION : EN 1149-5. 50 lavages max. EN 13034 PB (6). Max. 20 cycles de lavage. EN 14404:2004+A1:2010 ensemble avec genouill\u00e8res 4027 et 4057. APC 2, ATPV 26 cal\/cm\u00b2, ELIM 23 cal\/cm\u00b2 sur les parties doubl\u00e9es. ATPV - 11 cal\/cm\u00b2. ELIM - 10 cal\/cm\u00b2. EN 61482-2, APC 1. 50 cycles de lavage maximum. EN ISO 11611, classe 1 A1+A2. Max. 50 cycles de lavage. EN ISO 11612 A1, A2, B1, C1, E2, F1. Max. 50 cycles de lavage. EN ISO 20471, classe 1. 50 cycles de lavage max. Groupe de certification W<\/p>\n<p>44% Modacrylique, 30% Coton, 20% FR Polyamide, 5% Aramide, 1% antistatique, Ripstop, ignifug\u00e9, antistatique, 260 g\/m<\/p>","protected":false},"excerpt":{"rendered":"<p>Hose aus weichem, anschmiegsamem und strapazierf\u00e4higem Material mit einem d\u00fcnnen Innenfutter auf der Vorderseite. In den gef\u00fctterten Bereichen ist die Hose f\u00fcr die h\u00f6here St\u00f6rlichtbogenschutzklasse APC 2 zugelassen. Viele intelligente Taschenl\u00f6sungen, die den Zertifizierungsanforderungen entsprechen. Es handelt sich um ein metallfreies Kleidungsst\u00fcck mit Kunststoffdruckkn\u00f6pfen und Reissverschluss.Zertifiziert nach EN ISO 20471, EN 1149-5, EN ISO 11611, [&hellip;]<\/p>\n","protected":false},"featured_media":659030,"template":"","meta":[],"product_brand":[],"product_cat":[4185],"product_tag":[],"class_list":{"0":"post-659009","1":"product","2":"type-product","3":"status-publish","4":"has-post-thumbnail","6":"product_cat-hosen","7":"pa_brand-blaklaeder","8":"pa_brand-type-workwear","9":"pa_filter-color-blau","10":"pa_filter-color-gelb","12":"first","13":"instock","14":"sale","15":"taxable","16":"shipping-taxable","17":"purchasable","18":"product-type-variable","19":"add-to-wishlist-before_image"},"exclude_global_add_ons":[],"addons":[],"acf":[],"_links":{"self":[{"href":"https:\/\/shop.kustom.ch\/fr\/wp-json\/wp\/v2\/product\/659009"}],"collection":[{"href":"https:\/\/shop.kustom.ch\/fr\/wp-json\/wp\/v2\/product"}],"about":[{"href":"https:\/\/shop.kustom.ch\/fr\/wp-json\/wp\/v2\/types\/product"}],"wp:featuredmedia":[{"embeddable":true,"href":"https:\/\/shop.kustom.ch\/fr\/wp-json\/wp\/v2\/media\/659030"}],"wp:attachment":[{"href":"https:\/\/shop.kustom.ch\/fr\/wp-json\/wp\/v2\/media?parent=659009"}],"wp:term":[{"taxonomy":"product_brand","embeddable":true,"href":"https:\/\/shop.kustom.ch\/fr\/wp-json\/wp\/v2\/product_brand?post=659009"},{"taxonomy":"product_cat","embeddable":true,"href":"https:\/\/shop.kustom.ch\/fr\/wp-json\/wp\/v2\/product_cat?post=659009"},{"taxonomy":"product_tag","embeddable":true,"href":"https:\/\/shop.kustom.ch\/fr\/wp-json\/wp\/v2\/product_tag?post=659009"}],"curies":[{"name":"wp","href":"https:\/\/api.w.org\/{rel}","templated":true}]}}