{"id":658884,"date":"2025-04-29T04:42:42","date_gmt":"2025-04-29T03:42:42","guid":{"rendered":"https:\/\/shop.kustom.ch\/?post_type=product&#038;p=658884"},"modified":"2026-03-31T08:19:49","modified_gmt":"2026-03-31T07:19:49","slug":"arbeitshose-inhaerent","status":"publish","type":"product","link":"https:\/\/shop.kustom.ch\/fr\/produit\/arbeitshose-inhaerent\/","title":{"rendered":"Pantalon de travail inh\u00e9rent"},"content":{"rendered":"<p>Pantalon doux, souple et confortable, optimis\u00e9 pour les environnements qui requi\u00e8rent une forte protection combin\u00e9e \u00e0 un grand confort. Le pantalon est fabriqu\u00e9 dans un mat\u00e9riau r\u00e9sistant \u00e0 l'huile, \u00e0 la salet\u00e9 et \u00e0 l'eau. Ce v\u00eatement est exempt de m\u00e9tal et poss\u00e8de des boutons et des fermetures \u00e0 glissi\u00e8re en plastique. Une partie dorsale sur\u00e9lev\u00e9e avec un \u00e9lastique \u00e0 la taille sur le c\u00f4t\u00e9 assure un meilleur confort. Poches sur les jambes avec soufflets et rabats, porte-passeport \u00e0 l'int\u00e9rieur. Le pantalon a deux poches arri\u00e8re \u00e0 rabat avec fermeture \u00e0 bouton-pression. Genoux pr\u00e9form\u00e9s avec poches ext\u00e9rieures pour les genoux qui s'ouvrent par le bas. Largeur des chevilles r\u00e9glable par boutons-pression. D\u00e9tails r\u00e9fl\u00e9chissants \u00e0 l'arri\u00e8re des jambes et sur les poches des jambes par application de chaleur. Test\u00e9 et approuv\u00e9 pour le lavage industriel - EN 15797, max. 50 cycles de lavage. Certifi\u00e9 selon les normes EN 1149-5, EN ISO 11611, EN ISO 11612, EN 13034, EN 61482-2.<\/p>\n<p>FONCTIONNALIT\u00c9 : Sans m\u00e9tal. Surface ol\u00e9ophobe, antisalissante et hydrofuge. D\u00c9TAILS : Poche d'identification amovible pour les v\u00eatements ignifuges. \u00c9tiquettes de certification ext\u00e9rieures. Boutons-pression en plastique. Fermeture \u00e0 glissi\u00e8re en plastique \u00e0 l'entrejambe. Passants, dont un avec anneau en D. \u00c9lastique \u00e0 la taille. Taille haute \u00e0 l'arri\u00e8re. POCHES : Poches sur les jambes avec soufflet, rabat avec bouton. Poches arri\u00e8re \u00e0 soufflet et \u00e0 rabat. Poches ext\u00e9rieures pour genouill\u00e8res. Poches lat\u00e9rales. REFLEX : Bande r\u00e9fl\u00e9chissante \u00e0 certains endroits pour une meilleure visibilit\u00e9. FERMETURE : Possibilit\u00e9 de rallonger l'ourlet de la jambe, ne s'applique pas aux tailles D. Largeur de l'ourlet de la jambe r\u00e9glable avec des boutons-pression en plastique. INSTRUCTIONS DE LAVAGE : 60\u00b0 C. Ne pas blanchir. Ne pas repasser. Ne pas nettoyer \u00e0 sec. PRO : adapt\u00e9 au s\u00e9chage en tambour. S\u00e8che-linge - bas. PROPRIETES PRINCIPALES : \u00e9lectricien. Travailleurs manuels. EN 1149-5. EN 13034. EN 14004. EN 61482-2. EN ISO 11611. EN ISO 11612. TISSU : Disponible pour femmes et hommes. Hommes. bleu. Poches pour genouill\u00e8res. Sans m\u00e9tal. Protection contre les flammes. USP : propri\u00e9t\u00e9s antistatiques. Taille sur\u00e9lev\u00e9e au dos. Intrins\u00e8quement ignifuge. Sans m\u00e9tal ni polyester. R\u00e9sistant \u00e0 l'huile et \u00e0 la salet\u00e9. D\u00e9tails r\u00e9fl\u00e9chissants. CERTIFICATION : EN 1149-5. 50 lavages maximum. EN 13034 PB (6). Max. 20 cycles de lavage. EN 14404 2004+A1 2010, type 1, niveau 0 avec genouill\u00e8re art. 4057. ATPV - 11 cal\/cm\u00b2. ELIM - 10 cal\/cm\u00b2. EN 61482-2, APC 1. 50 cycles de lavage max. EN ISO 11611, classe 1 A1+A2. Max. 50 cycles de lavage. EN ISO 11612 A1, A2, B1, C1, E2, F1. Max. 50 cycles de lavage<\/p>\n<p>44% Modacrylique, 30% Coton, 20% FR Polyamide, 5% Aramide, 1% antistatique, Ripstop, ignifug\u00e9, antistatique, 260 g\/m<\/p>","protected":false},"excerpt":{"rendered":"<p>Weiche, geschmeidige und bequeme Hose, die f\u00fcr Umgebungen optimiert ist, die einen starken Schutz in Kombination mit hohem Tragekomfort erfordern. Die Hose ist aus einem \u00f6l-, schmutz- und wasserabweisenden Material gefertigt. Dieses Kleidungsst\u00fcck ist metallfrei und hat Kunststoffkn\u00f6pfe und -reissverschl\u00fcsse. Ein erh\u00f6htes R\u00fcckenteil mit Gummizug in der seitlichen Taille sorgt f\u00fcr mehr Komfort. Beintaschen mit [&hellip;]<\/p>\n","protected":false},"featured_media":658942,"template":"","meta":[],"product_brand":[],"product_cat":[4185],"product_tag":[],"class_list":{"0":"post-658884","1":"product","2":"type-product","3":"status-publish","4":"has-post-thumbnail","6":"product_cat-hosen","7":"pa_brand-blaklaeder","8":"pa_brand-type-workwear","9":"pa_filter-color-blau","10":"pa_filter-color-gelb","12":"first","13":"instock","14":"sale","15":"taxable","16":"shipping-taxable","17":"purchasable","18":"product-type-variable","19":"add-to-wishlist-before_image"},"exclude_global_add_ons":[],"addons":[],"acf":[],"_links":{"self":[{"href":"https:\/\/shop.kustom.ch\/fr\/wp-json\/wp\/v2\/product\/658884"}],"collection":[{"href":"https:\/\/shop.kustom.ch\/fr\/wp-json\/wp\/v2\/product"}],"about":[{"href":"https:\/\/shop.kustom.ch\/fr\/wp-json\/wp\/v2\/types\/product"}],"wp:featuredmedia":[{"embeddable":true,"href":"https:\/\/shop.kustom.ch\/fr\/wp-json\/wp\/v2\/media\/658942"}],"wp:attachment":[{"href":"https:\/\/shop.kustom.ch\/fr\/wp-json\/wp\/v2\/media?parent=658884"}],"wp:term":[{"taxonomy":"product_brand","embeddable":true,"href":"https:\/\/shop.kustom.ch\/fr\/wp-json\/wp\/v2\/product_brand?post=658884"},{"taxonomy":"product_cat","embeddable":true,"href":"https:\/\/shop.kustom.ch\/fr\/wp-json\/wp\/v2\/product_cat?post=658884"},{"taxonomy":"product_tag","embeddable":true,"href":"https:\/\/shop.kustom.ch\/fr\/wp-json\/wp\/v2\/product_tag?post=658884"}],"curies":[{"name":"wp","href":"https:\/\/api.w.org\/{rel}","templated":true}]}}