{"id":658651,"date":"2025-04-29T04:41:05","date_gmt":"2025-04-29T03:41:05","guid":{"rendered":"https:\/\/shop.kustom.ch\/?post_type=product&#038;p=658651"},"modified":"2026-03-31T08:52:46","modified_gmt":"2026-03-31T07:52:46","slug":"hybrid-sweater-3","status":"publish","type":"product","link":"https:\/\/shop.kustom.ch\/fr\/produit\/hybrid-sweater-3\/","title":{"rendered":"Sweat hybride"},"content":{"rendered":"<p>Ce sweat-shirt est le nec plus ultra en mati\u00e8re de polyvalence. Il fonctionne aussi bien qu'une veste, selon ce que tu fais. Ce sweat-shirt veste a un devant matelass\u00e9 et n'est pas bord\u00e9. C'est un excellent v\u00eatement pour l'impression du logo de votre entreprise. Disponible \u00e9galement dans un mod\u00e8le 3419 pour femmes.<\/p>\n<p>FONCTIONNALIT\u00c9 : Mati\u00e8re matelass\u00e9e sur le devant. D\u00c9TAILS : Col haut avec fermeture \u00e0 glissi\u00e8re. Bonnes surfaces pour les finitions. POCHES : Poches avant avec fermetures \u00e0 glissi\u00e8re. FERMETURE AVANT : Fermeture \u00e0 glissi\u00e8re en plastique. Patte \u00e0 vent \u00e0 l'int\u00e9rieur. FERMETURE : Finition des manches avec poignets. Ceinture \u00e0 c\u00f4tes. INSTRUCTIONS DE LAVAGE : 40\u00b0 C. Ne pas blanchir. Ne pas repasser. Ne pas nettoyer \u00e0 sec. Ne pas essorer. ACTIVIT\u00c9S PRINCIPALES : Conducteur. Travailleur de jardin. Travailleur de l'entrep\u00f4t. Agent de nettoyage. Employ\u00e9 de service. Disponible pour les femmes et les hommes. Hommes . TISSU : Disponible pour femmes et hommes. Hommes. bleu. rouge. noir. Profil . Unite. USP : Int\u00e9rieur doux et bross\u00e9.<\/p>\n<p>100% Polyester, molleton piqu\u00e9, bross\u00e9 d'un c\u00f4t\u00e9, 260 g\/m<\/p>","protected":false},"excerpt":{"rendered":"<p>This sweatshirt is the ultimate all-rounder. Works equally well as a jacket, depending on what you&#8217;re doing. This jacket-sweatshirt has a quilted front and is unlined. An excellent garment for printing with your company logo. Also available in a women&#8217;s model 3419. FUNKTIONALIT\u00c4T: Wattiertes Material vorne. DETAILS: Hoher Kragen mit Reissverschluss. Gute Oberfl\u00e4chen f\u00fcr Veredelung. [&hellip;]<\/p>\n","protected":false},"featured_media":658686,"template":"","meta":[],"product_brand":[],"product_cat":[4186],"product_tag":[],"class_list":{"0":"post-658651","1":"product","2":"type-product","3":"status-publish","4":"has-post-thumbnail","6":"product_cat-jacken","7":"pa_brand-blaklaeder","8":"pa_brand-type-workwear","9":"pa_filter-color-blau","10":"pa_filter-color-gelb","11":"pa_filter-color-grau","12":"pa_filter-color-gruen","13":"pa_filter-color-rot","14":"pa_filter-color-schwarz","16":"first","17":"instock","18":"sale","19":"taxable","20":"shipping-taxable","21":"purchasable","22":"product-type-variable","23":"add-to-wishlist-before_image"},"exclude_global_add_ons":[],"addons":[],"acf":[],"_links":{"self":[{"href":"https:\/\/shop.kustom.ch\/fr\/wp-json\/wp\/v2\/product\/658651"}],"collection":[{"href":"https:\/\/shop.kustom.ch\/fr\/wp-json\/wp\/v2\/product"}],"about":[{"href":"https:\/\/shop.kustom.ch\/fr\/wp-json\/wp\/v2\/types\/product"}],"wp:featuredmedia":[{"embeddable":true,"href":"https:\/\/shop.kustom.ch\/fr\/wp-json\/wp\/v2\/media\/658686"}],"wp:attachment":[{"href":"https:\/\/shop.kustom.ch\/fr\/wp-json\/wp\/v2\/media?parent=658651"}],"wp:term":[{"taxonomy":"product_brand","embeddable":true,"href":"https:\/\/shop.kustom.ch\/fr\/wp-json\/wp\/v2\/product_brand?post=658651"},{"taxonomy":"product_cat","embeddable":true,"href":"https:\/\/shop.kustom.ch\/fr\/wp-json\/wp\/v2\/product_cat?post=658651"},{"taxonomy":"product_tag","embeddable":true,"href":"https:\/\/shop.kustom.ch\/fr\/wp-json\/wp\/v2\/product_tag?post=658651"}],"curies":[{"name":"wp","href":"https:\/\/api.w.org\/{rel}","templated":true}]}}