{"id":658461,"date":"2025-04-29T04:40:01","date_gmt":"2025-04-29T03:40:01","guid":{"rendered":"https:\/\/shop.kustom.ch\/?post_type=product&#038;p=658461"},"modified":"2026-03-31T08:37:20","modified_gmt":"2026-03-31T07:37:20","slug":"striker-handwerkershorts-mit-stretch","status":"publish","type":"product","link":"https:\/\/shop.kustom.ch\/fr\/produit\/striker-handwerkershorts-mit-stretch\/","title":{"rendered":"STRIKER Short d'artisan avec stretch"},"content":{"rendered":"<p>Short d'artisanat r\u00e9sistant en serg\u00e9 stretch CORDURA\u00ae \u00e0 deux sens, qui offre vraiment un confort ultime, avec des inserts stretch \u00e0 l'entrejambe et \u00e0 l'empi\u00e8cement pour une libert\u00e9 de mouvement optimale. Le short est dot\u00e9 d'une taille haute dans le dos, de poches \u00e0 clous facilement amovibles et d'une multitude de poches fonctionnelles. \u00c9galement disponible en mod\u00e8le 7175 pour femme.* Twill CORDURA\u00ae stretch 2 sens avec solidit\u00e9 des couleurs et durabilit\u00e9 am\u00e9lior\u00e9es* Stretch 4 sens \u00e0 l'entrejambe et dans l'empi\u00e8cement* A\u00e9ration dans l'empi\u00e8cement* Ligne de taille sur\u00e9lev\u00e9e dans le dos* Poche \u00e0 clous amovible et rempla\u00e7able* Poches pour t\u00e9l\u00e9phone portable en mesh* Boucle amovible et rempla\u00e7able pour porte marteau<\/p>\n<p>FONCTIONNALIT\u00c9 : stretch 2 directions avec inserts stretch 4 directions. A\u00e9ration au niveau de l'empi\u00e8cement. Dos sur\u00e9lev\u00e9 \u00e0 la taille pour un confort suppl\u00e9mentaire lors de l'agenouillement. Coupe normale. D\u00c9TAILS : poche amovible pour carte d'identit\u00e9. Boucle pour marteau sur le c\u00f4t\u00e9. Boutons en m\u00e9tal. Couture int\u00e9rieure de la jambe avec triple couture. Fermeture \u00e0 glissi\u00e8re en plastique \u00e0 l'entrejambe. Pendentif de fermeture \u00e9clair avec cordon r\u00e9fl\u00e9chissant. Large passant \u00e0 l'arri\u00e8re. Anneau en D \u00e0 la taille. Taille haute \u00e0 l'arri\u00e8re. Taille r\u00e9glable. POCHES : Poche sur la jambe avec soufflet et rabat \u00e0 fermeture velcro et poche int\u00e9rieure pour t\u00e9l\u00e9phone portable en mesh. Poche sur la jambe avec fermeture \u00e9clair. Poche arri\u00e8re avec soufflet. Poches lat\u00e9rales. Poches \u00e0 outils suspendues amovibles et interchangeables, extra larges, \u00e9quip\u00e9es de crochets \u00e0 outils, compartiment \u00e0 outils et poches suppl\u00e9mentaires avec fermeture \u00e9clair. Poche m\u00e8tre renforc\u00e9e avec porte couteau et poche stylo. RENFORCEMENT : Poches renforc\u00e9es en CORDURA\u00ae. REFLEX : bandes r\u00e9fl\u00e9chissantes noires \u00e0 l'arri\u00e8re de la jambe. INSTRUCTIONS DE LAVAGE : 60\u00b0 C. Repassage - bas. Ne pas blanchir. Ne pas nettoyer \u00e0 sec. Ne pas essorer. TRAVAUX PRINCIPAUX : \u00c9lectricien. Jardinier, jardinier, etc. Bricoleur de m\u00e9tier. Installateur de mat\u00e9riel \u00e9lectrique. Travailleur dans un entrep\u00f4t. Plombier. Homme. TISSU : Hommes. Marron. Vert. Noir. Tissu stretch. Poches \u00e0 outils. Artisanat. Tissu extensible. USP : poches \u00e0 outils amovibles. Inserts en mesh respirant. Taille sur\u00e9lev\u00e9e dans le dos. D\u00e9tails r\u00e9fl\u00e9chissants noirs. Inserts en stretch<\/p>\n<p>51% coton, 32% polyester, 17% polyamide, serg\u00e9, stretch, 340 g\/m<\/p>","protected":false},"excerpt":{"rendered":"<p>Strapazierf\u00e4hige Handwerkershorts aus 2-Wege-CORDURA\u00ae Stretch Twill, die wirklich ultimativen Komfort bietet, mit Stretcheins\u00e4tzen im Schritt und in der Passe f\u00fcr optimale Bewegungsfreiheit. Die Shorts hat einen hohen Bund am R\u00fccken, leicht abnehmbare Nageltaschen und eine Vielzahl von Funktionstaschen. Auch als Damenmodell 7175 erh\u00e4ltlich.* 2-Wege CORDURA\u00ae Stretch Twill mit verbesserter Farbechtheit und Haltbarkeit* 4-Wege-Stretch im Schritt [&hellip;]<\/p>\n","protected":false},"featured_media":658509,"template":"","meta":[],"product_brand":[],"product_cat":[4198],"product_tag":[],"class_list":{"0":"post-658461","1":"product","2":"type-product","3":"status-publish","4":"has-post-thumbnail","6":"product_cat-shorts","7":"pa_brand-blaklaeder","8":"pa_brand-type-workwear","9":"pa_filter-color-blau","10":"pa_filter-color-gruen","11":"pa_filter-color-orange","12":"pa_filter-color-schwarz","14":"first","15":"instock","16":"sale","17":"taxable","18":"shipping-taxable","19":"purchasable","20":"product-type-variable","21":"add-to-wishlist-before_image"},"exclude_global_add_ons":[],"addons":[],"acf":[],"_links":{"self":[{"href":"https:\/\/shop.kustom.ch\/fr\/wp-json\/wp\/v2\/product\/658461"}],"collection":[{"href":"https:\/\/shop.kustom.ch\/fr\/wp-json\/wp\/v2\/product"}],"about":[{"href":"https:\/\/shop.kustom.ch\/fr\/wp-json\/wp\/v2\/types\/product"}],"wp:featuredmedia":[{"embeddable":true,"href":"https:\/\/shop.kustom.ch\/fr\/wp-json\/wp\/v2\/media\/658509"}],"wp:attachment":[{"href":"https:\/\/shop.kustom.ch\/fr\/wp-json\/wp\/v2\/media?parent=658461"}],"wp:term":[{"taxonomy":"product_brand","embeddable":true,"href":"https:\/\/shop.kustom.ch\/fr\/wp-json\/wp\/v2\/product_brand?post=658461"},{"taxonomy":"product_cat","embeddable":true,"href":"https:\/\/shop.kustom.ch\/fr\/wp-json\/wp\/v2\/product_cat?post=658461"},{"taxonomy":"product_tag","embeddable":true,"href":"https:\/\/shop.kustom.ch\/fr\/wp-json\/wp\/v2\/product_tag?post=658461"}],"curies":[{"name":"wp","href":"https:\/\/api.w.org\/{rel}","templated":true}]}}