{"id":657840,"date":"2025-04-18T20:27:27","date_gmt":"2025-04-18T19:27:27","guid":{"rendered":"https:\/\/shop.kustom.ch\/?post_type=product&#038;p=657840"},"modified":"2025-04-18T20:28:11","modified_gmt":"2025-04-18T19:28:11","slug":"socken","status":"publish","type":"product","link":"https:\/\/shop.kustom.ch\/fr\/produit\/socken\/","title":{"rendered":"Chaussettes"},"content":{"rendered":"<p>Chaussettes d'entra\u00eenement hautement fonctionnelles avec une coupe optimale gr\u00e2ce au syst\u00e8me droite-gauche et aux zones sp\u00e9ciales pour un confort particuli\u00e8rement agr\u00e9able.<br \/>\nSyst\u00e8me gauche-droite<br \/>\nMat\u00e9riau fonctionnel \u00e0 s\u00e9chage rapide<br \/>\nProtection de la cheville<br \/>\nzone pelucheuse sur la semelle<\/p>\n<p>Mati\u00e8re : 55% polypropyl\u00e8ne, 35% coton, 10% \u00e9lasthanne<\/p>","protected":false},"excerpt":{"rendered":"<p>Couleur : new navy\/blanc<\/p>","protected":false},"featured_media":657788,"template":"","meta":[],"product_brand":[],"product_cat":[11777],"product_tag":[],"class_list":{"0":"post-657840","1":"product","2":"type-product","3":"status-publish","4":"has-post-thumbnail","6":"product_cat-getu-stein-buehler","8":"first","9":"instock","10":"taxable","11":"shipping-taxable","12":"purchasable","13":"product-type-variable","14":"add-to-wishlist-before_image"},"exclude_global_add_ons":[],"addons":[],"acf":[],"_links":{"self":[{"href":"https:\/\/shop.kustom.ch\/fr\/wp-json\/wp\/v2\/product\/657840"}],"collection":[{"href":"https:\/\/shop.kustom.ch\/fr\/wp-json\/wp\/v2\/product"}],"about":[{"href":"https:\/\/shop.kustom.ch\/fr\/wp-json\/wp\/v2\/types\/product"}],"wp:featuredmedia":[{"embeddable":true,"href":"https:\/\/shop.kustom.ch\/fr\/wp-json\/wp\/v2\/media\/657788"}],"wp:attachment":[{"href":"https:\/\/shop.kustom.ch\/fr\/wp-json\/wp\/v2\/media?parent=657840"}],"wp:term":[{"taxonomy":"product_brand","embeddable":true,"href":"https:\/\/shop.kustom.ch\/fr\/wp-json\/wp\/v2\/product_brand?post=657840"},{"taxonomy":"product_cat","embeddable":true,"href":"https:\/\/shop.kustom.ch\/fr\/wp-json\/wp\/v2\/product_cat?post=657840"},{"taxonomy":"product_tag","embeddable":true,"href":"https:\/\/shop.kustom.ch\/fr\/wp-json\/wp\/v2\/product_tag?post=657840"}],"curies":[{"name":"wp","href":"https:\/\/api.w.org\/{rel}","templated":true}]}}