{"id":657839,"date":"2025-04-18T20:27:27","date_gmt":"2025-04-18T19:27:27","guid":{"rendered":"https:\/\/shop.kustom.ch\/?post_type=product&#038;p=657839"},"modified":"2025-12-17T11:14:29","modified_gmt":"2025-12-17T10:14:29","slug":"rucksack","status":"publish","type":"product","link":"https:\/\/shop.kustom.ch\/fr\/produit\/rucksack\/","title":{"rendered":"Sac \u00e0 dos"},"content":{"rendered":"<p>Parfait pour tous les sports : le compartiment principal spacieux ainsi que le compartiment inf\u00e9rieur s\u00e9par\u00e9 offrent suffisamment de place pour ton \u00e9quipement n\u00e9cessaire.<br \/>\nUne nouvelle \u00e9dition : Le successeur du sac \u00e0 dos CLUB 5 a la m\u00eame structure et les m\u00eames mat\u00e9riaux ainsi qu'un design l\u00e9g\u00e8rement modifi\u00e9 avec un imprim\u00e9 SIX WINGS moderne.<br \/>\nCompartiment principal spacieux avec double fermeture \u00e0 glissi\u00e8re<br \/>\nPoches lat\u00e9rales en mesh<br \/>\nCordon \u00e9lastique r\u00e9glable individuellement \u00e0 l'avant<br \/>\nBretelles rembourr\u00e9es<br \/>\nPoche \u00e0 balles amovible en mesh<br \/>\nCompartiment au sol pour ranger les chaussures s\u00e9par\u00e9ment<br \/>\n(L x l x h) 30x18x45 cm | env. 25 litres<\/p>\n<p>Mat\u00e9riau : polyester 100%<\/p>","protected":false},"excerpt":{"rendered":"<p>couleur : noir<\/p>","protected":false},"featured_media":669350,"template":"","meta":[],"product_brand":[],"product_cat":[11777],"product_tag":[],"class_list":{"0":"post-657839","1":"product","2":"type-product","3":"status-publish","4":"has-post-thumbnail","6":"product_cat-getu-stein-buehler","8":"first","9":"instock","10":"taxable","11":"shipping-taxable","12":"purchasable","13":"product-type-variable","14":"add-to-wishlist-before_image"},"exclude_global_add_ons":false,"addons":[{"name":"En option : num\u00e9ro\/initiale","type":"custom_text","position":0,"required":false,"title_format":"label","default":"","description_enable":false,"description":"","placeholder_enable":false,"placeholder":"","display":"select","restrictions_type":"any_text","adjust_price":true,"price":"5","price_type":"flat_fee","restrictions":true,"min":"0","max":"3","options":[],"id":1748016530}],"acf":[],"_links":{"self":[{"href":"https:\/\/shop.kustom.ch\/fr\/wp-json\/wp\/v2\/product\/657839"}],"collection":[{"href":"https:\/\/shop.kustom.ch\/fr\/wp-json\/wp\/v2\/product"}],"about":[{"href":"https:\/\/shop.kustom.ch\/fr\/wp-json\/wp\/v2\/types\/product"}],"wp:featuredmedia":[{"embeddable":true,"href":"https:\/\/shop.kustom.ch\/fr\/wp-json\/wp\/v2\/media\/669350"}],"wp:attachment":[{"href":"https:\/\/shop.kustom.ch\/fr\/wp-json\/wp\/v2\/media?parent=657839"}],"wp:term":[{"taxonomy":"product_brand","embeddable":true,"href":"https:\/\/shop.kustom.ch\/fr\/wp-json\/wp\/v2\/product_brand?post=657839"},{"taxonomy":"product_cat","embeddable":true,"href":"https:\/\/shop.kustom.ch\/fr\/wp-json\/wp\/v2\/product_cat?post=657839"},{"taxonomy":"product_tag","embeddable":true,"href":"https:\/\/shop.kustom.ch\/fr\/wp-json\/wp\/v2\/product_tag?post=657839"}],"curies":[{"name":"wp","href":"https:\/\/api.w.org\/{rel}","templated":true}]}}