{"id":657838,"date":"2025-04-18T20:27:27","date_gmt":"2025-04-18T19:27:27","guid":{"rendered":"https:\/\/shop.kustom.ch\/?post_type=product&#038;p=657838"},"modified":"2025-12-17T11:14:31","modified_gmt":"2025-12-17T10:14:31","slug":"sporttasche-mit-bodenfach","status":"publish","type":"product","link":"https:\/\/shop.kustom.ch\/fr\/produit\/sporttasche-mit-bodenfach\/","title":{"rendered":"Sac de sport avec compartiment inf\u00e9rieur"},"content":{"rendered":"<p>S\u00e9paration nette : le sac de rangement au sol, pratique et r\u00e9sistant, permet de maintenir l'ordre.<br \/>\nR\u00e9\u00e9dit\u00e9 dans une nouvelle version : Le successeur du sac de sport CLUB 5 avec compartiment inf\u00e9rieur a la m\u00eame structure et les m\u00eames mat\u00e9riaux ainsi qu'un design l\u00e9g\u00e8rement modifi\u00e9 avec un imprim\u00e9 moderne SIX WINGS.<br \/>\nCompartiment inf\u00e9rieur int\u00e9gr\u00e9<br \/>\nUne conception optimale pour un espace de rangement maximal<br \/>\npoche lat\u00e9rale en mesh<br \/>\nBandouli\u00e8re r\u00e9glable<br \/>\nPossibilit\u00e9s de finition optimales<br \/>\nTaille S : (L x l x H) 40x25x35 cm | env. 35 litres<br \/>\nTaille M : (L x l x H) 50x30x40 cm | env. 60 litres<br \/>\nTaille L : (L x l x h) 60x35x45 cm | env. 94,5 litres<\/p>\n<p>Mat\u00e9riau : polyester 100%<\/p>","protected":false},"excerpt":{"rendered":"<p>couleur : noir<\/p>","protected":false},"featured_media":669349,"template":"","meta":[],"product_brand":[],"product_cat":[11777],"product_tag":[],"class_list":{"0":"post-657838","1":"product","2":"type-product","3":"status-publish","4":"has-post-thumbnail","6":"product_cat-getu-stein-buehler","8":"first","9":"instock","10":"taxable","11":"shipping-taxable","12":"purchasable","13":"product-type-variable","14":"add-to-wishlist-before_image"},"exclude_global_add_ons":false,"addons":[{"name":"En option : num\u00e9ro\/initiale","type":"custom_text","position":0,"required":false,"title_format":"label","default":"","description_enable":false,"description":"","placeholder_enable":false,"placeholder":"","display":"select","restrictions_type":"any_text","adjust_price":true,"price":"5","price_type":"flat_fee","restrictions":true,"min":"0","max":"3","options":[],"id":1748016611}],"acf":[],"_links":{"self":[{"href":"https:\/\/shop.kustom.ch\/fr\/wp-json\/wp\/v2\/product\/657838"}],"collection":[{"href":"https:\/\/shop.kustom.ch\/fr\/wp-json\/wp\/v2\/product"}],"about":[{"href":"https:\/\/shop.kustom.ch\/fr\/wp-json\/wp\/v2\/types\/product"}],"wp:featuredmedia":[{"embeddable":true,"href":"https:\/\/shop.kustom.ch\/fr\/wp-json\/wp\/v2\/media\/669349"}],"wp:attachment":[{"href":"https:\/\/shop.kustom.ch\/fr\/wp-json\/wp\/v2\/media?parent=657838"}],"wp:term":[{"taxonomy":"product_brand","embeddable":true,"href":"https:\/\/shop.kustom.ch\/fr\/wp-json\/wp\/v2\/product_brand?post=657838"},{"taxonomy":"product_cat","embeddable":true,"href":"https:\/\/shop.kustom.ch\/fr\/wp-json\/wp\/v2\/product_cat?post=657838"},{"taxonomy":"product_tag","embeddable":true,"href":"https:\/\/shop.kustom.ch\/fr\/wp-json\/wp\/v2\/product_tag?post=657838"}],"curies":[{"name":"wp","href":"https:\/\/api.w.org\/{rel}","templated":true}]}}