{"id":657837,"date":"2025-04-18T20:27:27","date_gmt":"2025-04-18T19:27:27","guid":{"rendered":"https:\/\/shop.kustom.ch\/?post_type=product&#038;p=657837"},"modified":"2025-04-18T20:27:53","modified_gmt":"2025-04-18T19:27:53","slug":"trainingshose-2","status":"publish","type":"product","link":"https:\/\/shop.kustom.ch\/fr\/produit\/trainingshose-2\/","title":{"rendered":"Pantalon de surv\u00eatement"},"content":{"rendered":"<p>Il est adapt\u00e9 \u00e0 toutes les s\u00e9ances d'entra\u00eenement : Le pantalon de surv\u00eatement LIGA STAR est extr\u00eamement robuste.<br \/>\nMat\u00e9riau fonctionnel r\u00e9sistant<br \/>\nPoches lat\u00e9rales zipp\u00e9es<br \/>\nCeinture \u00e9lastique avec cordon de serrage int\u00e9rieur<br \/>\nBas de jambe avec empi\u00e8cement ajust\u00e9 au mollet et fermeture \u00e9clair<\/p>\n<p>Mat\u00e9riau : polyester 100%<\/p>","protected":false},"excerpt":{"rendered":"<p>couleur : noir<\/p>","protected":false},"featured_media":657785,"template":"","meta":[],"product_brand":[],"product_cat":[11777],"product_tag":[],"class_list":{"0":"post-657837","1":"product","2":"type-product","3":"status-publish","4":"has-post-thumbnail","6":"product_cat-getu-stein-buehler","8":"first","9":"instock","10":"taxable","11":"shipping-taxable","12":"purchasable","13":"product-type-variable","14":"add-to-wishlist-before_image"},"exclude_global_add_ons":[],"addons":[],"acf":[],"_links":{"self":[{"href":"https:\/\/shop.kustom.ch\/fr\/wp-json\/wp\/v2\/product\/657837"}],"collection":[{"href":"https:\/\/shop.kustom.ch\/fr\/wp-json\/wp\/v2\/product"}],"about":[{"href":"https:\/\/shop.kustom.ch\/fr\/wp-json\/wp\/v2\/types\/product"}],"wp:featuredmedia":[{"embeddable":true,"href":"https:\/\/shop.kustom.ch\/fr\/wp-json\/wp\/v2\/media\/657785"}],"wp:attachment":[{"href":"https:\/\/shop.kustom.ch\/fr\/wp-json\/wp\/v2\/media?parent=657837"}],"wp:term":[{"taxonomy":"product_brand","embeddable":true,"href":"https:\/\/shop.kustom.ch\/fr\/wp-json\/wp\/v2\/product_brand?post=657837"},{"taxonomy":"product_cat","embeddable":true,"href":"https:\/\/shop.kustom.ch\/fr\/wp-json\/wp\/v2\/product_cat?post=657837"},{"taxonomy":"product_tag","embeddable":true,"href":"https:\/\/shop.kustom.ch\/fr\/wp-json\/wp\/v2\/product_tag?post=657837"}],"curies":[{"name":"wp","href":"https:\/\/api.w.org\/{rel}","templated":true}]}}