{"id":657797,"date":"2025-04-18T20:26:57","date_gmt":"2025-04-18T19:26:57","guid":{"rendered":"https:\/\/shop.kustom.ch\/?post_type=product&#038;p=657797"},"modified":"2025-05-07T07:00:12","modified_gmt":"2025-05-07T06:00:12","slug":"hoodie-2","status":"publish","type":"product","link":"https:\/\/shop.kustom.ch\/fr\/produit\/hoodie-2\/","title":{"rendered":"Hoodie"},"content":{"rendered":"<p>Simple, \u00e9l\u00e9gant &amp; super confortable.<br \/>\nM\u00e9lange de coton au toucher doux<br \/>\nInt\u00e9rieur moelleux et gratt\u00e9<br \/>\nCoupe unisexe d\u00e9contract\u00e9e pour hommes et femmes<br \/>\nCapuche doubl\u00e9e<br \/>\nLogo ton sur ton brod\u00e9 sur l'\u00e9paule<br \/>\nEmpi\u00e8cements c\u00f4tel\u00e9s sur les c\u00f4t\u00e9s<br \/>\nPoche kangourou<br \/>\nPoignets et ourlet c\u00f4tel\u00e9s<br \/>\nAvec Better Cotton<br \/>\nArticle unisexe : Femmes choisissez une taille en dessous<\/p>\n<p>Mat\u00e9riau : polyester 100%<\/p>","protected":false},"excerpt":{"rendered":"<p>Couleur : new navy<\/p>","protected":false},"featured_media":657782,"template":"","meta":[],"product_brand":[],"product_cat":[11777],"product_tag":[],"class_list":{"0":"post-657797","1":"product","2":"type-product","3":"status-publish","4":"has-post-thumbnail","6":"product_cat-getu-stein-buehler","8":"first","9":"instock","10":"taxable","11":"shipping-taxable","12":"purchasable","13":"product-type-variable","14":"add-to-wishlist-before_image"},"exclude_global_add_ons":[],"addons":[],"acf":[],"_links":{"self":[{"href":"https:\/\/shop.kustom.ch\/fr\/wp-json\/wp\/v2\/product\/657797"}],"collection":[{"href":"https:\/\/shop.kustom.ch\/fr\/wp-json\/wp\/v2\/product"}],"about":[{"href":"https:\/\/shop.kustom.ch\/fr\/wp-json\/wp\/v2\/types\/product"}],"wp:featuredmedia":[{"embeddable":true,"href":"https:\/\/shop.kustom.ch\/fr\/wp-json\/wp\/v2\/media\/657782"}],"wp:attachment":[{"href":"https:\/\/shop.kustom.ch\/fr\/wp-json\/wp\/v2\/media?parent=657797"}],"wp:term":[{"taxonomy":"product_brand","embeddable":true,"href":"https:\/\/shop.kustom.ch\/fr\/wp-json\/wp\/v2\/product_brand?post=657797"},{"taxonomy":"product_cat","embeddable":true,"href":"https:\/\/shop.kustom.ch\/fr\/wp-json\/wp\/v2\/product_cat?post=657797"},{"taxonomy":"product_tag","embeddable":true,"href":"https:\/\/shop.kustom.ch\/fr\/wp-json\/wp\/v2\/product_tag?post=657797"}],"curies":[{"name":"wp","href":"https:\/\/api.w.org\/{rel}","templated":true}]}}