{"id":657794,"date":"2025-04-18T20:26:57","date_gmt":"2025-04-18T19:26:57","guid":{"rendered":"https:\/\/shop.kustom.ch\/?post_type=product&#038;p=657794"},"modified":"2025-07-01T10:07:58","modified_gmt":"2025-07-01T09:07:58","slug":"polyester-trainingsjacke","status":"publish","type":"product","link":"https:\/\/shop.kustom.ch\/fr\/produit\/polyester-trainingsjacke\/","title":{"rendered":"Veste d'entra\u00eenement en polyester"},"content":{"rendered":"<p>Cette veste en polyester robuste r\u00e9siste \u00e0 toutes les s\u00e9ances d'entra\u00eenement.<br \/>\nMat\u00e9riau fonctionnel r\u00e9sistant<br \/>\nCoupe raglan et empi\u00e8cements \u00e9lastiques pour une totale libert\u00e9 de mouvement<br \/>\nfermeture \u00e9clair avec protection du menton<br \/>\nPoches lat\u00e9rales zipp\u00e9es<br \/>\nPiping de couleur contrast\u00e9e sur les manches<\/p>\n<p>Mat\u00e9riau : polyester 100%<\/p>","protected":false},"excerpt":{"rendered":"<p>Couleur : new navy\/blanc<\/p>","protected":false},"featured_media":670603,"template":"","meta":[],"product_brand":[],"product_cat":[11777],"product_tag":[],"class_list":{"0":"post-657794","1":"product","2":"type-product","3":"status-publish","4":"has-post-thumbnail","6":"product_cat-getu-stein-buehler","8":"first","9":"instock","10":"taxable","11":"shipping-taxable","12":"purchasable","13":"product-type-variable","14":"add-to-wishlist-before_image"},"exclude_global_add_ons":[],"addons":[],"acf":[],"_links":{"self":[{"href":"https:\/\/shop.kustom.ch\/fr\/wp-json\/wp\/v2\/product\/657794"}],"collection":[{"href":"https:\/\/shop.kustom.ch\/fr\/wp-json\/wp\/v2\/product"}],"about":[{"href":"https:\/\/shop.kustom.ch\/fr\/wp-json\/wp\/v2\/types\/product"}],"wp:featuredmedia":[{"embeddable":true,"href":"https:\/\/shop.kustom.ch\/fr\/wp-json\/wp\/v2\/media\/670603"}],"wp:attachment":[{"href":"https:\/\/shop.kustom.ch\/fr\/wp-json\/wp\/v2\/media?parent=657794"}],"wp:term":[{"taxonomy":"product_brand","embeddable":true,"href":"https:\/\/shop.kustom.ch\/fr\/wp-json\/wp\/v2\/product_brand?post=657794"},{"taxonomy":"product_cat","embeddable":true,"href":"https:\/\/shop.kustom.ch\/fr\/wp-json\/wp\/v2\/product_cat?post=657794"},{"taxonomy":"product_tag","embeddable":true,"href":"https:\/\/shop.kustom.ch\/fr\/wp-json\/wp\/v2\/product_tag?post=657794"}],"curies":[{"name":"wp","href":"https:\/\/api.w.org\/{rel}","templated":true}]}}