{"id":657722,"date":"2025-04-15T23:08:33","date_gmt":"2025-04-15T22:08:33","guid":{"rendered":"https:\/\/shop.kustom.ch\/?post_type=product&#038;p=657722"},"modified":"2026-03-27T16:04:38","modified_gmt":"2026-03-27T15:04:38","slug":"kype-pro-m","status":"publish","type":"product","link":"https:\/\/shop.kustom.ch\/fr\/produit\/kype-pro-m\/","title":{"rendered":"Kype PRO M"},"content":{"rendered":"<p>Kype Pro repr\u00e9sente la nouvelle g\u00e9n\u00e9ration de chaussures de course rapide de CRAFT et a \u00e9t\u00e9 con\u00e7ue pour tous ceux qui veulent d\u00e9passer les limites et battre des records. Les marathoniens b\u00e9n\u00e9ficient d'une combinaison avanc\u00e9e de vitesse, de confort et de technologie.<\/p>\n<p>Ces chaussures de course techniquement avanc\u00e9es, qui associent une technologie de pointe \u00e0 une efficacit\u00e9 sans pr\u00e9c\u00e9dent, ont \u00e9t\u00e9 con\u00e7ues pour les coureurs de haut niveau. Au c\u0153ur de la conception se trouve la semelle interm\u00e9diaire Xx-Foam\u2122 avec Pebax\u2122, une innovation enrichie en azote qui offre un amorti l\u00e9ger, durable et hautement \u00e9lastique. La plaque de fibre de carbone de pointe d'ARRIS rend ces chaussures de course \u00e0 pied \u00e0 la fois l\u00e9g\u00e8res et solides, tout en permettant d'atteindre des vitesses \u00e9lev\u00e9es et une meilleure propulsion. La caract\u00e9ristique la plus remarquable de la chaussure est son design unique de talon divis\u00e9, qui permet une suspension ind\u00e9pendante pour une d\u00e9c\u00e9l\u00e9ration sup\u00e9rieure, un transfert d'\u00e9nergie stable \u00e0 chaque foul\u00e9e et une propulsion maximale. La nouvelle semelle ext\u00e9rieure Lightsole\u2122 a \u00e9t\u00e9 d\u00e9velopp\u00e9e en collaboration avec Vittoria, inspir\u00e9e du pneu de v\u00e9lo Corsa PRO Control, et se distingue par son adh\u00e9rence incomparable. De plus, la tige est compos\u00e9e d'un tissu AeroMesh l\u00e9ger et r\u00e9sistant, qui offre une excellente respirabilit\u00e9 et un grand confort. Un design moulant et ajust\u00e9 assure une sensation de course puissante. <\/p>\n<p>Xx Foam\u2122<br \/>\nXx Foam\u2122 est renforc\u00e9e par la perle r\u00e9volutionnaire Pebax\u2122 d'Arkema. Cette technologie de mousse d'\u00e9lite allie un puissant retour d'\u00e9nergie \u00e0 une l\u00e9g\u00e8ret\u00e9 durable et est con\u00e7ue pour les coureurs s\u00e9rieux. Le mat\u00e9riau Pebax\u2122 est connu pour sa combinaison unique de flexibilit\u00e9, de r\u00e9sistance et de faible densit\u00e9. Il offre un rebond incomparable qui fait de chacune de vos foul\u00e9es un v\u00e9ritable tour de force. Dans Xx Foam\u2122, ces perles innovantes ont \u00e9t\u00e9 soigneusement con\u00e7ues pour offrir une sensation de course coh\u00e9rente et r\u00e9active du d\u00e9part \u00e0 l'arriv\u00e9e, en s'assurant que la d\u00e9pense d'\u00e9nergie est minimis\u00e9e tout en maximisant la vitesse et le confort.<\/p>\n<p>Craft Lightsole\u2122<br \/>\nCette semelle l\u00e9g\u00e8re et performante a \u00e9t\u00e9 d\u00e9velopp\u00e9e en collaboration avec le leader mondial des pneus v\u00e9lo, Vittoria. Inspir\u00e9e du pneu v\u00e9lo Corsa PRO Control, cette semelle a \u00e9t\u00e9 con\u00e7ue pour r\u00e9pondre aux exigences les plus \u00e9lev\u00e9es de la course \u00e0 pied.<\/p>\n<p>Craft Endurance Fit\u00ae<br \/>\nLa forme Craft Endurance Fit\u00ae dispose d'un contrefort \u00e9troit au talon, d'un pont de soutien au milieu du pied et d'une zone spacieuse \u00e0 l'avant-pied. Le talon \u00e9troit assure un bon maintien sans glisser et une stabilit\u00e9 in\u00e9gal\u00e9e sur tous les terrains. Le pont m\u00e9tatarsien garantit un soutien s\u00fbr et assure la confiance \u00e0 chaque pas. La zone spacieuse de l'avant-pied permet un mouvement naturel des orteils et des m\u00e9tatarsiens, ce qui offre encore plus de confort.<\/p>\n<p>- Semelle interm\u00e9diaire Xx-Foam\u2122 l\u00e9g\u00e8re et \u00e0 forte r\u00e9silience avec Pebax\u00ae.<br \/>\n- Plaque en fibre de carbone d'ARRIS pour la stabilit\u00e9 et la vitesse<br \/>\n- Design du talon divis\u00e9 pour une meilleure absorption des chocs et un meilleur transfert d'\u00e9nergie<br \/>\n- Semelle ext\u00e9rieure Lightsole\u2122 con\u00e7ue par Vittoria pour une traction exceptionnelle, inspir\u00e9e du pneu v\u00e9lo Corsa PRO Control<br \/>\n- Tige respirante et flexible en tissu AeroMesh ouvert en 50 % de polyester recycl\u00e9<br \/>\n- D\u00e9tails en microfibre fabriqu\u00e9s \u00e0 partir de 50 % de mat\u00e9riaux recycl\u00e9s<br \/>\nCraft Endurance Fit\u00ae<br \/>\n- Poids : 200 g en taille UK8<br \/>\n- Talon 40 mm, avant-pied 32 mm, semelle int\u00e9rieure incluse<br \/>\n- Lamage : 8 mm<\/p>\n<p>Mat\u00e9riaux : Empeigne 49% polyester, 49% polyester recycl\u00e9, 2% ur\u00e9thanes thermoplastiques, semelle interm\u00e9diaire 100% ETPU Foam, insert semelle interm\u00e9diaire 100% fibre de carbone, semelle ext\u00e9rieure 100% GCU caoutchouc, semelle int\u00e9rieure 20% polyester, 80% polyester recycl\u00e9<\/p>","protected":false},"excerpt":{"rendered":"<p>Kype Pro repr\u00e4sentiert die neue Generation von schnellen Laufschuhen von CRAFT und wurde f\u00fcr alle entwickelt, die Grenzen \u00fcberschreiten und Rekorde brechen m\u00f6chten. Marathonl\u00e4ufer profitieren aus einer fortschrittlichen Kombination aus Geschwindigkeit, Komfort und Technologie. Diese technisch fortschrittlichen Laufschuhe, die Spitzentechnologie mit beispielloser Effizienz kombinieren, wurden f\u00fcr Spitzenl\u00e4ufer entwickelt. Im Mittelpunkt des Designs steht die Xx-Foam\u2122-Zwischensohle [&hellip;]<\/p>\n","protected":false},"featured_media":706234,"template":"","meta":[],"product_brand":[],"product_cat":[4197],"product_tag":[],"class_list":{"0":"post-657722","1":"product","2":"type-product","3":"status-publish","4":"has-post-thumbnail","6":"product_cat-schuhe-sandalen","7":"pa_brand-craft","8":"pa_brand-type-sportswear","9":"pa_filter-color-gruen","10":"pa_filter-color-orange","12":"first","13":"instock","14":"sale","15":"taxable","16":"shipping-taxable","17":"purchasable","18":"product-type-variable","19":"add-to-wishlist-before_image"},"exclude_global_add_ons":[],"addons":[],"acf":[],"_links":{"self":[{"href":"https:\/\/shop.kustom.ch\/fr\/wp-json\/wp\/v2\/product\/657722"}],"collection":[{"href":"https:\/\/shop.kustom.ch\/fr\/wp-json\/wp\/v2\/product"}],"about":[{"href":"https:\/\/shop.kustom.ch\/fr\/wp-json\/wp\/v2\/types\/product"}],"wp:featuredmedia":[{"embeddable":true,"href":"https:\/\/shop.kustom.ch\/fr\/wp-json\/wp\/v2\/media\/706234"}],"wp:attachment":[{"href":"https:\/\/shop.kustom.ch\/fr\/wp-json\/wp\/v2\/media?parent=657722"}],"wp:term":[{"taxonomy":"product_brand","embeddable":true,"href":"https:\/\/shop.kustom.ch\/fr\/wp-json\/wp\/v2\/product_brand?post=657722"},{"taxonomy":"product_cat","embeddable":true,"href":"https:\/\/shop.kustom.ch\/fr\/wp-json\/wp\/v2\/product_cat?post=657722"},{"taxonomy":"product_tag","embeddable":true,"href":"https:\/\/shop.kustom.ch\/fr\/wp-json\/wp\/v2\/product_tag?post=657722"}],"curies":[{"name":"wp","href":"https:\/\/api.w.org\/{rel}","templated":true}]}}