{"id":654628,"date":"2025-04-15T04:33:25","date_gmt":"2025-04-15T03:33:25","guid":{"rendered":"https:\/\/shop.kustom.ch\/?post_type=product&#038;p=654628"},"modified":"2026-03-31T13:39:46","modified_gmt":"2026-03-31T12:39:46","slug":"ziptop-light-flow","status":"publish","type":"product","link":"https:\/\/shop.kustom.ch\/fr\/produit\/ziptop-light-flow\/","title":{"rendered":"D\u00e9bardeur Light Flow"},"content":{"rendered":"<p>lavable \u00e0 40 \u00b0C<br \/>\nLogo JAKO et Dots avec motif int\u00e9gr\u00e9<br \/>\nPolyester stretch<br \/>\nM\u00e9lange de polyester et d'\u00e9lasthanne tr\u00e8s \u00e9lastique<br \/>\n90 % polyester (recycl\u00e9), 10 % \u00e9lasthanne<br \/>\n200 g\/m\u00b2 (1,5 lb)<\/p>","protected":false},"excerpt":{"rendered":"<p>40 \u00b0C waschbar JAKO Logo und Dots mit integriertem Muster Polyester-Stretch Hochelastischer Polyester-Elasthan-Mix 90 % Polyester (recycelt), 10 % Elasthan 200 g\/m\u00b2<\/p>","protected":false},"featured_media":654691,"template":"","meta":[],"product_brand":[],"product_cat":[4184],"product_tag":[],"class_list":{"0":"post-654628","1":"product","2":"type-product","3":"status-publish","4":"has-post-thumbnail","6":"product_cat-hoodies-pullover","7":"pa_brand-jako","8":"pa_brand-type-sportswear","9":"pa_filter-color-blau","10":"pa_filter-color-gruen","11":"pa_filter-color-orange","12":"pa_filter-color-rot","13":"pa_filter-color-schwarz","14":"pa_filter-color-weiss","16":"first","17":"instock","18":"sale","19":"taxable","20":"shipping-taxable","21":"purchasable","22":"product-type-variable","23":"add-to-wishlist-before_image"},"exclude_global_add_ons":[],"addons":[],"acf":[],"_links":{"self":[{"href":"https:\/\/shop.kustom.ch\/fr\/wp-json\/wp\/v2\/product\/654628"}],"collection":[{"href":"https:\/\/shop.kustom.ch\/fr\/wp-json\/wp\/v2\/product"}],"about":[{"href":"https:\/\/shop.kustom.ch\/fr\/wp-json\/wp\/v2\/types\/product"}],"wp:featuredmedia":[{"embeddable":true,"href":"https:\/\/shop.kustom.ch\/fr\/wp-json\/wp\/v2\/media\/654691"}],"wp:attachment":[{"href":"https:\/\/shop.kustom.ch\/fr\/wp-json\/wp\/v2\/media?parent=654628"}],"wp:term":[{"taxonomy":"product_brand","embeddable":true,"href":"https:\/\/shop.kustom.ch\/fr\/wp-json\/wp\/v2\/product_brand?post=654628"},{"taxonomy":"product_cat","embeddable":true,"href":"https:\/\/shop.kustom.ch\/fr\/wp-json\/wp\/v2\/product_cat?post=654628"},{"taxonomy":"product_tag","embeddable":true,"href":"https:\/\/shop.kustom.ch\/fr\/wp-json\/wp\/v2\/product_tag?post=654628"}],"curies":[{"name":"wp","href":"https:\/\/api.w.org\/{rel}","templated":true}]}}