{"id":654124,"date":"2025-04-15T04:29:36","date_gmt":"2025-04-15T03:29:36","guid":{"rendered":"https:\/\/shop.kustom.ch\/?post_type=product&#038;p=654124"},"modified":"2026-03-31T15:19:09","modified_gmt":"2026-03-31T14:19:09","slug":"jacke-function","status":"publish","type":"product","link":"https:\/\/shop.kustom.ch\/fr\/produit\/jacke-function\/","title":{"rendered":"Veste Function"},"content":{"rendered":"<p>lavable \u00e0 40 \u00b0C<br \/>\nTissu ext\u00e9rieur lamin\u00e9 r\u00e9sistant au vent et \u00e0 l'eau<br \/>\nDoublure int\u00e9rieure en mesh avec finition ouverte dans le dos<br \/>\nOuverture d'a\u00e9ration dans le dos<br \/>\nOurlet r\u00e9glable<br \/>\nCapuche r\u00e9glable<br \/>\nPoches lat\u00e9rales avec fermeture \u00e9clair<br \/>\npoche int\u00e9rieure avec velcro<br \/>\nPoche poitrine plaqu\u00e9e<br \/>\nCoutures tapiss\u00e9es<br \/>\nLogo JAKO dans la couleur principale<br \/>\n100 % Polyester<br \/>\n3000 mm TPU\/1500 g\/m\u00b2\/24h<br \/>\nDoublure int\u00e9rieure : 100 % polyester<\/p>","protected":false},"excerpt":{"rendered":"<p>40 \u00b0C waschbar Wind- und wasserabweisendes Obermaterial mit Laminierung Innenfutter aus Mesh mit offenem Abschluss im R\u00fccken Bel\u00fcftungs\u00f6ffnung am R\u00fccken Verstellbarer Saum Verstellbare Kapuze Seitentaschen mit Reissverschluss Innentasche mit Klett Aufgesetzte Brusttasche Getapte N\u00e4hte JAKO Logo in Hauptfarbe 100 % Polyester 3000 mm TPU\/1500 g\/m\u00b2\/24h Innenfutter: 100 % Polyester<\/p>","protected":false},"featured_media":654125,"template":"","meta":[],"product_brand":[],"product_cat":[4186],"product_tag":[],"class_list":{"0":"post-654124","1":"product","2":"type-product","3":"status-publish","4":"has-post-thumbnail","6":"product_cat-jacken","7":"pa_brand-jako","8":"pa_brand-type-sportswear","9":"pa_filter-color-schwarz","11":"first","12":"instock","13":"sale","14":"taxable","15":"shipping-taxable","16":"purchasable","17":"product-type-variable","18":"add-to-wishlist-before_image"},"exclude_global_add_ons":[],"addons":[],"acf":[],"_links":{"self":[{"href":"https:\/\/shop.kustom.ch\/fr\/wp-json\/wp\/v2\/product\/654124"}],"collection":[{"href":"https:\/\/shop.kustom.ch\/fr\/wp-json\/wp\/v2\/product"}],"about":[{"href":"https:\/\/shop.kustom.ch\/fr\/wp-json\/wp\/v2\/types\/product"}],"wp:featuredmedia":[{"embeddable":true,"href":"https:\/\/shop.kustom.ch\/fr\/wp-json\/wp\/v2\/media\/654125"}],"wp:attachment":[{"href":"https:\/\/shop.kustom.ch\/fr\/wp-json\/wp\/v2\/media?parent=654124"}],"wp:term":[{"taxonomy":"product_brand","embeddable":true,"href":"https:\/\/shop.kustom.ch\/fr\/wp-json\/wp\/v2\/product_brand?post=654124"},{"taxonomy":"product_cat","embeddable":true,"href":"https:\/\/shop.kustom.ch\/fr\/wp-json\/wp\/v2\/product_cat?post=654124"},{"taxonomy":"product_tag","embeddable":true,"href":"https:\/\/shop.kustom.ch\/fr\/wp-json\/wp\/v2\/product_tag?post=654124"}],"curies":[{"name":"wp","href":"https:\/\/api.w.org\/{rel}","templated":true}]}}