{"id":654012,"date":"2025-04-15T04:28:42","date_gmt":"2025-04-15T03:28:42","guid":{"rendered":"https:\/\/shop.kustom.ch\/?post_type=product&#038;p=654012"},"modified":"2026-03-31T13:37:01","modified_gmt":"2026-03-31T12:37:01","slug":"stadionjacke","status":"publish","type":"product","link":"https:\/\/shop.kustom.ch\/fr\/produit\/stadionjacke\/","title":{"rendered":"Veste de stade"},"content":{"rendered":"<p>lavable \u00e0 40 \u00b0C<br \/>\nTissu ext\u00e9rieur lamin\u00e9 r\u00e9sistant au vent et \u00e0 l'eau<br \/>\nRembourrage l\u00e9ger et thermo-isolant<br \/>\nCapuche r\u00e9glable<br \/>\nPoches lat\u00e9rales avec fermeture \u00e9clair<br \/>\nsurface de finition sur le dos<br \/>\n100 % Polyester<br \/>\n3000 mm TPU<br \/>\nRembourrage : 100 % polyester<br \/>\nDoublure int\u00e9rieure : 100 % polyester<\/p>","protected":false},"excerpt":{"rendered":"<p>40 \u00b0C waschbar Wind- und wasserabweisendes Obermaterial mit Laminierung W\u00e4rmeisolierende, leichte Wattierung Verstellbare Kapuze Seitentaschen mit Reissverschluss Veredlungsfl\u00e4che auf dem R\u00fccken 100 % Polyester 3000 mm TPU Wattierung: 100 % Polyester Innenfutter: 100 % Polyester<\/p>","protected":false},"featured_media":654044,"template":"","meta":[],"product_brand":[],"product_cat":[4186],"product_tag":[],"class_list":{"0":"post-654012","1":"product","2":"type-product","3":"status-publish","4":"has-post-thumbnail","6":"product_cat-jacken","7":"pa_brand-jako","8":"pa_brand-type-sportswear","9":"pa_filter-color-blau","10":"pa_filter-color-grau","11":"pa_filter-color-gruen","12":"pa_filter-color-rot","13":"pa_filter-color-schwarz","15":"first","16":"instock","17":"sale","18":"taxable","19":"shipping-taxable","20":"purchasable","21":"product-type-variable","22":"add-to-wishlist-before_image"},"exclude_global_add_ons":[],"addons":[],"acf":[],"_links":{"self":[{"href":"https:\/\/shop.kustom.ch\/fr\/wp-json\/wp\/v2\/product\/654012"}],"collection":[{"href":"https:\/\/shop.kustom.ch\/fr\/wp-json\/wp\/v2\/product"}],"about":[{"href":"https:\/\/shop.kustom.ch\/fr\/wp-json\/wp\/v2\/types\/product"}],"wp:featuredmedia":[{"embeddable":true,"href":"https:\/\/shop.kustom.ch\/fr\/wp-json\/wp\/v2\/media\/654044"}],"wp:attachment":[{"href":"https:\/\/shop.kustom.ch\/fr\/wp-json\/wp\/v2\/media?parent=654012"}],"wp:term":[{"taxonomy":"product_brand","embeddable":true,"href":"https:\/\/shop.kustom.ch\/fr\/wp-json\/wp\/v2\/product_brand?post=654012"},{"taxonomy":"product_cat","embeddable":true,"href":"https:\/\/shop.kustom.ch\/fr\/wp-json\/wp\/v2\/product_cat?post=654012"},{"taxonomy":"product_tag","embeddable":true,"href":"https:\/\/shop.kustom.ch\/fr\/wp-json\/wp\/v2\/product_tag?post=654012"}],"curies":[{"name":"wp","href":"https:\/\/api.w.org\/{rel}","templated":true}]}}