{"id":654011,"date":"2025-04-15T04:28:42","date_gmt":"2025-04-15T03:28:42","guid":{"rendered":"https:\/\/shop.kustom.ch\/?post_type=product&#038;p=654011"},"modified":"2026-03-31T15:18:45","modified_gmt":"2026-03-31T14:18:45","slug":"winterjacke-function","status":"publish","type":"product","link":"https:\/\/shop.kustom.ch\/fr\/produit\/winterjacke-function\/","title":{"rendered":"Veste d'hiver Function"},"content":{"rendered":"<p>lavable \u00e0 40 \u00b0C<br \/>\nTissu ext\u00e9rieur lamin\u00e9 r\u00e9sistant au vent et \u00e0 l'eau<br \/>\nRembourrage thermo-isolant<br \/>\nDoublure matelass\u00e9e<br \/>\nBas des manches avec poignets \u00e9lastiques<br \/>\nOurlet r\u00e9glable<br \/>\nCapuche amovible<br \/>\nCapuche avec cordon de serrage et stoppeurs<br \/>\nPoches lat\u00e9rales avec fermeture \u00e9clair<br \/>\npoche int\u00e9rieure avec velcro<br \/>\nCoutures tapiss\u00e9es<br \/>\nLogo JAKO dans la couleur principale<br \/>\n100 % Polyester<br \/>\n5000 mm TPU<br \/>\nRembourrage : 100 % polyester<br \/>\nDoublure int\u00e9rieure : 100 % polyester<\/p>","protected":false},"excerpt":{"rendered":"<p>40 \u00b0C waschbar Wind- und wasserabweisendes Obermaterial mit Laminierung W\u00e4rmeisolierende Wattierung Gestepptes Innenfutter \u00c4rmelabschluss mit elastischen B\u00fcndchen Verstellbarer Saum Abnehmbare Kapuze Kapuze mit Kordelzug und Stoppern Seitentaschen mit Reissverschluss Innentasche mit Klett Getapte N\u00e4hte JAKO Logo in Hauptfarbe 100 % Polyester 5000 mm TPU Wattierung: 100 % Polyester Innenfutter: 100 % Polyester<\/p>","protected":false},"featured_media":657705,"template":"","meta":[],"product_brand":[],"product_cat":[4186],"product_tag":[],"class_list":{"0":"post-654011","1":"product","2":"type-product","3":"status-publish","4":"has-post-thumbnail","6":"product_cat-jacken","7":"pa_brand-jako","8":"pa_brand-type-sportswear","9":"pa_filter-color-schwarz","11":"first","12":"instock","13":"sale","14":"taxable","15":"shipping-taxable","16":"purchasable","17":"product-type-variable","18":"add-to-wishlist-before_image"},"exclude_global_add_ons":[],"addons":[],"acf":[],"_links":{"self":[{"href":"https:\/\/shop.kustom.ch\/fr\/wp-json\/wp\/v2\/product\/654011"}],"collection":[{"href":"https:\/\/shop.kustom.ch\/fr\/wp-json\/wp\/v2\/product"}],"about":[{"href":"https:\/\/shop.kustom.ch\/fr\/wp-json\/wp\/v2\/types\/product"}],"wp:featuredmedia":[{"embeddable":true,"href":"https:\/\/shop.kustom.ch\/fr\/wp-json\/wp\/v2\/media\/657705"}],"wp:attachment":[{"href":"https:\/\/shop.kustom.ch\/fr\/wp-json\/wp\/v2\/media?parent=654011"}],"wp:term":[{"taxonomy":"product_brand","embeddable":true,"href":"https:\/\/shop.kustom.ch\/fr\/wp-json\/wp\/v2\/product_brand?post=654011"},{"taxonomy":"product_cat","embeddable":true,"href":"https:\/\/shop.kustom.ch\/fr\/wp-json\/wp\/v2\/product_cat?post=654011"},{"taxonomy":"product_tag","embeddable":true,"href":"https:\/\/shop.kustom.ch\/fr\/wp-json\/wp\/v2\/product_tag?post=654011"}],"curies":[{"name":"wp","href":"https:\/\/api.w.org\/{rel}","templated":true}]}}