{"id":653712,"date":"2025-04-15T04:16:29","date_gmt":"2025-04-15T03:16:29","guid":{"rendered":"https:\/\/shop.kustom.ch\/?post_type=product&#038;p=653712"},"modified":"2026-03-31T13:24:36","modified_gmt":"2026-03-31T12:24:36","slug":"winterball-iconic","status":"publish","type":"product","link":"https:\/\/shop.kustom.ch\/fr\/produit\/winterball-iconic\/","title":{"rendered":"Bal d'hiver Iconic"},"content":{"rendered":"<p>Ballon d'entra\u00eenement certifi\u00e9 FIFA BASIC<br \/>\nTechnologie hybride<br \/>\n32 Panneau<br \/>\nVessie en caoutchouc envelopp\u00e9e<\/p>","protected":false},"excerpt":{"rendered":"<p>Ballon d'entra\u00eenement certifi\u00e9 FIFA BASIC Technologie hybride 32 panneaux Vessie en caoutchouc enroul\u00e9e<\/p>","protected":false},"featured_media":653714,"template":"","meta":[],"product_brand":[],"product_cat":[4175,4209],"product_tag":[],"class_list":{"0":"post-653712","1":"product","2":"type-product","3":"status-publish","4":"has-post-thumbnail","6":"product_cat-baelle","7":"product_cat-zubehoer","8":"pa_brand-jako","9":"pa_brand-type-sportswear","10":"pa_filter-color-orange","12":"first","13":"instock","14":"sale","15":"taxable","16":"shipping-taxable","17":"purchasable","18":"product-type-variable","19":"add-to-wishlist-before_image"},"exclude_global_add_ons":[],"addons":[],"acf":[],"_links":{"self":[{"href":"https:\/\/shop.kustom.ch\/fr\/wp-json\/wp\/v2\/product\/653712"}],"collection":[{"href":"https:\/\/shop.kustom.ch\/fr\/wp-json\/wp\/v2\/product"}],"about":[{"href":"https:\/\/shop.kustom.ch\/fr\/wp-json\/wp\/v2\/types\/product"}],"wp:featuredmedia":[{"embeddable":true,"href":"https:\/\/shop.kustom.ch\/fr\/wp-json\/wp\/v2\/media\/653714"}],"wp:attachment":[{"href":"https:\/\/shop.kustom.ch\/fr\/wp-json\/wp\/v2\/media?parent=653712"}],"wp:term":[{"taxonomy":"product_brand","embeddable":true,"href":"https:\/\/shop.kustom.ch\/fr\/wp-json\/wp\/v2\/product_brand?post=653712"},{"taxonomy":"product_cat","embeddable":true,"href":"https:\/\/shop.kustom.ch\/fr\/wp-json\/wp\/v2\/product_cat?post=653712"},{"taxonomy":"product_tag","embeddable":true,"href":"https:\/\/shop.kustom.ch\/fr\/wp-json\/wp\/v2\/product_tag?post=653712"}],"curies":[{"name":"wp","href":"https:\/\/api.w.org\/{rel}","templated":true}]}}