{"id":653029,"date":"2025-04-15T04:10:00","date_gmt":"2025-04-15T03:10:00","guid":{"rendered":"https:\/\/shop.kustom.ch\/?post_type=product&#038;p=653029"},"modified":"2026-03-31T13:24:20","modified_gmt":"2026-03-31T12:24:20","slug":"trainingsball-river","status":"publish","type":"product","link":"https:\/\/shop.kustom.ch\/fr\/produit\/trainingsball-river\/","title":{"rendered":"Ballon d'entra\u00eenement River"},"content":{"rendered":"<p>Ballon d'entra\u00eenement certifi\u00e9 FIFA BASIC (tailles 4 et 5)<br \/>\nCousu et coll\u00e9 \u00e0 la machine<br \/>\n32 Panneau<br \/>\nVessie en caoutchouc<\/p>","protected":false},"excerpt":{"rendered":"<p>FIFA BASIC-zertifizierter Trainingsball (Gr. 4 und 5) Maschinengen\u00e4ht und geklebt 32 Panel Gummi-Blase<\/p>","protected":false},"featured_media":653077,"template":"","meta":[],"product_brand":[],"product_cat":[4209,4175],"product_tag":[],"class_list":{"0":"post-653029","1":"product","2":"type-product","3":"status-publish","4":"has-post-thumbnail","6":"product_cat-zubehoer","7":"product_cat-baelle","8":"pa_brand-jako","9":"pa_brand-type-sportswear","10":"pa_filter-color-gruen","11":"pa_filter-color-weiss","13":"first","14":"instock","15":"sale","16":"taxable","17":"shipping-taxable","18":"purchasable","19":"product-type-variable","20":"add-to-wishlist-before_image"},"exclude_global_add_ons":[],"addons":[],"acf":[],"_links":{"self":[{"href":"https:\/\/shop.kustom.ch\/fr\/wp-json\/wp\/v2\/product\/653029"}],"collection":[{"href":"https:\/\/shop.kustom.ch\/fr\/wp-json\/wp\/v2\/product"}],"about":[{"href":"https:\/\/shop.kustom.ch\/fr\/wp-json\/wp\/v2\/types\/product"}],"wp:featuredmedia":[{"embeddable":true,"href":"https:\/\/shop.kustom.ch\/fr\/wp-json\/wp\/v2\/media\/653077"}],"wp:attachment":[{"href":"https:\/\/shop.kustom.ch\/fr\/wp-json\/wp\/v2\/media?parent=653029"}],"wp:term":[{"taxonomy":"product_brand","embeddable":true,"href":"https:\/\/shop.kustom.ch\/fr\/wp-json\/wp\/v2\/product_brand?post=653029"},{"taxonomy":"product_cat","embeddable":true,"href":"https:\/\/shop.kustom.ch\/fr\/wp-json\/wp\/v2\/product_cat?post=653029"},{"taxonomy":"product_tag","embeddable":true,"href":"https:\/\/shop.kustom.ch\/fr\/wp-json\/wp\/v2\/product_tag?post=653029"}],"curies":[{"name":"wp","href":"https:\/\/api.w.org\/{rel}","templated":true}]}}