{"id":653024,"date":"2025-04-15T04:09:59","date_gmt":"2025-04-15T03:09:59","guid":{"rendered":"https:\/\/shop.kustom.ch\/?post_type=product&#038;p=653024"},"modified":"2026-03-31T13:24:22","modified_gmt":"2026-03-31T12:24:22","slug":"trainingsball-contrast","status":"publish","type":"product","link":"https:\/\/shop.kustom.ch\/fr\/produit\/trainingsball-contrast\/","title":{"rendered":"Ballon d'entra\u00eenement Contrast"},"content":{"rendered":"<p>Ballon d'entra\u00eenement certifi\u00e9 FIFA BASIC (tailles 4 et 5)<br \/>\nCousu main<br \/>\n32 Panneau<br \/>\nVessie en butyle<\/p>","protected":false},"excerpt":{"rendered":"<p>Ballon d'entra\u00eenement certifi\u00e9 FIFA BASIC (tailles 4 et 5) Cousu main Vessie en butyle 32 panneaux<\/p>","protected":false},"featured_media":653060,"template":"","meta":[],"product_brand":[],"product_cat":[4175,4209],"product_tag":[],"class_list":{"0":"post-653024","1":"product","2":"type-product","3":"status-publish","4":"has-post-thumbnail","6":"product_cat-baelle","7":"product_cat-zubehoer","8":"pa_brand-jako","9":"pa_brand-type-sportswear","10":"pa_filter-color-schwarz","11":"pa_filter-color-weiss","13":"first","14":"instock","15":"sale","16":"taxable","17":"shipping-taxable","18":"purchasable","19":"product-type-variable","20":"add-to-wishlist-before_image"},"exclude_global_add_ons":[],"addons":[],"acf":[],"_links":{"self":[{"href":"https:\/\/shop.kustom.ch\/fr\/wp-json\/wp\/v2\/product\/653024"}],"collection":[{"href":"https:\/\/shop.kustom.ch\/fr\/wp-json\/wp\/v2\/product"}],"about":[{"href":"https:\/\/shop.kustom.ch\/fr\/wp-json\/wp\/v2\/types\/product"}],"wp:featuredmedia":[{"embeddable":true,"href":"https:\/\/shop.kustom.ch\/fr\/wp-json\/wp\/v2\/media\/653060"}],"wp:attachment":[{"href":"https:\/\/shop.kustom.ch\/fr\/wp-json\/wp\/v2\/media?parent=653024"}],"wp:term":[{"taxonomy":"product_brand","embeddable":true,"href":"https:\/\/shop.kustom.ch\/fr\/wp-json\/wp\/v2\/product_brand?post=653024"},{"taxonomy":"product_cat","embeddable":true,"href":"https:\/\/shop.kustom.ch\/fr\/wp-json\/wp\/v2\/product_cat?post=653024"},{"taxonomy":"product_tag","embeddable":true,"href":"https:\/\/shop.kustom.ch\/fr\/wp-json\/wp\/v2\/product_tag?post=653024"}],"curies":[{"name":"wp","href":"https:\/\/api.w.org\/{rel}","templated":true}]}}