{"id":651967,"date":"2025-04-15T04:02:35","date_gmt":"2025-04-15T03:02:35","guid":{"rendered":"https:\/\/shop.kustom.ch\/?post_type=product&#038;p=651967"},"modified":"2026-04-11T07:08:21","modified_gmt":"2026-04-11T06:08:21","slug":"sneaker-urban-ctw","status":"publish","type":"product","link":"https:\/\/shop.kustom.ch\/fr\/produit\/sneaker-urban-ctw\/","title":{"rendered":"Baskets Urban CTW"},"content":{"rendered":"<p>Mati\u00e8re \u00e0 s\u00e9chage rapide gr\u00e2ce \u00e0 la technologie Fast-Dry Lining<br \/>\nSemelles respirantes, amortissantes et ind\u00e9formables<br \/>\nla doublure est lavable<br \/>\nId\u00e9al pour la finition<br \/>\nDessus : Synth\u00e9tique<br \/>\nDoublure : Textile<br \/>\nSemelle int\u00e9rieure : Textile + Synth\u00e9tique<br \/>\nSemelle ext\u00e9rieure : Synth\u00e9tique<\/p>","protected":false},"excerpt":{"rendered":"<p>Schnelltrocknendes Material durch Fast-Dry Lining Technologie Atmungsaktive, d\u00e4mpfende und formstabile Einlagen Einlage ist waschbar Ideal zum Veredeln Obermaterial: Synthetic Futter: Textile Innensohle: Textile + Synthetic Laufsohle: Synthetic<\/p>","protected":false},"featured_media":651972,"template":"","meta":[],"product_brand":[],"product_cat":[4197,4209],"product_tag":[],"class_list":{"0":"post-651967","1":"product","2":"type-product","3":"status-publish","4":"has-post-thumbnail","6":"product_cat-schuhe-sandalen","7":"product_cat-zubehoer","8":"pa_brand-jako","9":"pa_brand-type-sportswear","10":"pa_filter-color-weiss","12":"first","13":"instock","14":"sale","15":"taxable","16":"shipping-taxable","17":"purchasable","18":"product-type-variable","19":"add-to-wishlist-before_image"},"exclude_global_add_ons":[],"addons":[],"acf":[],"_links":{"self":[{"href":"https:\/\/shop.kustom.ch\/fr\/wp-json\/wp\/v2\/product\/651967"}],"collection":[{"href":"https:\/\/shop.kustom.ch\/fr\/wp-json\/wp\/v2\/product"}],"about":[{"href":"https:\/\/shop.kustom.ch\/fr\/wp-json\/wp\/v2\/types\/product"}],"wp:featuredmedia":[{"embeddable":true,"href":"https:\/\/shop.kustom.ch\/fr\/wp-json\/wp\/v2\/media\/651972"}],"wp:attachment":[{"href":"https:\/\/shop.kustom.ch\/fr\/wp-json\/wp\/v2\/media?parent=651967"}],"wp:term":[{"taxonomy":"product_brand","embeddable":true,"href":"https:\/\/shop.kustom.ch\/fr\/wp-json\/wp\/v2\/product_brand?post=651967"},{"taxonomy":"product_cat","embeddable":true,"href":"https:\/\/shop.kustom.ch\/fr\/wp-json\/wp\/v2\/product_cat?post=651967"},{"taxonomy":"product_tag","embeddable":true,"href":"https:\/\/shop.kustom.ch\/fr\/wp-json\/wp\/v2\/product_tag?post=651967"}],"curies":[{"name":"wp","href":"https:\/\/api.w.org\/{rel}","templated":true}]}}