{"id":651732,"date":"2025-04-15T04:00:51","date_gmt":"2025-04-15T03:00:51","guid":{"rendered":"https:\/\/shop.kustom.ch\/?post_type=product&#038;p=651732"},"modified":"2026-03-31T13:28:25","modified_gmt":"2026-03-31T12:28:25","slug":"rs89-elite-fg-ag","status":"publish","type":"product","link":"https:\/\/shop.kustom.ch\/fr\/produit\/rs89-elite-fg-ag\/","title":{"rendered":"RS89 Elite FG\/AG"},"content":{"rendered":"<p>Fabriqu\u00e9 en Europe<br \/>\nChaussures \u00e0 crampons pour adultes<br \/>\nConvient aux pelouses naturelles et artificielles<br \/>\nAjustement optimal gr\u00e2ce aux formes europ\u00e9ennes<br \/>\nFabrication avec la technologie d'injection directe la plus moderne<br \/>\nTige l\u00e9g\u00e8re et technique pour plus de dynamisme<br \/>\nConstruction tricot\u00e9e de la languette avec la\u00e7age asym\u00e9trique<br \/>\nDessus : Textile + Synth\u00e9tique<br \/>\nDoublure : Synth\u00e9tique<br \/>\nSemelle int\u00e9rieure : Textile + Synth\u00e9tique<\/p>","protected":false},"excerpt":{"rendered":"<p>Made in Europe Nockenschuh f\u00fcr Erwachsene Geeignet f\u00fcr Natur- und Kunstrasen Optimaler Fit durch europ\u00e4ischen Leisten Fertigung mit modernster Direct Injection Technologie Leichtes, technisches Obermaterial f\u00fcr mehr Dynamik Gestrickte Zungenkonstruktion mit asymmetrischer Schn\u00fcrung Obermaterial: Textile + Synthetic Futter: Synthetik Innensohle: Textile + Synthetic<\/p>","protected":false},"featured_media":651779,"template":"","meta":[],"product_brand":[],"product_cat":[4197,4209],"product_tag":[],"class_list":{"0":"post-651732","1":"product","2":"type-product","3":"status-publish","4":"has-post-thumbnail","6":"product_cat-schuhe-sandalen","7":"product_cat-zubehoer","8":"pa_brand-jako","9":"pa_brand-type-sportswear","10":"pa_filter-color-schwarz","11":"pa_filter-color-weiss","13":"first","14":"instock","15":"sale","16":"taxable","17":"shipping-taxable","18":"purchasable","19":"product-type-variable","20":"add-to-wishlist-before_image"},"exclude_global_add_ons":[],"addons":[],"acf":[],"_links":{"self":[{"href":"https:\/\/shop.kustom.ch\/fr\/wp-json\/wp\/v2\/product\/651732"}],"collection":[{"href":"https:\/\/shop.kustom.ch\/fr\/wp-json\/wp\/v2\/product"}],"about":[{"href":"https:\/\/shop.kustom.ch\/fr\/wp-json\/wp\/v2\/types\/product"}],"wp:featuredmedia":[{"embeddable":true,"href":"https:\/\/shop.kustom.ch\/fr\/wp-json\/wp\/v2\/media\/651779"}],"wp:attachment":[{"href":"https:\/\/shop.kustom.ch\/fr\/wp-json\/wp\/v2\/media?parent=651732"}],"wp:term":[{"taxonomy":"product_brand","embeddable":true,"href":"https:\/\/shop.kustom.ch\/fr\/wp-json\/wp\/v2\/product_brand?post=651732"},{"taxonomy":"product_cat","embeddable":true,"href":"https:\/\/shop.kustom.ch\/fr\/wp-json\/wp\/v2\/product_cat?post=651732"},{"taxonomy":"product_tag","embeddable":true,"href":"https:\/\/shop.kustom.ch\/fr\/wp-json\/wp\/v2\/product_tag?post=651732"}],"curies":[{"name":"wp","href":"https:\/\/api.w.org\/{rel}","templated":true}]}}