{"id":651292,"date":"2025-04-15T03:57:59","date_gmt":"2025-04-15T02:57:59","guid":{"rendered":"https:\/\/shop.kustom.ch\/?post_type=product&#038;p=651292"},"modified":"2026-03-31T13:25:02","modified_gmt":"2026-03-31T12:25:02","slug":"mini-schienbeinschoner-pro","status":"publish","type":"product","link":"https:\/\/shop.kustom.ch\/fr\/produit\/mini-schienbeinschoner-pro\/","title":{"rendered":"Mini prot\u00e8ge-tibias Pro"},"content":{"rendered":"<p>Prot\u00e8ge-tibias flexible \u00e0 ins\u00e9rer<br \/>\nAjustement optimal, maintien s\u00fbr<br \/>\nBas \u00e9lastique de fixation<br \/>\nEn plastique TPE recyclable<br \/>\nFabriqu\u00e9 en Allemagne<br \/>\n8 x 0,5 x 12 cm (L x l x H)<br \/>\npoids : 45 g<br \/>\nConvient aux adultes et aux enfants<\/p>","protected":false},"excerpt":{"rendered":"<p>Flexibler Schienbeinschoner zum Einschieben Optimale Passform, sicherer Halt Elastischer Strumpf zur Fixierung Aus recycelbarem TPE Kunststoff Made in Germany 8 x 0,5 x 12 cm (LxBxH) Gewicht: 45 g F\u00fcr Erwachsene und Kinder geeignet<\/p>","protected":false},"featured_media":651295,"template":"","meta":[],"product_brand":[],"product_cat":[4196],"product_tag":[],"class_list":{"0":"post-651292","1":"product","2":"type-product","3":"status-publish","4":"has-post-thumbnail","6":"product_cat-schienbeinschoner","7":"pa_brand-jako","8":"pa_brand-type-sportswear","9":"pa_filter-color-schwarz","11":"first","12":"instock","13":"sale","14":"taxable","15":"shipping-taxable","16":"purchasable","17":"product-type-variable","18":"add-to-wishlist-before_image"},"exclude_global_add_ons":[],"addons":[],"acf":[],"_links":{"self":[{"href":"https:\/\/shop.kustom.ch\/fr\/wp-json\/wp\/v2\/product\/651292"}],"collection":[{"href":"https:\/\/shop.kustom.ch\/fr\/wp-json\/wp\/v2\/product"}],"about":[{"href":"https:\/\/shop.kustom.ch\/fr\/wp-json\/wp\/v2\/types\/product"}],"wp:featuredmedia":[{"embeddable":true,"href":"https:\/\/shop.kustom.ch\/fr\/wp-json\/wp\/v2\/media\/651295"}],"wp:attachment":[{"href":"https:\/\/shop.kustom.ch\/fr\/wp-json\/wp\/v2\/media?parent=651292"}],"wp:term":[{"taxonomy":"product_brand","embeddable":true,"href":"https:\/\/shop.kustom.ch\/fr\/wp-json\/wp\/v2\/product_brand?post=651292"},{"taxonomy":"product_cat","embeddable":true,"href":"https:\/\/shop.kustom.ch\/fr\/wp-json\/wp\/v2\/product_cat?post=651292"},{"taxonomy":"product_tag","embeddable":true,"href":"https:\/\/shop.kustom.ch\/fr\/wp-json\/wp\/v2\/product_tag?post=651292"}],"curies":[{"name":"wp","href":"https:\/\/api.w.org\/{rel}","templated":true}]}}