{"id":651128,"date":"2025-04-15T03:56:25","date_gmt":"2025-04-15T02:56:25","guid":{"rendered":"https:\/\/shop.kustom.ch\/?post_type=product&#038;p=651128"},"modified":"2026-03-31T13:24:22","modified_gmt":"2026-03-31T12:24:22","slug":"lightball-glory","status":"publish","type":"product","link":"https:\/\/shop.kustom.ch\/fr\/produit\/lightball-glory\/","title":{"rendered":"Boule de lumi\u00e8re Glory"},"content":{"rendered":"<p>Technologie de collage<br \/>\n14 Panneau<br \/>\nVessie en caoutchouc envelopp\u00e9e<br \/>\nConvient particuli\u00e8rement au gazon synth\u00e9tique gr\u00e2ce \u00e0 sa surface r\u00e9sistante avec couche de polyur\u00e9thane<\/p>","protected":false},"excerpt":{"rendered":"<p>Bonding Technologie 14 Panel Umwickelte-Gummi-Blase Durch widerstandsf\u00e4hige Oberfl\u00e4che mit Polyurethan-Schicht besonders f\u00fcr Kunstrasen geeignet<\/p>","protected":false},"featured_media":651143,"template":"","meta":[],"product_brand":[],"product_cat":[4175,4209],"product_tag":[],"class_list":{"0":"post-651128","1":"product","2":"type-product","3":"status-publish","4":"has-post-thumbnail","6":"product_cat-baelle","7":"product_cat-zubehoer","8":"pa_brand-jako","9":"pa_brand-type-sportswear","10":"pa_filter-color-weiss","12":"first","13":"instock","14":"sale","15":"taxable","16":"shipping-taxable","17":"purchasable","18":"product-type-variable","19":"add-to-wishlist-before_image"},"exclude_global_add_ons":[],"addons":[],"acf":[],"_links":{"self":[{"href":"https:\/\/shop.kustom.ch\/fr\/wp-json\/wp\/v2\/product\/651128"}],"collection":[{"href":"https:\/\/shop.kustom.ch\/fr\/wp-json\/wp\/v2\/product"}],"about":[{"href":"https:\/\/shop.kustom.ch\/fr\/wp-json\/wp\/v2\/types\/product"}],"wp:featuredmedia":[{"embeddable":true,"href":"https:\/\/shop.kustom.ch\/fr\/wp-json\/wp\/v2\/media\/651143"}],"wp:attachment":[{"href":"https:\/\/shop.kustom.ch\/fr\/wp-json\/wp\/v2\/media?parent=651128"}],"wp:term":[{"taxonomy":"product_brand","embeddable":true,"href":"https:\/\/shop.kustom.ch\/fr\/wp-json\/wp\/v2\/product_brand?post=651128"},{"taxonomy":"product_cat","embeddable":true,"href":"https:\/\/shop.kustom.ch\/fr\/wp-json\/wp\/v2\/product_cat?post=651128"},{"taxonomy":"product_tag","embeddable":true,"href":"https:\/\/shop.kustom.ch\/fr\/wp-json\/wp\/v2\/product_tag?post=651128"}],"curies":[{"name":"wp","href":"https:\/\/api.w.org\/{rel}","templated":true}]}}