{"id":650716,"date":"2025-04-08T04:15:21","date_gmt":"2025-04-08T03:15:21","guid":{"rendered":"https:\/\/shop.kustom.ch\/?post_type=product&#038;p=650716"},"modified":"2026-03-30T14:38:04","modified_gmt":"2026-03-30T13:38:04","slug":"sicherheitsschuhe-footwear-classic-3","status":"publish","type":"product","link":"https:\/\/shop.kustom.ch\/fr\/produit\/sicherheitsschuhe-footwear-classic-3\/","title":{"rendered":"Chaussures de s\u00e9curit\u00e9 FOOTWEAR CLASSIC"},"content":{"rendered":"<p>Ne contient pas de m\u00e9tal. R\u00e9sistant \u00e0 l'eau. Fermeture \u00e0 lacets. Protection des pointes en TPU. Embout de protection en composite. Protection anti-perforation en textile MASCOLAYER\u00ae. Avec articulation multifonctionnelle stabilisante avec mousse de confort int\u00e9gr\u00e9e. Protection des pointes l\u00e9g\u00e8re et inject\u00e9e. Convient pour les travaux \u00e0 genoux. Les semelles int\u00e9rieures amortissant les chocs sont interchangeables, r\u00e9sistantes et ergonomiques. Semelle r\u00e9sistante \u00e0 la chaleur jusqu'\u00e0 140\u00b0C. Profondeur de profil 2,5 mm. Embout de protection arri\u00e8re. Semelle r\u00e9sistante \u00e0 l'huile et \u00e0 l'essence. Semelle ext\u00e9rieure non marquante - ne d\u00e9teint pas. L'humidit\u00e9 est absorb\u00e9e et restitu\u00e9e efficacement. Bord de talon. Test\u00e9 ESD selon EN IEC 61340-4-3 : 2002 + EN IEC 61340-5-1 : 2008.<\/p>\n<p>Classe de s\u00e9curit\u00e9 S3S ; Antid\u00e9rapant (SR) ; Semelle r\u00e9sistante aux huiles et aux hydrocarbures (FO) ; Surchaussure r\u00e9sistante (SC) ; Bord du talon (LG) ; Dissipation de l'\u00e9lectricit\u00e9 statique (ESD) ; EN ISO 20345 : 2022<br \/>\nMicrofibre<br \/>\nTaille 1042 : 615 g<\/p>\n<p><a href=\"https:\/\/mascotsitecore-1ccb8.kxcdn.com\/pdf\/F1006-906-09-de.pdf\" target=\"_blank\" rel=\"noopener\"><u>Ouvrir la fiche produit<\/u><\/a><\/p>","protected":false},"excerpt":{"rendered":"<ul>\n<li>Tissu ext\u00e9rieur hydrofuge et r\u00e9sistant en microfibre \u00e0 mailles serr\u00e9es.<\/li>\n<li>L'embout en composite et la protection de la pointe renforc\u00e9e en TPU offrent la protection n\u00e9cessaire et rendent la chaussure particuli\u00e8rement r\u00e9sistante.<\/li>\n<li>Le bord du talon sous la semelle assure une adh\u00e9rence optimale sur les barreaux d'\u00e9chelle et emp\u00eache de glisser.<\/li>\n<li>Semelle d'usure en PU r\u00e9sistante et antid\u00e9rapante, r\u00e9sistant \u00e0 une chaleur de 140 \u00b0C.<\/li>\n<\/ul>","protected":false},"featured_media":650744,"template":"","meta":[],"product_brand":[],"product_cat":[4197],"product_tag":[],"class_list":{"0":"post-650716","1":"product","2":"type-product","3":"status-publish","4":"has-post-thumbnail","6":"product_cat-schuhe-sandalen","7":"pa_brand-mascot","8":"pa_brand-type-workwear","9":"pa_filter-color-schwarz","11":"first","12":"instock","13":"sale","14":"taxable","15":"shipping-taxable","16":"purchasable","17":"product-type-variable","18":"add-to-wishlist-before_image"},"exclude_global_add_ons":[],"addons":[],"acf":[],"_links":{"self":[{"href":"https:\/\/shop.kustom.ch\/fr\/wp-json\/wp\/v2\/product\/650716"}],"collection":[{"href":"https:\/\/shop.kustom.ch\/fr\/wp-json\/wp\/v2\/product"}],"about":[{"href":"https:\/\/shop.kustom.ch\/fr\/wp-json\/wp\/v2\/types\/product"}],"wp:featuredmedia":[{"embeddable":true,"href":"https:\/\/shop.kustom.ch\/fr\/wp-json\/wp\/v2\/media\/650744"}],"wp:attachment":[{"href":"https:\/\/shop.kustom.ch\/fr\/wp-json\/wp\/v2\/media?parent=650716"}],"wp:term":[{"taxonomy":"product_brand","embeddable":true,"href":"https:\/\/shop.kustom.ch\/fr\/wp-json\/wp\/v2\/product_brand?post=650716"},{"taxonomy":"product_cat","embeddable":true,"href":"https:\/\/shop.kustom.ch\/fr\/wp-json\/wp\/v2\/product_cat?post=650716"},{"taxonomy":"product_tag","embeddable":true,"href":"https:\/\/shop.kustom.ch\/fr\/wp-json\/wp\/v2\/product_tag?post=650716"}],"curies":[{"name":"wp","href":"https:\/\/api.w.org\/{rel}","templated":true}]}}