{"id":650633,"date":"2025-04-08T04:14:57","date_gmt":"2025-04-08T03:14:57","guid":{"rendered":"https:\/\/shop.kustom.ch\/?post_type=product&#038;p=650633"},"modified":"2026-03-30T14:35:53","modified_gmt":"2026-03-30T13:35:53","slug":"shorts-customized-2","status":"publish","type":"product","link":"https:\/\/shop.kustom.ch\/fr\/produit\/shorts-customized-2\/","title":{"rendered":"Short CUSTOMIZED"},"content":{"rendered":"<p>Qualit\u00e9 l\u00e9g\u00e8re. Certaines parties du produit sont en tissu stretch. Pr\u00e9par\u00e9 pour les poches suspendues avec syst\u00e8me Click Pocket. Double et triple coutures rabattues sur les jambes et \u00e0 l'entrejambe. Passants de ceinture. Braguette avec fermeture \u00e0 glissi\u00e8re. Poches sur le devant. Poches arri\u00e8re renforc\u00e9es. Passant pour marteau. Poche pour m\u00e8tre pliant et petite poche ext\u00e9rieure renforc\u00e9es par du tissu CORDURA\u00ae. Poche sur la cuisse avec rabat \u00e0 fermeture magn\u00e9tique.<\/p>\n<p>OEKO-TEX\u00ae STANDARD 100<br \/>\n50% Coton\/50% Polyester<br \/>\nTissu en serg\u00e9. Peut r\u00e9tr\u00e9cir au maximum de 2%.<br \/>\n205 g\/m\u00b2 (1,5 lb)<br \/>\nLinge d\u00e9licat, max. 40\u00b0 C ; Ne pas blanchir ; Ne pas s\u00e9cher au s\u00e8che-linge ; Repasser \u00e0 basse temp\u00e9rature, max. 100\u00b0 C ; Supporte le nettoyage normal<\/p>\n<p><a href=\"https:\/\/mascotsitecore-1ccb8.kxcdn.com\/pdf\/25149-230-010-de.pdf\" target=\"_blank\" rel=\"noopener\"><u>Ouvrir la fiche produit<\/u><\/a><\/p>","protected":false},"excerpt":{"rendered":"<ul>\n<li>Nombreux empi\u00e8cements en mati\u00e8re \u00e9lastique offrant une libert\u00e9 de mouvement unique.<\/li>\n<li>Tissu l\u00e9ger avec une forte teneur en coton. Le pantalon est ainsi optimal pour le travail dans des environnements plus chauds.<\/li>\n<li>Le syst\u00e8me Click Pocket permet de fixer exactement les sacs suspendus souhait\u00e9s.<\/li>\n<\/ul>","protected":false},"featured_media":650634,"template":"","meta":[],"product_brand":[],"product_cat":[4198],"product_tag":[],"class_list":{"0":"post-650633","1":"product","2":"type-product","3":"status-publish","4":"has-post-thumbnail","6":"product_cat-shorts","7":"pa_brand-mascot","8":"pa_brand-type-workwear","9":"pa_filter-color-beige","10":"pa_filter-color-braun","11":"pa_filter-color-grau","12":"pa_filter-color-schwarz","13":"pa_filter-color-weiss","15":"first","16":"instock","17":"sale","18":"taxable","19":"shipping-taxable","20":"purchasable","21":"product-type-variable","22":"add-to-wishlist-before_image"},"exclude_global_add_ons":[],"addons":[],"acf":[],"_links":{"self":[{"href":"https:\/\/shop.kustom.ch\/fr\/wp-json\/wp\/v2\/product\/650633"}],"collection":[{"href":"https:\/\/shop.kustom.ch\/fr\/wp-json\/wp\/v2\/product"}],"about":[{"href":"https:\/\/shop.kustom.ch\/fr\/wp-json\/wp\/v2\/types\/product"}],"wp:featuredmedia":[{"embeddable":true,"href":"https:\/\/shop.kustom.ch\/fr\/wp-json\/wp\/v2\/media\/650634"}],"wp:attachment":[{"href":"https:\/\/shop.kustom.ch\/fr\/wp-json\/wp\/v2\/media?parent=650633"}],"wp:term":[{"taxonomy":"product_brand","embeddable":true,"href":"https:\/\/shop.kustom.ch\/fr\/wp-json\/wp\/v2\/product_brand?post=650633"},{"taxonomy":"product_cat","embeddable":true,"href":"https:\/\/shop.kustom.ch\/fr\/wp-json\/wp\/v2\/product_cat?post=650633"},{"taxonomy":"product_tag","embeddable":true,"href":"https:\/\/shop.kustom.ch\/fr\/wp-json\/wp\/v2\/product_tag?post=650633"}],"curies":[{"name":"wp","href":"https:\/\/api.w.org\/{rel}","templated":true}]}}