{"id":650612,"date":"2025-04-08T04:14:30","date_gmt":"2025-04-08T03:14:30","guid":{"rendered":"https:\/\/shop.kustom.ch\/?post_type=product&#038;p=650612"},"modified":"2026-03-30T12:53:43","modified_gmt":"2026-03-30T11:53:43","slug":"haengetaschen-accelerate-multisafe","status":"publish","type":"product","link":"https:\/\/shop.kustom.ch\/fr\/produit\/haengetaschen-accelerate-multisafe\/","title":{"rendered":"Sacs suspendus ACCELERATE MULTISAFE"},"content":{"rendered":"<p>Set de 2 sacs suspendus. Propri\u00e9t\u00e9s antistatiques, antiacides et ignifuges. Certifi\u00e9 avec tous les pantalons, combinaisons et surv\u00eatements en MASCOT\u00ae ACCELERATE MULTISAFE. Se fixe facilement et individuellement gr\u00e2ce au syst\u00e8me Click Pocket. Nombreuses poches \u00e0 fond ferm\u00e9. L'une des poches suspendues a deux grandes poches spacieuses et une poche \u00e0 fermeture \u00e9clair. L'autre sac suspendu est dot\u00e9 d'une grande poche, de deux poches pour tournevis, de deux poches pour pinces et autres outils et de trois boucles pour les outils. Boucle pour la suspendre apr\u00e8s l'avoir enlev\u00e9e. Dimensions 20 x 25 cm.<br \/>\n44% Modacryl\/30% Coton\/20% Polyamide\/5% Aramide\/1% Fibres de carbone<br \/>\nRipstop.<br \/>\n260 g\/m<br \/>\nLinge d\u00e9licat, max. 40\u00b0 C ; Ne pas blanchir ; Ne pas s\u00e9cher au s\u00e8che-linge ; Ne pas repasser ; Supporte le nettoyage normal<\/p>\n<p><a href=\"https:\/\/mascotsitecore-1ccb8.kxcdn.com\/pdf\/24010-281-010-de.pdf\" target=\"_blank\" rel=\"noopener\"><u>Ouvrir la fiche produit<\/u><\/a><\/p>","protected":false},"excerpt":{"rendered":"<ul>\n<li>Propri\u00e9t\u00e9s antistatiques, antiacides et ignifuges. Certifi\u00e9 avec tous les pantalons, combinaisons et surv\u00eatements en MASCOT\u00ae ACCELERATE MULTISAFE.<\/li>\n<li>Peut \u00eatre fix\u00e9 facilement et individuellement gr\u00e2ce au syst\u00e8me Click Pocket.<\/li>\n<li>Set de deux grands sacs suspendus spacieux.<\/li>\n<\/ul>","protected":false},"featured_media":650613,"template":"","meta":[],"product_brand":[],"product_cat":[10507,4209],"product_tag":[],"class_list":{"0":"post-650612","1":"product","2":"type-product","3":"status-publish","4":"has-post-thumbnail","6":"product_cat-haengetaschen","7":"product_cat-zubehoer","8":"pa_brand-mascot","9":"pa_brand-type-workwear","10":"pa_filter-color-gelb","11":"pa_filter-color-schwarz","13":"first","14":"instock","15":"sale","16":"taxable","17":"shipping-taxable","18":"purchasable","19":"product-type-variable","20":"add-to-wishlist-before_image"},"exclude_global_add_ons":[],"addons":[],"acf":[],"_links":{"self":[{"href":"https:\/\/shop.kustom.ch\/fr\/wp-json\/wp\/v2\/product\/650612"}],"collection":[{"href":"https:\/\/shop.kustom.ch\/fr\/wp-json\/wp\/v2\/product"}],"about":[{"href":"https:\/\/shop.kustom.ch\/fr\/wp-json\/wp\/v2\/types\/product"}],"wp:featuredmedia":[{"embeddable":true,"href":"https:\/\/shop.kustom.ch\/fr\/wp-json\/wp\/v2\/media\/650613"}],"wp:attachment":[{"href":"https:\/\/shop.kustom.ch\/fr\/wp-json\/wp\/v2\/media?parent=650612"}],"wp:term":[{"taxonomy":"product_brand","embeddable":true,"href":"https:\/\/shop.kustom.ch\/fr\/wp-json\/wp\/v2\/product_brand?post=650612"},{"taxonomy":"product_cat","embeddable":true,"href":"https:\/\/shop.kustom.ch\/fr\/wp-json\/wp\/v2\/product_cat?post=650612"},{"taxonomy":"product_tag","embeddable":true,"href":"https:\/\/shop.kustom.ch\/fr\/wp-json\/wp\/v2\/product_tag?post=650612"}],"curies":[{"name":"wp","href":"https:\/\/api.w.org\/{rel}","templated":true}]}}