{"id":650484,"date":"2025-04-08T03:22:53","date_gmt":"2025-04-08T02:22:53","guid":{"rendered":"https:\/\/shop.kustom.ch\/?post_type=product&#038;p=650484"},"modified":"2026-03-30T12:53:07","modified_gmt":"2026-03-30T11:53:07","slug":"overall-mit-knietaschen-accelerate-multisafe","status":"publish","type":"product","link":"https:\/\/shop.kustom.ch\/fr\/produit\/overall-mit-knietaschen-accelerate-multisafe\/","title":{"rendered":"Combinaison avec poches genouill\u00e8res ACCELERATE MULTISAFE"},"content":{"rendered":"<p>Antistatique, ignifuge et avec protection contre les acides. Prot\u00e8ge en cas d'arcs \u00e9lectriques. Certaines parties du produit sont en tissu stretch. Pr\u00e9par\u00e9 pour les poches suspendues avec syst\u00e8me Click Pocket. Fermeture \u00e0 glissi\u00e8re et double rabat de protection contre les intemp\u00e9ries avec fermeture magn\u00e9tique. Poche de poitrine avec fermeture \u00e0 glissi\u00e8re. Double couture rabattue sur les jambes et \u00e0 l'entrejambe. Les jambes du pantalon ont une forme ergonomique. Poches sur le devant. Poches arri\u00e8re renforc\u00e9es et \u00e0 rabat.  Poche m\u00e8tre avec rabat, renforc\u00e9e. Poche sur la cuisse avec poche pour t\u00e9l\u00e9phone portable, rabat et bouton-pression dissimul\u00e9 et porte-carte d'identit\u00e9 int\u00e9gr\u00e9. Porte-carte d'identit\u00e9 amovible. Poches genouill\u00e8res en tissu CORDURA\u00ae, r\u00e9glables en hauteur. R\u00e9glage simple et individuel de la hauteur des poches genouill\u00e8res. Elastique dans le dos. L'entrejambe peut \u00eatre rallong\u00e9 de 3 cm en coupant la couture rouge \u00e0 l'int\u00e9rieur de la jambe. Avec effets d'impression.<\/p>\n<p>OEKO-TEX\u00ae STANDARD 100 ; EN 1149-5 ; EN ISO 11612 (A1, A2, B1, C1, E1, F1) ; EN 13034 (Type 6) ; EN 61482-1-2 APC 1 (torse, devant et manches APC2) ; EN IEC 61482-1-1 (ELIM 10 cal\/cm\u00b2, ATPV 11 cal\/cm\u00b2, zone de si\u00e8ge extensible et dos ELIM 7,7 cal\/cm\u00b2, ATPV 9,5 cal\/cm\u00b2)<br \/>\n44% Modacryl\/30% Coton\/20% Polyamide\/5% Aramide\/1% Fibres de carbone<br \/>\nLe ripstop est un tissu r\u00e9sistant. Le produit est certifi\u00e9 selon la norme EN ISO 20471 comme conservant ses propri\u00e9t\u00e9s apr\u00e8s 50 lavages \u00e0 domicile ou 40 lavages industriels. Pour respecter la norme EN 13034, il est recommand\u00e9 d'appliquer une impr\u00e9gnation d\u00e8s le premier lavage.<br \/>\n260 g\/m<br \/>\nLavage de couleur, max. 60\u00b0 C ; Pas de blanchiment ; Supporte le s\u00e8che-linge - temp\u00e9rature de d\u00e9part max. 80\u00b0 C ; Pas de repassage ; Ne convient pas au nettoyage \u00e0 sec<\/p>\n<p><a href=\"https:\/\/mascotsitecore-1ccb8.kxcdn.com\/pdf\/21519-281-01017-de.pdf\" target=\"_blank\" rel=\"noopener\"><u>Ouvrir la fiche produit<\/u><\/a><\/p>","protected":false},"excerpt":{"rendered":"<ul>\n<li>Haute protection avec des propri\u00e9t\u00e9s antistatiques, antiacides et ignifuges.<\/li>\n<li>Prot\u00e8ge en cas d'arcs \u00e9lectriques.<\/li>\n<li>La combinaison de tissu solide et de stretch vous offre une libert\u00e9 de mouvement suppl\u00e9mentaire.<\/li>\n<li>Ferm\u00e9 sur le c\u00f4t\u00e9.<\/li>\n<li>Renforts en CORDURA\u00ae sur le devant de la jambe - Le stretch sous le mat\u00e9riau CORDURA\u00ae assure la libert\u00e9 de mouvement.<\/li>\n<li>Fixation simple des sacs suspendus gr\u00e2ce au syst\u00e8me Click Pocket.<\/li>\n<li>L'entrejambe peut \u00eatre rallong\u00e9 de 3 cm en coupant la couture rouge \u00e0 l'int\u00e9rieur du bas de la jambe.<\/li>\n<li>Convient pour le lavage industriel.<\/li>\n<\/ul>","protected":false},"featured_media":650486,"template":"","meta":[],"product_brand":[],"product_cat":[10454],"product_tag":[],"class_list":{"0":"post-650484","1":"product","2":"type-product","3":"status-publish","4":"has-post-thumbnail","6":"product_cat-overalls","7":"pa_brand-mascot","8":"pa_brand-type-workwear","9":"pa_filter-color-gelb","10":"pa_filter-color-schwarz","12":"first","13":"instock","14":"sale","15":"taxable","16":"shipping-taxable","17":"purchasable","18":"product-type-variable","19":"add-to-wishlist-before_image"},"exclude_global_add_ons":[],"addons":[],"acf":[],"_links":{"self":[{"href":"https:\/\/shop.kustom.ch\/fr\/wp-json\/wp\/v2\/product\/650484"}],"collection":[{"href":"https:\/\/shop.kustom.ch\/fr\/wp-json\/wp\/v2\/product"}],"about":[{"href":"https:\/\/shop.kustom.ch\/fr\/wp-json\/wp\/v2\/types\/product"}],"wp:featuredmedia":[{"embeddable":true,"href":"https:\/\/shop.kustom.ch\/fr\/wp-json\/wp\/v2\/media\/650486"}],"wp:attachment":[{"href":"https:\/\/shop.kustom.ch\/fr\/wp-json\/wp\/v2\/media?parent=650484"}],"wp:term":[{"taxonomy":"product_brand","embeddable":true,"href":"https:\/\/shop.kustom.ch\/fr\/wp-json\/wp\/v2\/product_brand?post=650484"},{"taxonomy":"product_cat","embeddable":true,"href":"https:\/\/shop.kustom.ch\/fr\/wp-json\/wp\/v2\/product_cat?post=650484"},{"taxonomy":"product_tag","embeddable":true,"href":"https:\/\/shop.kustom.ch\/fr\/wp-json\/wp\/v2\/product_tag?post=650484"}],"curies":[{"name":"wp","href":"https:\/\/api.w.org\/{rel}","templated":true}]}}